{"id":6806,"date":"2016-10-05T13:26:56","date_gmt":"2016-10-05T11:26:56","guid":{"rendered":"http:\/\/www.arttra.info\/wordpress\/de\/?page_id=6806"},"modified":"2021-11-19T18:11:42","modified_gmt":"2021-11-19T17:11:42","slug":"arttra","status":"publish","type":"page","link":"https:\/\/arttra.com\/de\/arttra\/","title":{"rendered":"ARTTRA"},"content":{"rendered":"<p>[et_pb_section fb_built=&#8220;1&#8243; custom_padding_last_edited=&#8220;on|desktop&#8220; admin_label=&#8220;section&#8220; _builder_version=&#8220;3.22&#8243; custom_padding_tablet=&#8220;50px|0|50px|0&#8243; custom_padding_phone=&#8220;&#8220; transparent_background=&#8220;off&#8220; padding_mobile=&#8220;off&#8220;][et_pb_row padding_mobile=&#8220;off&#8220; column_padding_mobile=&#8220;on&#8220; admin_label=&#8220;row&#8220; _builder_version=&#8220;3.25&#8243; background_size=&#8220;initial&#8220; background_position=&#8220;top_left&#8220; background_repeat=&#8220;repeat&#8220;][et_pb_column type=&#8220;4_4&#8243; _builder_version=&#8220;3.25&#8243; custom_padding=&#8220;|||&#8220; custom_padding__hover=&#8220;|||&#8220;][et_pb_divider color=&#8220;#000000&#8243; divider_weight=&#8220;1px&#8220; disabled_on=&#8220;on|on|off&#8220; admin_label=&#8220;Verdeler&#8220; _builder_version=&#8220;3.2&#8243; hide_on_mobile=&#8220;on&#8220;] [\/et_pb_divider][\/et_pb_column][\/et_pb_row][et_pb_row column_structure=&#8220;1_4,3_4&#8243; padding_mobile=&#8220;off&#8220; column_padding_mobile=&#8220;on&#8220; admin_label=&#8220;Rij&#8220; _builder_version=&#8220;3.25&#8243; background_size=&#8220;initial&#8220; background_position=&#8220;top_left&#8220; background_repeat=&#8220;repeat&#8220;][et_pb_column type=&#8220;1_4&#8243; _builder_version=&#8220;3.25&#8243; custom_padding=&#8220;|||&#8220; custom_padding__hover=&#8220;|||&#8220;][et_pb_image src=&#8220;https:\/\/arttra.com\/wp-content\/uploads\/2016\/05\/logo-e1465027457922.png&#8220; align=&#8220;center&#8220; align_tablet=&#8220;center&#8220; align_phone=&#8220;&#8220; align_last_edited=&#8220;on|desktop&#8220; admin_label=&#8220;Afbeelding&#8220; _builder_version=&#8220;3.23&#8243; sticky=&#8220;off&#8220; use_border_color=&#8220;off&#8220; border_color=&#8220;#ffffff&#8220; border_style=&#8220;solid&#8220; saved_tabs=&#8220;all&#8220;] [\/et_pb_image][et_pb_image src=&#8220;https:\/\/arttra.com\/wp-content\/uploads\/2016\/06\/artlo.png&#8220; align_tablet=&#8220;center&#8220; align_phone=&#8220;&#8220; align_last_edited=&#8220;on|desktop&#8220; admin_label=&#8220;Afbeelding&#8220; _builder_version=&#8220;3.23&#8243; sticky=&#8220;off&#8220; use_border_color=&#8220;off&#8220; border_color=&#8220;#ffffff&#8220; border_style=&#8220;solid&#8220; saved_tabs=&#8220;all&#8220;] [\/et_pb_image][\/et_pb_column][et_pb_column type=&#8220;3_4&#8243; _builder_version=&#8220;3.25&#8243; custom_padding=&#8220;|||&#8220; custom_padding__hover=&#8220;|||&#8220;][et_pb_image src=&#8220;https:\/\/arttra.com\/wp-content\/uploads\/2019\/11\/artbi1-2.jpg&#8220; align_tablet=&#8220;center&#8220; align_phone=&#8220;&#8220; align_last_edited=&#8220;on|desktop&#8220; _builder_version=&#8220;3.23&#8243;][\/et_pb_image][\/et_pb_column][\/et_pb_row][et_pb_row column_structure=&#8220;1_4,1_2,1_4&#8243; padding_mobile=&#8220;off&#8220; column_padding_mobile=&#8220;on&#8220; admin_label=&#8220;Rij&#8220; _builder_version=&#8220;3.25&#8243; background_size=&#8220;initial&#8220; background_position=&#8220;top_left&#8220; background_repeat=&#8220;repeat&#8220;][et_pb_column type=&#8220;1_4&#8243; _builder_version=&#8220;3.25&#8243; custom_padding=&#8220;|||&#8220; custom_padding__hover=&#8220;|||&#8220;][et_pb_divider color=&#8220;#000000&#8243; divider_weight=&#8220;1px&#8220; disabled_on=&#8220;on|on|off&#8220; admin_label=&#8220;Verdeler&#8220; _builder_version=&#8220;3.2&#8243; hide_on_mobile=&#8220;on&#8220;] [\/et_pb_divider][et_pb_text admin_label=&#8220;Text&#8220; _builder_version=&#8220;3.27.4&#8243; background_size=&#8220;initial&#8220; background_position=&#8220;top_left&#8220; background_repeat=&#8220;repeat&#8220; use_border_color=&#8220;off&#8220; border_style=&#8220;solid&#8220;] <div class=\"frm_forms  with_frm_style frm_style_formidable-style\" id=\"frm_form_103_container\" data-token=\"975c0b6df5ffcf11f29dacf12ac23e96\">\n<form enctype=\"multipart\/form-data\" method=\"post\" class=\"frm-show-form \" id=\"form_gjyq53\" data-token=\"975c0b6df5ffcf11f29dacf12ac23e96\">\n<div class=\"frm_form_fields \">\n<fieldset>\n<legend class=\"frm_hidden\">newsletter anmeldung<\/legend>\r\n\r\n<div class=\"frm_fields_container\">\n<input type=\"hidden\" name=\"frm_action\" value=\"create\" \/>\n<input type=\"hidden\" name=\"form_id\" value=\"103\" \/>\n<input type=\"hidden\" name=\"frm_hide_fields_103\" id=\"frm_hide_fields_103\" value=\"\" \/>\n<input type=\"hidden\" name=\"form_key\" value=\"gjyq53\" \/>\n<input type=\"hidden\" name=\"item_meta[0]\" value=\"\" \/>\n<input type=\"hidden\" id=\"frm_submit_entry_103\" name=\"frm_submit_entry_103\" value=\"7fbcceccef\" \/><input type=\"hidden\" name=\"_wp_http_referer\" value=\"\/de\/wp-json\/wp\/v2\/pages\/6806\" \/><div id=\"frm_field_1294_container\" class=\"frm_form_field form-field  frm_required_field frm_top_container vertical_radio\">\r\n    <label  class=\"frm_primary_label\">Anmeldung zum gratis Newsletter (Englischer text)\r\n        <span class=\"frm_required\"><\/span>\r\n    <\/label>\r\n    <div class=\"frm_opt_container\">\t\t<div class=\"frm_checkbox\" id=\"frm_checkbox_1294-0\">\t\t\t<label  for=\"field_blif43-0\">\n\t\t\t<input type=\"checkbox\" name=\"item_meta[1294][]\" id=\"field_blif43-0\" value=\"anmeldung\"  data-reqmsg=\"Dit veld mag niet leeg zijn.\" data-invmsg=\"Anmeldung zum gratis Newsletter (Englischer text) ist ung\u00fcltig\" aria-invalid=\"false\"   aria-required=\"true\"  \/> anmeldung<\/label><\/div>\n<\/div>\r\n    \r\n    \r\n<\/div>\n<div id=\"frm_field_1295_container\" class=\"frm_form_field form-field  frm_required_field frm_top_container\">\r\n    <label for=\"field_8boxq3\" class=\"frm_primary_label\">name\r\n        <span class=\"frm_required\">*<\/span>\r\n    <\/label>\r\n    <input type=\"text\" id=\"field_8boxq3\" name=\"item_meta[1295]\" value=\"\"  data-reqmsg=\"Dit veld mag niet leeg zijn.\" aria-required=\"true\" data-invmsg=\"name ist ung\u00fcltig\" aria-invalid=\"false\"  \/>\r\n    \r\n    \r\n<\/div>\n<div id=\"frm_field_1296_container\" class=\"frm_form_field form-field  frm_required_field frm_top_container\">\r\n    <label for=\"field_5cfaa3\" class=\"frm_primary_label\">e-mailadresse\r\n        <span class=\"frm_required\">*<\/span>\r\n    <\/label>\r\n    <input type=\"email\" id=\"field_5cfaa3\" name=\"item_meta[1296]\" value=\"\"  data-reqmsg=\"Dit veld mag niet leeg zijn.\" aria-required=\"true\" data-invmsg=\"E-mailadres is ongeldig\" aria-invalid=\"false\"  \/>\r\n    \r\n    \r\n<\/div>\n<div id=\"frm_field_6253_container\" class=\"frm_form_field form-field  frm_none_container\">\n\t<label for=\"g-recaptcha-response\" id=\"field_9gmuu_label\" class=\"frm_primary_label\">Captcha\n\t\t<span class=\"frm_required\" aria-hidden=\"true\"><\/span>\n\t<\/label>\n\t<div  id=\"field_9gmuu\" class=\"frm-g-recaptcha\" data-sitekey=\"6LfILLgpAAAAAPO8E1NOjgLSVAZ5t-S0KD13ZQX4\" data-size=\"invisible\" data-theme=\"light\"><\/div>\n\t\n\t\n<\/div>\n<div id=\"frm_field_6252_container\" class=\"frm_form_field form-field \">\n\t<div class=\"frm_submit\">\r\n\r\n<input type=\"submit\" value=\"Verzenden\"  \/>\r\n<img decoding=\"async\" class=\"frm_ajax_loading\" src=\"https:\/\/arttra.com\/wp-content\/plugins\/formidable\/images\/ajax_loader.gif\" alt=\"Bezig met versturen\"\/>\r\n\r\n<\/div>\n<\/div>\n\t<input type=\"hidden\" name=\"item_key\" value=\"\" \/>\n\t\t\t\t<div class=\"frm__65d9c45751049\">\n\t\t\t\t<label for=\"frm_email_103\" >\n\t\t\t\t\tFalls Du menschlich bist, lasse dieses Feld leer.\t\t\t\t<\/label>\n\t\t\t\t<input  id=\"frm_email_103\" type=\"email\" class=\"frm_verify\" name=\"frm__65d9c45751049\" value=\"\"  \/>\n\t\t\t<\/div>\n\t\t<\/div>\n<\/fieldset>\n<\/div>\n\n<\/form>\n<\/div>\n [\/et_pb_text][\/et_pb_column][et_pb_column type=&#8220;1_2&#8243; _builder_version=&#8220;3.25&#8243; custom_padding=&#8220;|||&#8220; custom_padding__hover=&#8220;|||&#8220;][et_pb_blurb admin_label=&#8220;Blurb&#8220; _builder_version=&#8220;3.0.87&#8243; background_color=&#8220;#ad8b38&#8243; background_size=&#8220;initial&#8220; background_position=&#8220;top_left&#8220; background_repeat=&#8220;repeat&#8220; background_layout=&#8220;dark&#8220; custom_margin=&#8220;5px|5px|5px|&#8220; custom_padding=&#8220;5px|5px||8px&#8220; use_border_color=&#8220;off&#8220; border_color=&#8220;#ffffff&#8220; border_width=&#8220;1px&#8220; border_style=&#8220;solid&#8220; saved_tabs=&#8220;all&#8220;]<\/p>\n<h2 style=\"text-align: center;\">Uber\u00a0ARTTRA<\/h2>\n<p>[\/et_pb_blurb][et_pb_divider show_divider=&#8220;off&#8220; disabled_on=&#8220;on|on|off&#8220; admin_label=&#8220;Verdeler&#8220; _builder_version=&#8220;3.2&#8243; hide_on_mobile=&#8220;on&#8220;] [\/et_pb_divider][et_pb_text admin_label=&#8220;Tekst&#8220; _builder_version=&#8220;3.27.4&#8243; background_size=&#8220;initial&#8220; background_position=&#8220;top_left&#8220; background_repeat=&#8220;repeat&#8220; use_border_color=&#8220;off&#8220; border_style=&#8220;solid&#8220;]<span class=\"style8\"><strong>Seit 1991, gilt ARTTRA als eine fachkundige und flexible Organisation f\u00fcr kulturelle Programme, die f\u00fcr Betriebe, Institutionen und Privatpersonen perfekt zugeschnitten sind.<\/strong>\u00a0 \u00a0\u00a0<\/span><\/p>\n<p>ARTTRA\u00a0<span class=\"hoofdtekst\">garantiert<\/span><span class=\"style12\">\u00a0<\/span><span class=\"hoofdtekst\">einen<\/span>\u00a0<span class=\"hoofdtekst\">hohen Qualit\u00e4tsstandard und arbeitet ausschlie\u00dflich mit hochqualifizierten Fachleuten zusammen, mit Kunsthistorikern und anderen Spezialisten sowohl bei der Organisation<\/span>\u00a0<span class=\"hoofdtekst\">als auch bei der Ausf\u00fchrung der Programme.<\/span>\u00a0<span class=\"style10\">M\u00f6chte man gesch\u00e4ftlichen oder privaten G\u00e4sten ein kulturelles Programm von Niveau und eine besondere Erfahrung bieten, dann ist ARTTRA die seit Jahren bew\u00e4hrte und angewiesene Adresse, sei es f\u00fcr einen<\/span><span class=\"style13\">\u00a0<\/span><span class=\"style10\">Gesch\u00e4ftsempfang auf Direktionsebene, einen externen Empfang, einen Architekturtag f\u00fcr einen\u00a0<\/span><span class=\"style10\">Kunstverein ein Malworkshop oder ein Wochenende in Barcelona, ARTTRA sorgt f\u00fcr ein sch\u00f6nes Konzept und f\u00fcr fachkundige und sorgf\u00e4ltige Ausf\u00fchrung.<\/span><\/p>\n<p>Kurz, ARTTRA bietet Programme:<\/p>\n<ul>\n<li>Unter kunsthistorischer oder anderw\u00e4rtig spezialisierter Begleitung in \u00a0 kleinen Gruppen und in vielen Sprachen: niederl\u00e4ndisch, franz\u00f6sisch, \u00a0 deutsch, englisch, italienisch, spanisch, portugiesisch, russisch, japanisch oder chinesisch;<\/li>\n<li>Lose Module wie Museumsf\u00fchrungen und Thema-Kanalrundfahrten, die das Interessante mit dem Angenehmen verbinden;<\/li>\n<li>Gut versorgte Mahlzeiten (Diner oder Lunch) in einer besonderen Umgebung mit Musik, Theater oder anderen kulturellen Intermezzi;<\/li>\n<li>Mit Bef\u00f6rderung per Boot und\/oder Taxi, oder Bus;<\/li>\n<li>An allen Wochentagen tags\u00fcber oder auch abends.<\/li>\n<\/ul>\n<p>[\/et_pb_text][et_pb_divider color=&#8220;#ad8b38&#8243; divider_position=&#8220;center&#8220; divider_weight=&#8220;1px&#8220; disabled_on=&#8220;on|on|off&#8220; admin_label=&#8220;Verdeler&#8220; _builder_version=&#8220;3.2&#8243; height=&#8220;6px&#8220; hide_on_mobile=&#8220;on&#8220; saved_tabs=&#8220;all&#8220;] [\/et_pb_divider][et_pb_text admin_label=&#8220;Tekst&#8220; _builder_version=&#8220;3.27.4&#8243; background_size=&#8220;initial&#8220; background_position=&#8220;top_left&#8220; background_repeat=&#8220;repeat&#8220; use_border_color=&#8220;off&#8220; border_style=&#8220;solid&#8220;]<span class=\"ARTCopy\"><span class=\"klein\"><strong>ARTTRA\u00a0<\/strong><\/span><\/span><strong>arbeitet f\u00fcr:<\/strong><\/p>\n<p>ABNAMRO, Alcon, Akzo Nobel, American Express, AstraZeneca, ATPI, Bank ten Cate, Bonar Technical Fabrics, CAK, Cartier, Ciba Vision Benelux, Bols, Delta Lloyd, Dr\u00e4ger Safety Nederland, DSM, \u00a0EYE Filminstituut Nederland, FHV\/BBDO, Fluor, Fotovakschool, FrieslandCampina, Gemeente Amsterdam, Germerott Innenausbau, Givaudan, Google, G-Star Raw, \u00a0Heineken, Helvetia Versicherungen, Herm\u00e8s Benelux, Hotel de l&#8217;Europe, Houthoff Buruma, IDFA, ING Groep, Kempen &amp; Co, KLM, Koninklijke Marechaussee, KPMG, Linklaters, McCann, McKinsey &amp; Company, Microsoft, Moooi, De Nederlandsche Bank, Nyse Euronext, van Oord, Philips, Rabobank Nederland, Robeco, Rembrandthuis, Rijksmuseum, Shell, SimCorp, SMSMeer Group, Sportfondsen, Tata Steel, Tebodin, Unilever, Van Gogh Museum, Vescom, Vlisco, VGZ, viele Botschaften, Gemeinden, Ministeriums, Universit\u00e4ten, Schulen und Museen.<br \/>\n[\/et_pb_text][\/et_pb_column][et_pb_column type=&#8220;1_4&#8243; _builder_version=&#8220;3.25&#8243; custom_padding=&#8220;|||&#8220; custom_padding__hover=&#8220;|||&#8220;][et_pb_text admin_label=&#8220;Text&#8220; _builder_version=&#8220;4.1&#8243; text_font_size=&#8220;15&#8243; background_size=&#8220;initial&#8220; background_position=&#8220;top_left&#8220; background_repeat=&#8220;repeat&#8220; use_border_color=&#8220;off&#8220; border_color=&#8220;#ffffff&#8220; border_style=&#8220;solid&#8220; global_module=&#8220;9423&#8243; saved_tabs=&#8220;all&#8220;]<\/p>\n<p><a href=\"https:\/\/www.facebook.com\/ARTTRA-cultureel-organisatiebureau-275685358514\/\" target=\"_blank\" rel=\"attachment noopener wp-att-6509 noreferrer\"><img loading=\"lazy\" decoding=\"async\" class=\"size-full wp-image-6509 alignleft\" src=\"http:\/\/www.arttra.com\/wp-content\/uploads\/2016\/08\/fbo-e1472205236232.png\" alt=\"fbo\" width=\"40\" height=\"40\" \/><\/a>\u00a0\u00a0<a href=\"https:\/\/mobile.twitter.com\/ARTTRA_NL\" target=\"_blank\" rel=\"attachment noopener wp-att-6510 noreferrer\"><img loading=\"lazy\" decoding=\"async\" class=\"size-full wp-image-6510 alignleft\" src=\"http:\/\/www.arttra.com\/wp-content\/uploads\/2016\/08\/twi-e1472205290463.png\" alt=\"twi\" width=\"40\" height=\"40\" \/><\/a><\/p>\n<p> <strong>ARTTRA<\/p>\n<p> Kulturell Organisationsb\u00fcro<\/strong><\/p>\n<p> Tweede Boomdwarsstraat 4<\/p>\n<p> 1015 LK Amsterdam<\/p>\n<p> tel +31 (0) 20 6259303<\/p>\n<p>Er\u00f6ffnung des B\u00fcros<\/p>\n<p> von\u00a010:00 bis 17:00<\/p>\n<p> <a href=\"mailto:info@arttra.nl\">info@arttra.com<\/a><\/p>\n<p>[\/et_pb_text][\/et_pb_column][\/et_pb_row][\/et_pb_section]<\/p>\n","protected":false},"excerpt":{"rendered":"<p><div class=\"frm_forms  with_frm_style frm_style_formidable-style\" id=\"frm_form_103_container\" data-token=\"975c0b6df5ffcf11f29dacf12ac23e96\" data-token=\"975c0b6df5ffcf11f29dacf12ac23e96\">\n<form enctype=\"multipart\/form-data\" method=\"post\" class=\"frm-show-form \" id=\"form_gjyq53\" data-token=\"975c0b6df5ffcf11f29dacf12ac23e96\" data-token=\"975c0b6df5ffcf11f29dacf12ac23e96\">\n<div class=\"frm_form_fields \">\n<fieldset>\n<legend class=\"frm_hidden\">newsletter anmeldung<\/legend>\r\n\r\n<div class=\"frm_fields_container\">\n<input type=\"hidden\" name=\"frm_action\" value=\"create\" \/>\n<input type=\"hidden\" name=\"form_id\" value=\"103\" \/>\n<input type=\"hidden\" name=\"frm_hide_fields_103\" id=\"frm_hide_fields_103\" value=\"\" \/>\n<input type=\"hidden\" name=\"form_key\" value=\"gjyq53\" \/>\n<input type=\"hidden\" name=\"item_meta[0]\" value=\"\" \/>\n<input type=\"hidden\" id=\"frm_submit_entry_103\" name=\"frm_submit_entry_103\" value=\"7fbcceccef\" \/><input type=\"hidden\" name=\"_wp_http_referer\" value=\"\/de\/wp-json\/wp\/v2\/pages\/6806\" \/><div id=\"frm_field_1294_container\" class=\"frm_form_field form-field  frm_required_field frm_top_container vertical_radio\">\r\n    <label  class=\"frm_primary_label\">Anmeldung zum gratis Newsletter (Englischer text)\r\n        <span class=\"frm_required\"><\/span>\r\n    <\/label>\r\n    <div class=\"frm_opt_container\">\t\t<div class=\"frm_checkbox\" id=\"frm_checkbox_1294-0\">\t\t\t<label  for=\"field_blif43-0\">\n\t\t\t<input type=\"checkbox\" name=\"item_meta[1294][]\" id=\"field_blif43-0\" value=\"anmeldung\"  data-reqmsg=\"Dit veld mag niet leeg zijn.\" data-invmsg=\"Anmeldung zum gratis Newsletter (Englischer text) ist ung\u00fcltig\" aria-invalid=\"false\"   aria-required=\"true\"  \/> anmeldung<\/label><\/div>\n<\/div>\r\n    \r\n    \r\n<\/div>\n<div id=\"frm_field_1295_container\" class=\"frm_form_field form-field  frm_required_field frm_top_container\">\r\n    <label for=\"field_8boxq3\" class=\"frm_primary_label\">name\r\n        <span class=\"frm_required\">*<\/span>\r\n    <\/label>\r\n    <input type=\"text\" id=\"field_8boxq3\" name=\"item_meta[1295]\" value=\"\"  data-reqmsg=\"Dit veld mag niet leeg zijn.\" aria-required=\"true\" data-invmsg=\"name ist ung\u00fcltig\" aria-invalid=\"false\"  \/>\r\n    \r\n    \r\n<\/div>\n<div id=\"frm_field_1296_container\" class=\"frm_form_field form-field  frm_required_field frm_top_container\">\r\n    <label for=\"field_5cfaa3\" class=\"frm_primary_label\">e-mailadresse\r\n        <span class=\"frm_required\">*<\/span>\r\n    <\/label>\r\n    <input type=\"email\" id=\"field_5cfaa3\" name=\"item_meta[1296]\" value=\"\"  data-reqmsg=\"Dit veld mag niet leeg zijn.\" aria-required=\"true\" data-invmsg=\"E-mailadres is ongeldig\" aria-invalid=\"false\"  \/>\r\n    \r\n    \r\n<\/div>\n<div id=\"frm_field_6253_container\" class=\"frm_form_field form-field  frm_none_container\">\n\t<label for=\"g-recaptcha-response\" id=\"field_9gmuu_label\" class=\"frm_primary_label\">Captcha\n\t\t<span class=\"frm_required\" aria-hidden=\"true\"><\/span>\n\t<\/label>\n\t<div  id=\"field_9gmuu\" class=\"frm-g-recaptcha\" data-sitekey=\"6LfILLgpAAAAAPO8E1NOjgLSVAZ5t-S0KD13ZQX4\" data-size=\"invisible\" data-theme=\"light\"><\/div>\n\t\n\t\n<\/div>\n<div id=\"frm_field_6252_container\" class=\"frm_form_field form-field \">\n\t<div class=\"frm_submit\">\r\n\r\n<input type=\"submit\" value=\"Verzenden\"  \/>\r\n<img decoding=\"async\" class=\"frm_ajax_loading\" src=\"https:\/\/arttra.com\/wp-content\/plugins\/formidable\/images\/ajax_loader.gif\" alt=\"Bezig met versturen\"\/>\r\n\r\n<\/div>\n<\/div>\n\t<input type=\"hidden\" name=\"item_key\" value=\"\" \/>\n\t\t\t\t<div class=\"frm__65d9c45751049\">\n\t\t\t\t<label for=\"frm_email_103\" >\n\t\t\t\t\tFalls Du menschlich bist, lasse dieses Feld leer.\t\t\t\t<\/label>\n\t\t\t\t<input  id=\"frm_email_103\" type=\"email\" class=\"frm_verify\" name=\"frm__65d9c45751049\" value=\"\"  \/>\n\t\t\t<\/div>\n\t\t<\/div>\n<\/fieldset>\n<\/div>\n\n<\/form>\n<\/div>\n Uber\u00a0ARTTRA Seit 1991, gilt ARTTRA als eine fachkundige und flexible Organisation f\u00fcr kulturelle Programme, die f\u00fcr Betriebe, Institutionen und Privatpersonen perfekt zugeschnitten sind.\u00a0 \u00a0\u00a0 ARTTRA\u00a0garantiert\u00a0einen\u00a0hohen Qualit\u00e4tsstandard und arbeitet ausschlie\u00dflich mit hochqualifizierten Fachleuten zusammen, mit Kunsthistorikern und anderen Spezialisten sowohl bei der Organisation\u00a0als auch bei der Ausf\u00fchrung der Programme.\u00a0M\u00f6chte man gesch\u00e4ftlichen oder privaten G\u00e4sten [&hellip;]<\/p>\n","protected":false},"author":5,"featured_media":0,"parent":0,"menu_order":0,"comment_status":"closed","ping_status":"closed","template":"","meta":{"_et_pb_use_builder":"on","_et_pb_old_content":"","_et_gb_content_width":"","footnotes":""},"class_list":["post-6806","page","type-page","status-publish","hentry"],"yoast_head":"<!-- This site is optimized with the Yoast SEO plugin v24.4 - https:\/\/yoast.com\/wordpress\/plugins\/seo\/ -->\n<title>ARTTRA<\/title>\n<meta name=\"robots\" content=\"index, follow, max-snippet:-1, max-image-preview:large, max-video-preview:-1\" \/>\n<link rel=\"canonical\" href=\"https:\/\/arttra.com\/arttra\/\" \/>\n<meta property=\"og:locale\" content=\"de_DE\" \/>\n<meta property=\"og:type\" content=\"article\" \/>\n<meta property=\"og:title\" content=\"ARTTRA\" \/>\n<meta property=\"og:description\" content=\"Uber\u00a0ARTTRA Seit 1991, gilt ARTTRA als eine fachkundige und flexible Organisation f\u00fcr kulturelle Programme, die f\u00fcr Betriebe, Institutionen und Privatpersonen perfekt zugeschnitten sind.\u00a0 \u00a0\u00a0 ARTTRA\u00a0garantiert\u00a0einen\u00a0hohen Qualit\u00e4tsstandard und arbeitet ausschlie\u00dflich mit hochqualifizierten Fachleuten zusammen, mit Kunsthistorikern und anderen Spezialisten sowohl bei der Organisation\u00a0als auch bei der Ausf\u00fchrung der Programme.\u00a0M\u00f6chte man gesch\u00e4ftlichen oder privaten G\u00e4sten [&hellip;]\" \/>\n<meta property=\"og:url\" content=\"https:\/\/arttra.com\/arttra\/\" \/>\n<meta property=\"og:site_name\" content=\"www.arttra.com\" \/>\n<meta property=\"article:publisher\" content=\"https:\/\/www.facebook.com\/ARTTRA-cultureel-organisatiebureau-275685358514\" \/>\n<meta property=\"article:modified_time\" content=\"2021-11-19T17:11:42+00:00\" \/>\n<meta property=\"og:image\" content=\"http:\/\/www.arttra.com\/wp-content\/uploads\/2016\/08\/fbo-e1472205236232.png\" \/>\n<meta name=\"twitter:card\" content=\"summary_large_image\" \/>\n<meta name=\"twitter:site\" content=\"@ARTTRA_NL\" \/>\n<meta name=\"twitter:label1\" content=\"Gesch\u00e4tzte Lesezeit\" \/>\n\t<meta name=\"twitter:data1\" content=\"5\u00a0Minuten\" \/>\n<script type=\"application\/ld+json\" class=\"yoast-schema-graph\">{\"@context\":\"https:\/\/schema.org\",\"@graph\":[{\"@type\":\"WebPage\",\"@id\":\"https:\/\/arttra.com\/arttra\/\",\"url\":\"https:\/\/arttra.com\/arttra\/\",\"name\":\"ARTTRA\",\"isPartOf\":{\"@id\":\"https:\/\/arttra.com\/#website\"},\"primaryImageOfPage\":{\"@id\":\"https:\/\/arttra.com\/arttra\/#primaryimage\"},\"image\":{\"@id\":\"https:\/\/arttra.com\/arttra\/#primaryimage\"},\"thumbnailUrl\":\"http:\/\/www.arttra.com\/wp-content\/uploads\/2016\/08\/fbo-e1472205236232.png\",\"datePublished\":\"2016-10-05T11:26:56+00:00\",\"dateModified\":\"2021-11-19T17:11:42+00:00\",\"breadcrumb\":{\"@id\":\"https:\/\/arttra.com\/arttra\/#breadcrumb\"},\"inLanguage\":\"de\",\"potentialAction\":[{\"@type\":\"ReadAction\",\"target\":[\"https:\/\/arttra.com\/arttra\/\"]}]},{\"@type\":\"ImageObject\",\"inLanguage\":\"de\",\"@id\":\"https:\/\/arttra.com\/arttra\/#primaryimage\",\"url\":\"http:\/\/www.arttra.com\/wp-content\/uploads\/2016\/08\/fbo-e1472205236232.png\",\"contentUrl\":\"http:\/\/www.arttra.com\/wp-content\/uploads\/2016\/08\/fbo-e1472205236232.png\"},{\"@type\":\"BreadcrumbList\",\"@id\":\"https:\/\/arttra.com\/arttra\/#breadcrumb\",\"itemListElement\":[{\"@type\":\"ListItem\",\"position\":1,\"name\":\"Home\",\"item\":\"https:\/\/arttra.com\/\"},{\"@type\":\"ListItem\",\"position\":2,\"name\":\"ARTTRA\"}]},{\"@type\":\"WebSite\",\"@id\":\"https:\/\/arttra.com\/#website\",\"url\":\"https:\/\/arttra.com\/\",\"name\":\"www.arttra.com\",\"description\":\"ARTTRA cultureel organisatiebureau\",\"potentialAction\":[{\"@type\":\"SearchAction\",\"target\":{\"@type\":\"EntryPoint\",\"urlTemplate\":\"https:\/\/arttra.com\/?s={search_term_string}\"},\"query-input\":{\"@type\":\"PropertyValueSpecification\",\"valueRequired\":true,\"valueName\":\"search_term_string\"}}],\"inLanguage\":\"de\"}]}<\/script>\n<!-- \/ Yoast SEO plugin. -->","yoast_head_json":{"title":"ARTTRA","robots":{"index":"index","follow":"follow","max-snippet":"max-snippet:-1","max-image-preview":"max-image-preview:large","max-video-preview":"max-video-preview:-1"},"canonical":"https:\/\/arttra.com\/arttra\/","og_locale":"de_DE","og_type":"article","og_title":"ARTTRA","og_description":"Uber\u00a0ARTTRA Seit 1991, gilt ARTTRA als eine fachkundige und flexible Organisation f\u00fcr kulturelle Programme, die f\u00fcr Betriebe, Institutionen und Privatpersonen perfekt zugeschnitten sind.\u00a0 \u00a0\u00a0 ARTTRA\u00a0garantiert\u00a0einen\u00a0hohen Qualit\u00e4tsstandard und arbeitet ausschlie\u00dflich mit hochqualifizierten Fachleuten zusammen, mit Kunsthistorikern und anderen Spezialisten sowohl bei der Organisation\u00a0als auch bei der Ausf\u00fchrung der Programme.\u00a0M\u00f6chte man gesch\u00e4ftlichen oder privaten G\u00e4sten [&hellip;]","og_url":"https:\/\/arttra.com\/arttra\/","og_site_name":"www.arttra.com","article_publisher":"https:\/\/www.facebook.com\/ARTTRA-cultureel-organisatiebureau-275685358514","article_modified_time":"2021-11-19T17:11:42+00:00","og_image":[{"url":"http:\/\/www.arttra.com\/wp-content\/uploads\/2016\/08\/fbo-e1472205236232.png","type":"","width":"","height":""}],"twitter_card":"summary_large_image","twitter_site":"@ARTTRA_NL","twitter_misc":{"Gesch\u00e4tzte Lesezeit":"5\u00a0Minuten"},"schema":{"@context":"https:\/\/schema.org","@graph":[{"@type":"WebPage","@id":"https:\/\/arttra.com\/arttra\/","url":"https:\/\/arttra.com\/arttra\/","name":"ARTTRA","isPartOf":{"@id":"https:\/\/arttra.com\/#website"},"primaryImageOfPage":{"@id":"https:\/\/arttra.com\/arttra\/#primaryimage"},"image":{"@id":"https:\/\/arttra.com\/arttra\/#primaryimage"},"thumbnailUrl":"http:\/\/www.arttra.com\/wp-content\/uploads\/2016\/08\/fbo-e1472205236232.png","datePublished":"2016-10-05T11:26:56+00:00","dateModified":"2021-11-19T17:11:42+00:00","breadcrumb":{"@id":"https:\/\/arttra.com\/arttra\/#breadcrumb"},"inLanguage":"de","potentialAction":[{"@type":"ReadAction","target":["https:\/\/arttra.com\/arttra\/"]}]},{"@type":"ImageObject","inLanguage":"de","@id":"https:\/\/arttra.com\/arttra\/#primaryimage","url":"http:\/\/www.arttra.com\/wp-content\/uploads\/2016\/08\/fbo-e1472205236232.png","contentUrl":"http:\/\/www.arttra.com\/wp-content\/uploads\/2016\/08\/fbo-e1472205236232.png"},{"@type":"BreadcrumbList","@id":"https:\/\/arttra.com\/arttra\/#breadcrumb","itemListElement":[{"@type":"ListItem","position":1,"name":"Home","item":"https:\/\/arttra.com\/"},{"@type":"ListItem","position":2,"name":"ARTTRA"}]},{"@type":"WebSite","@id":"https:\/\/arttra.com\/#website","url":"https:\/\/arttra.com\/","name":"www.arttra.com","description":"ARTTRA cultureel organisatiebureau","potentialAction":[{"@type":"SearchAction","target":{"@type":"EntryPoint","urlTemplate":"https:\/\/arttra.com\/?s={search_term_string}"},"query-input":{"@type":"PropertyValueSpecification","valueRequired":true,"valueName":"search_term_string"}}],"inLanguage":"de"}]}},"_links":{"self":[{"href":"https:\/\/arttra.com\/de\/wp-json\/wp\/v2\/pages\/6806","targetHints":{"allow":["GET"]}}],"collection":[{"href":"https:\/\/arttra.com\/de\/wp-json\/wp\/v2\/pages"}],"about":[{"href":"https:\/\/arttra.com\/de\/wp-json\/wp\/v2\/types\/page"}],"author":[{"embeddable":true,"href":"https:\/\/arttra.com\/de\/wp-json\/wp\/v2\/users\/5"}],"replies":[{"embeddable":true,"href":"https:\/\/arttra.com\/de\/wp-json\/wp\/v2\/comments?post=6806"}],"version-history":[{"count":4,"href":"https:\/\/arttra.com\/de\/wp-json\/wp\/v2\/pages\/6806\/revisions"}],"predecessor-version":[{"id":25986,"href":"https:\/\/arttra.com\/de\/wp-json\/wp\/v2\/pages\/6806\/revisions\/25986"}],"wp:attachment":[{"href":"https:\/\/arttra.com\/de\/wp-json\/wp\/v2\/media?parent=6806"}],"curies":[{"name":"wp","href":"https:\/\/api.w.org\/{rel}","templated":true}]}}