{"id":6845,"date":"2016-07-05T11:28:58","date_gmt":"2016-07-05T09:28:58","guid":{"rendered":"http:\/\/www.arttra.info\/wordpress\/de\/home\/"},"modified":"2021-03-01T16:26:57","modified_gmt":"2021-03-01T15:26:57","slug":"home","status":"publish","type":"page","link":"https:\/\/arttra.com\/de\/","title":{"rendered":"Home"},"content":{"rendered":"<p>[et_pb_section fb_built=&#8220;1&#8243; admin_label=&#8220;section&#8220; _builder_version=&#8220;3.22&#8243;][et_pb_row admin_label=&#8220;row&#8220; _builder_version=&#8220;3.25&#8243; background_size=&#8220;initial&#8220; background_position=&#8220;top_left&#8220; background_repeat=&#8220;repeat&#8220;][et_pb_column type=&#8220;4_4&#8243; _builder_version=&#8220;3.25&#8243; custom_padding=&#8220;|||&#8220; custom_padding__hover=&#8220;|||&#8220;][et_pb_divider color=&#8220;#000000&#8243; disabled_on=&#8220;on|on|off&#8220; admin_label=&#8220;Verdeler&#8220; _builder_version=&#8220;3.2&#8243; hide_on_mobile=&#8220;on&#8220;][\/et_pb_divider][\/et_pb_column][\/et_pb_row][et_pb_row column_structure=&#8220;1_4,3_4&#8243; admin_label=&#8220;Rij&#8220; _builder_version=&#8220;3.25&#8243; background_size=&#8220;initial&#8220; background_position=&#8220;top_left&#8220; background_repeat=&#8220;repeat&#8220;][et_pb_column type=&#8220;1_4&#8243; _builder_version=&#8220;3.25&#8243; custom_padding=&#8220;|||&#8220; custom_padding__hover=&#8220;|||&#8220;][et_pb_image src=&#8220;http:\/\/arttra.com\/wp-content\/uploads\/2016\/05\/logo-e1465027457922.png&#8220; alt=&#8220;kulturelle Programme&#8220; align=&#8220;center&#8220; align_tablet=&#8220;center&#8220; align_phone=&#8220;&#8220; align_last_edited=&#8220;on|desktop&#8220; admin_label=&#8220;Afbeelding&#8220; _builder_version=&#8220;3.23&#8243; sticky=&#8220;off&#8220;][\/et_pb_image][et_pb_image src=&#8220;http:\/\/arttra.com\/wp-content\/uploads\/2016\/06\/logogoed.png&#8220; alt=&#8220;kulturelle Programme&#8220; align_tablet=&#8220;center&#8220; align_phone=&#8220;&#8220; align_last_edited=&#8220;on|desktop&#8220; admin_label=&#8220;Afbeelding&#8220; _builder_version=&#8220;3.23&#8243; sticky=&#8220;off&#8220;][\/et_pb_image][\/et_pb_column][et_pb_column type=&#8220;3_4&#8243; _builder_version=&#8220;3.25&#8243; custom_padding=&#8220;|||&#8220; custom_padding__hover=&#8220;|||&#8220;][et_pb_slider show_arrows=&#8220;off&#8220; show_pagination=&#8220;off&#8220; admin_label=&#8220;Slider&#8220; _builder_version=&#8220;3.16&#8243; header_font=&#8220;Open Sans Light||||&#8220; header_font_size=&#8220;36&#8243; body_line_height=&#8220;1.7000000000000002em&#8220; custom_padding=&#8220;80px|0px|80px|0px&#8220; custom_padding_tablet=&#8220;|||&#8220; custom_padding_phone=&#8220;|||&#8220; auto=&#8220;on&#8220; box_shadow_style=&#8220;preset6&#8243; box_shadow_blur=&#8220;10px&#8220; box_shadow_color=&#8220;rgba(0,0,0,0.1)&#8220; top_padding=&#8220;80px&#8220; bottom_padding=&#8220;80px&#8220; remove_inner_shadow=&#8220;off&#8220; hide_content_on_mobile=&#8220;off&#8220; hide_cta_on_mobile=&#8220;off&#8220; show_inner_shadow=&#8220;on&#8220; button_text_size__hover_enabled=&#8220;off&#8220; button_one_text_size__hover_enabled=&#8220;off&#8220; button_two_text_size__hover_enabled=&#8220;off&#8220; button_text_color__hover_enabled=&#8220;off&#8220; button_one_text_color__hover_enabled=&#8220;off&#8220; button_two_text_color__hover_enabled=&#8220;off&#8220; button_border_width__hover_enabled=&#8220;off&#8220; button_one_border_width__hover_enabled=&#8220;off&#8220; button_two_border_width__hover_enabled=&#8220;off&#8220; button_border_color__hover_enabled=&#8220;off&#8220; button_one_border_color__hover_enabled=&#8220;off&#8220; button_two_border_color__hover_enabled=&#8220;off&#8220; button_border_radius__hover_enabled=&#8220;off&#8220; button_one_border_radius__hover_enabled=&#8220;off&#8220; button_two_border_radius__hover_enabled=&#8220;off&#8220; button_letter_spacing__hover_enabled=&#8220;off&#8220; button_one_letter_spacing__hover_enabled=&#8220;off&#8220; button_two_letter_spacing__hover_enabled=&#8220;off&#8220; button_bg_color__hover_enabled=&#8220;off&#8220; button_one_bg_color__hover_enabled=&#8220;off&#8220; button_two_bg_color__hover_enabled=&#8220;off&#8220;][et_pb_slide heading=&#8220;kulturellen Einnahmen&#8220; use_bg_overlay=&#8220;off&#8220; use_text_overlay=&#8220;off&#8220; _builder_version=&#8220;3.16&#8243; header_font=&#8220;||||&#8220; header_font_size=&#8220;35&#8243; body_font=&#8220;||||&#8220; background_color=&#8220;#ffffff&#8220; background_image=&#8220;http:\/\/arttra.com\/wp-content\/uploads\/2016\/07\/tuinvanloon.jpg&#8220; button_icon_placement=&#8220;right&#8220; button_on_hover=&#8220;on&#8220; header_font_size_tablet=&#8220;35&#8243; header_font_size_phone=&#8220;35&#8243; button_text_size__hover_enabled=&#8220;off&#8220; button_one_text_size__hover_enabled=&#8220;off&#8220; button_two_text_size__hover_enabled=&#8220;off&#8220; button_text_color__hover_enabled=&#8220;off&#8220; button_one_text_color__hover_enabled=&#8220;off&#8220; button_two_text_color__hover_enabled=&#8220;off&#8220; button_border_width__hover_enabled=&#8220;off&#8220; button_one_border_width__hover_enabled=&#8220;off&#8220; button_two_border_width__hover_enabled=&#8220;off&#8220; button_border_color__hover_enabled=&#8220;off&#8220; button_one_border_color__hover_enabled=&#8220;off&#8220; button_two_border_color__hover_enabled=&#8220;off&#8220; button_border_radius__hover_enabled=&#8220;off&#8220; button_one_border_radius__hover_enabled=&#8220;off&#8220; button_two_border_radius__hover_enabled=&#8220;off&#8220; button_letter_spacing__hover_enabled=&#8220;off&#8220; button_one_letter_spacing__hover_enabled=&#8220;off&#8220; button_two_letter_spacing__hover_enabled=&#8220;off&#8220; button_bg_color__hover_enabled=&#8220;off&#8220; button_one_bg_color__hover_enabled=&#8220;off&#8220; button_two_bg_color__hover_enabled=&#8220;off&#8220;][\/et_pb_slide][et_pb_slide heading=&#8220;F\u00fchrungen in Museen&#8220; use_bg_overlay=&#8220;off&#8220; use_text_overlay=&#8220;off&#8220; _builder_version=&#8220;3.16&#8243; header_font=&#8220;||||&#8220; header_font_size=&#8220;35&#8243; body_font=&#8220;||||&#8220; background_color=&#8220;#ffffff&#8220; background_image=&#8220;http:\/\/arttra.com\/wp-content\/uploads\/2016\/07\/schw1-1.png&#8220; button_icon_placement=&#8220;right&#8220; button_on_hover=&#8220;on&#8220; header_font_size_tablet=&#8220;35&#8243; header_font_size_phone=&#8220;35&#8243; button_text_size__hover_enabled=&#8220;off&#8220; button_one_text_size__hover_enabled=&#8220;off&#8220; button_two_text_size__hover_enabled=&#8220;off&#8220; button_text_color__hover_enabled=&#8220;off&#8220; button_one_text_color__hover_enabled=&#8220;off&#8220; button_two_text_color__hover_enabled=&#8220;off&#8220; button_border_width__hover_enabled=&#8220;off&#8220; button_one_border_width__hover_enabled=&#8220;off&#8220; button_two_border_width__hover_enabled=&#8220;off&#8220; button_border_color__hover_enabled=&#8220;off&#8220; button_one_border_color__hover_enabled=&#8220;off&#8220; button_two_border_color__hover_enabled=&#8220;off&#8220; button_border_radius__hover_enabled=&#8220;off&#8220; button_one_border_radius__hover_enabled=&#8220;off&#8220; button_two_border_radius__hover_enabled=&#8220;off&#8220; button_letter_spacing__hover_enabled=&#8220;off&#8220; button_one_letter_spacing__hover_enabled=&#8220;off&#8220; button_two_letter_spacing__hover_enabled=&#8220;off&#8220; button_bg_color__hover_enabled=&#8220;off&#8220; button_one_bg_color__hover_enabled=&#8220;off&#8220; button_two_bg_color__hover_enabled=&#8220;off&#8220;][\/et_pb_slide][et_pb_slide heading=&#8220;Workshops &#038; Gruppenaktivit\u00e4ten&#8220; use_bg_overlay=&#8220;off&#8220; use_text_overlay=&#8220;off&#8220; _builder_version=&#8220;3.16&#8243; header_font=&#8220;||||&#8220; header_font_size=&#8220;35&#8243; body_font=&#8220;||||&#8220; background_color=&#8220;#ffffff&#8220; background_image=&#8220;http:\/\/arttra.com\/wp-content\/uploads\/2017\/02\/workshops.jpg&#8220; button_icon_placement=&#8220;right&#8220; button_on_hover=&#8220;on&#8220; header_font_size_tablet=&#8220;35&#8243; header_font_size_phone=&#8220;35&#8243; button_text_size__hover_enabled=&#8220;off&#8220; button_one_text_size__hover_enabled=&#8220;off&#8220; button_two_text_size__hover_enabled=&#8220;off&#8220; button_text_color__hover_enabled=&#8220;off&#8220; button_one_text_color__hover_enabled=&#8220;off&#8220; button_two_text_color__hover_enabled=&#8220;off&#8220; button_border_width__hover_enabled=&#8220;off&#8220; button_one_border_width__hover_enabled=&#8220;off&#8220; button_two_border_width__hover_enabled=&#8220;off&#8220; button_border_color__hover_enabled=&#8220;off&#8220; button_one_border_color__hover_enabled=&#8220;off&#8220; button_two_border_color__hover_enabled=&#8220;off&#8220; button_border_radius__hover_enabled=&#8220;off&#8220; button_one_border_radius__hover_enabled=&#8220;off&#8220; button_two_border_radius__hover_enabled=&#8220;off&#8220; button_letter_spacing__hover_enabled=&#8220;off&#8220; button_one_letter_spacing__hover_enabled=&#8220;off&#8220; button_two_letter_spacing__hover_enabled=&#8220;off&#8220; button_bg_color__hover_enabled=&#8220;off&#8220; button_one_bg_color__hover_enabled=&#8220;off&#8220; button_two_bg_color__hover_enabled=&#8220;off&#8220;][\/et_pb_slide][\/et_pb_slider][\/et_pb_column][\/et_pb_row][et_pb_row column_structure=&#8220;1_4,3_4&#8243; admin_label=&#8220;Rij&#8220; _builder_version=&#8220;3.25&#8243; background_size=&#8220;initial&#8220; background_position=&#8220;top_left&#8220; background_repeat=&#8220;repeat&#8220;][et_pb_column type=&#8220;1_4&#8243; _builder_version=&#8220;3.25&#8243; custom_padding=&#8220;|||&#8220; custom_padding__hover=&#8220;|||&#8220;][et_pb_divider color=&#8220;#000000&#8243; disabled_on=&#8220;on|on|off&#8220; admin_label=&#8220;Verdeler&#8220; _builder_version=&#8220;3.2&#8243; hide_on_mobile=&#8220;on&#8220;][\/et_pb_divider][et_pb_text admin_label=&#8220;Tekst&#8220; _builder_version=&#8220;3.27.4&#8243; text_font_size=&#8220;15&#8243; background_size=&#8220;initial&#8220; background_position=&#8220;top_left&#8220; background_repeat=&#8220;repeat&#8220;]<\/p>\n<p style=\"text-align: left;\">ARTTRA gilt als eine fachkundige und flexible Organisation f\u00fcr kulturelle Programme, die f\u00fcr Betriebe, Institutionen und Privatpersonen perfekt zugeschnitten sind &#8211; in Amsterdam und die Niederlande.<\/p>\n<p style=\"text-align: left;\">ARTTRA garantiert einen hohen Qualit\u00e4tsstandard und arbeitet ausschlie\u00dflich mit hochqualifizierten Fachleuten zusammen, mit Kunsthistorikern und \u00a0 anderen Spezialisten sowohl bei der Organisation als auch bei der Ausf\u00fchrung der Programme. M\u00f6chte man gesch\u00e4ftlichen oder privaten G\u00e4sten ein kulturelles Programm von Niveau und eine besondere Erfahrung bieten, dann ist ARTTRA die seit Jahren bew\u00e4hrte und angewiesene Adresse, sei es f\u00fcr einen Gesch\u00e4ftsempfang auf Direktionsebene, einen externen Empfang, einen Architekturtag f\u00fcr einen Kunstverein\u00a0 oder ein Malworkshop. ARTTRA sorgt f\u00fcr ein sch\u00f6nes Konzept und f\u00fcr fachkundige und sorgf\u00e4ltige Ausf\u00fchrung.<\/p>\n<p>&nbsp;<\/p>\n<p>[\/et_pb_text][\/et_pb_column][et_pb_column type=&#8220;3_4&#8243; _builder_version=&#8220;3.25&#8243; custom_padding=&#8220;|||&#8220; custom_padding__hover=&#8220;|||&#8220;][et_pb_blurb admin_label=&#8220;Blurb&#8220; _builder_version=&#8220;3.0.74&#8243; background_color=&#8220;#ad8b38&#8243; background_size=&#8220;initial&#8220; background_position=&#8220;top_left&#8220; background_repeat=&#8220;repeat&#8220; background_layout=&#8220;dark&#8220; custom_padding=&#8220;8px|5px|5px|8px&#8220; custom_css_main_element=&#8220;max-width: 100%&#8220; saved_tabs=&#8220;all&#8220;]<\/p>\n<h1 style=\"text-align: center;\">ARTTRA kulturelle Programme<\/h1>\n<p>[\/et_pb_blurb][et_pb_divider color=&#8220;#ffffff&#8220; divider_weight=&#8220;8px&#8220; disabled_on=&#8220;on|on|off&#8220; admin_label=&#8220;Divider&#8220; _builder_version=&#8220;3.23.4&#8243; height=&#8220;20&#8243; hide_on_mobile=&#8220;on&#8220;][\/et_pb_divider][et_pb_text admin_label=&#8220;Tekst&#8220; _builder_version=&#8220;4.1&#8243; text_font=&#8220;|on|||&#8220; text_font_size=&#8220;13&#8243; background_size=&#8220;initial&#8220; background_position=&#8220;top_left&#8220; background_repeat=&#8220;repeat&#8220; hover_enabled=&#8220;0&#8243; saved_tabs=&#8220;all&#8220;]<\/p>\n<div class=\"csRow\">\n<div class=\"csColumnGap\" style=\"margin: 0px; padding: 0px; float: left; width: 1.56%;\"><img decoding=\"async\" style=\"border: none;\" src=\"http:\/\/arttra.com\/wp-content\/plugins\/advanced-wp-columns\/assets\/js\/plugins\/views\/img\/1x1-pixel.png\" \/><\/div>\n<div class=\"csColumn\" style=\"margin: 0px; padding: 0px; float: left; width: 23%; text-align: center;\" data-csstartpoint=\"15\" data-csendpoint=\"236.25\" data-cswidth=\"23.0%\" data-csid=\"f8cf467f-24e7-fbf4-8160-98c6b945e951\"><a href=\"http:\/\/arttra.com\/de\/museenbesuch\/\" rel=\"attachment wp-att-4823\"><img loading=\"lazy\" decoding=\"async\" class=\"aligncenter size-full wp-image-4823\" src=\"http:\/\/www.arttra.com\/wp-content\/uploads\/2016\/07\/melkm.png\" alt=\"melkm\" width=\"140\" height=\"140\" \/><\/a><a href=\"http:\/\/www.arttra.info\/wordpress\/de\/museenbesuch\/\">Museenbesuch<\/a><\/div>\n<div class=\"csColumnGap\" style=\"margin: 0px; padding: 0px; float: left; width: 1.56%;\"><img decoding=\"async\" style=\"border: none;\" src=\"http:\/\/arttra.com\/wp-content\/plugins\/advanced-wp-columns\/assets\/js\/plugins\/views\/img\/1x1-pixel.png\" \/><\/div>\n<div class=\"csColumn\" style=\"margin: 0px; padding: 0px; float: left; width: 23%; text-align: center;\" data-csstartpoint=\"251.25\" data-csendpoint=\"472.5\" data-cswidth=\"23.0%\" data-csid=\"0b0f77a2-27c5-6672-beda-5b52628d0917\"><a href=\"http:\/\/arttra.com\/de\/wandelingen\/\" rel=\"attachment wp-att-4883\"><img loading=\"lazy\" decoding=\"async\" class=\"aligncenter wp-image-4881 size-full\" src=\"http:\/\/www.arttra.com\/wp-content\/uploads\/2016\/07\/wand1.png\" width=\"140\" height=\"140\" \/><\/a><a href=\"http:\/\/www.arttra.info\/wordpress\/de\/wandelingen\/\">Stadtwanderungen<\/a><\/div>\n<div class=\"csColumnGap\" style=\"margin: 0px; padding: 0px; float: left; width: 1.56%;\"><img decoding=\"async\" style=\"border: none;\" src=\"http:\/\/arttra.com\/wp-content\/plugins\/advanced-wp-columns\/assets\/js\/plugins\/views\/img\/1x1-pixel.png\" \/><\/div>\n<div class=\"csColumn\" style=\"margin: 0px; padding: 0px; float: left; width: 23%; text-align: center;\" data-csstartpoint=\"487.5\" data-csendpoint=\"708.75\" data-cswidth=\"23.0%\" data-csid=\"682bbdf9-844f-c143-bdec-90a245dfd088\"><a href=\"http:\/\/arttra.com\/de\/boottochten\/\" rel=\"attachment wp-att-4882\"><img loading=\"lazy\" decoding=\"async\" class=\"aligncenter wp-image-7970 size-full\" src=\"http:\/\/www.arttra.com\/wp-content\/uploads\/2016\/07\/ccp.png\" width=\"140\" height=\"140\" \/><\/a><a href=\"http:\/\/www.arttra.info\/wordpress\/de\/boottochten\/\">Bootsfahrten<\/a><\/div>\n<div class=\"csColumnGap\" style=\"margin: 0px; padding: 0px; float: left; width: 1.56%;\"><img decoding=\"async\" style=\"border: none;\" src=\"http:\/\/arttra.com\/wp-content\/plugins\/advanced-wp-columns\/assets\/js\/plugins\/views\/img\/1x1-pixel.png\" \/><\/div>\n<div class=\"csColumn\" style=\"margin: 0px; padding: 0px; float: left; width: 23%; text-align: center;\" data-csstartpoint=\"723.75\" data-csendpoint=\"945\" data-cswidth=\"23.0%\" data-csid=\"2ff2d171-9346-f3a4-bebf-8c237b2a481e\"><a href=\"http:\/\/arttra.com\/de\/fietstochten\/\" rel=\"attachment wp-att-4881\"><img loading=\"lazy\" decoding=\"async\" class=\"aligncenter wp-image-4882 size-full\" src=\"http:\/\/www.arttra.com\/wp-content\/uploads\/2016\/07\/fie.png\" width=\"140\" height=\"140\" \/><\/a><strong><a href=\"http:\/\/www.arttra.info\/wordpress\/de\/fietstochten\/\">Fahrradfahrten<\/a><\/strong><\/div>\n<\/div>\n<div class=\"csColumn\" style=\"margin: 0px; padding: 0px; float: left; width: 23%; text-align: center;\" data-csstartpoint=\"723.75\" data-csendpoint=\"945\" data-cswidth=\"23.0%\" data-csid=\"2ff2d171-9346-f3a4-bebf-8c237b2a481e\"><\/div>\n<p>[\/et_pb_text][\/et_pb_column][\/et_pb_row][\/et_pb_section]<\/p>\n","protected":false},"excerpt":{"rendered":"<p>ARTTRA gilt als eine fachkundige und flexible Organisation f\u00fcr kulturelle Programme, die f\u00fcr Betriebe, Institutionen und Privatpersonen perfekt zugeschnitten sind &#8211; in Amsterdam und die Niederlande. ARTTRA garantiert einen hohen Qualit\u00e4tsstandard und arbeitet ausschlie\u00dflich mit hochqualifizierten Fachleuten zusammen, mit Kunsthistorikern und \u00a0 anderen Spezialisten sowohl bei der Organisation als auch bei der Ausf\u00fchrung der Programme. [&hellip;]<\/p>\n","protected":false},"author":5,"featured_media":0,"parent":0,"menu_order":0,"comment_status":"closed","ping_status":"closed","template":"","meta":{"_et_pb_use_builder":"on","_et_pb_old_content":"","_et_gb_content_width":"","footnotes":""},"class_list":["post-6845","page","type-page","status-publish","hentry"],"yoast_head":"<!-- This site is optimized with the Yoast SEO plugin v24.4 - https:\/\/yoast.com\/wordpress\/plugins\/seo\/ -->\n<title>ARTTRA ist eine fachkundige und flexible Organisation f\u00fcr kulturelle Programme<\/title>\n<meta name=\"description\" content=\"ARTTRA ist eine fachkundige Organisation f\u00fcr kulturelle Programme, zugeschnitten f\u00fcr Betriebe. Wir sind spezialisiert auf Kunst historische Touren.\" \/>\n<meta name=\"robots\" content=\"index, follow, max-snippet:-1, max-image-preview:large, max-video-preview:-1\" \/>\n<link rel=\"canonical\" href=\"https:\/\/arttra.com\/\" \/>\n<meta property=\"og:locale\" content=\"de_DE\" \/>\n<meta property=\"og:type\" content=\"article\" \/>\n<meta property=\"og:title\" content=\"ARTTRA ist eine fachkundige und flexible Organisation f\u00fcr kulturelle Programme\" \/>\n<meta property=\"og:description\" content=\"ARTTRA ist eine fachkundige Organisation f\u00fcr kulturelle Programme, zugeschnitten f\u00fcr Betriebe. Wir sind spezialisiert auf Kunst historische Touren.\" \/>\n<meta property=\"og:url\" content=\"https:\/\/arttra.com\/\" \/>\n<meta property=\"og:site_name\" content=\"www.arttra.com\" \/>\n<meta property=\"article:publisher\" content=\"https:\/\/www.facebook.com\/ARTTRA-cultureel-organisatiebureau-275685358514\" \/>\n<meta property=\"article:modified_time\" content=\"2021-03-01T15:26:57+00:00\" \/>\n<meta property=\"og:image\" content=\"http:\/\/arttra.com\/wp-content\/plugins\/advanced-wp-columns\/assets\/js\/plugins\/views\/img\/1x1-pixel.png\" \/>\n<meta name=\"twitter:card\" content=\"summary_large_image\" \/>\n<meta name=\"twitter:site\" content=\"@ARTTRA_NL\" \/>\n<meta name=\"twitter:label1\" content=\"Gesch\u00e4tzte Lesezeit\" \/>\n\t<meta name=\"twitter:data1\" content=\"7\u00a0Minuten\" \/>\n<script type=\"application\/ld+json\" class=\"yoast-schema-graph\">{\"@context\":\"https:\/\/schema.org\",\"@graph\":[{\"@type\":\"WebPage\",\"@id\":\"https:\/\/arttra.com\/\",\"url\":\"https:\/\/arttra.com\/\",\"name\":\"ARTTRA ist eine fachkundige und flexible Organisation f\u00fcr kulturelle Programme\",\"isPartOf\":{\"@id\":\"https:\/\/arttra.com\/#website\"},\"primaryImageOfPage\":{\"@id\":\"https:\/\/arttra.com\/#primaryimage\"},\"image\":{\"@id\":\"https:\/\/arttra.com\/#primaryimage\"},\"thumbnailUrl\":\"http:\/\/arttra.com\/wp-content\/plugins\/advanced-wp-columns\/assets\/js\/plugins\/views\/img\/1x1-pixel.png\",\"datePublished\":\"2016-07-05T09:28:58+00:00\",\"dateModified\":\"2021-03-01T15:26:57+00:00\",\"description\":\"ARTTRA ist eine fachkundige Organisation f\u00fcr kulturelle Programme, zugeschnitten f\u00fcr Betriebe. Wir sind spezialisiert auf Kunst historische Touren.\",\"breadcrumb\":{\"@id\":\"https:\/\/arttra.com\/#breadcrumb\"},\"inLanguage\":\"de\",\"potentialAction\":[{\"@type\":\"ReadAction\",\"target\":[\"https:\/\/arttra.com\/\"]}]},{\"@type\":\"ImageObject\",\"inLanguage\":\"de\",\"@id\":\"https:\/\/arttra.com\/#primaryimage\",\"url\":\"http:\/\/arttra.com\/wp-content\/plugins\/advanced-wp-columns\/assets\/js\/plugins\/views\/img\/1x1-pixel.png\",\"contentUrl\":\"http:\/\/arttra.com\/wp-content\/plugins\/advanced-wp-columns\/assets\/js\/plugins\/views\/img\/1x1-pixel.png\"},{\"@type\":\"BreadcrumbList\",\"@id\":\"https:\/\/arttra.com\/#breadcrumb\",\"itemListElement\":[{\"@type\":\"ListItem\",\"position\":1,\"name\":\"Home\",\"item\":\"https:\/\/arttra.com\/\"},{\"@type\":\"ListItem\",\"position\":2,\"name\":\"Home\"}]},{\"@type\":\"WebSite\",\"@id\":\"https:\/\/arttra.com\/#website\",\"url\":\"https:\/\/arttra.com\/\",\"name\":\"www.arttra.com\",\"description\":\"ARTTRA cultureel organisatiebureau\",\"potentialAction\":[{\"@type\":\"SearchAction\",\"target\":{\"@type\":\"EntryPoint\",\"urlTemplate\":\"https:\/\/arttra.com\/?s={search_term_string}\"},\"query-input\":{\"@type\":\"PropertyValueSpecification\",\"valueRequired\":true,\"valueName\":\"search_term_string\"}}],\"inLanguage\":\"de\"}]}<\/script>\n<!-- \/ Yoast SEO plugin. -->","yoast_head_json":{"title":"ARTTRA ist eine fachkundige und flexible Organisation f\u00fcr kulturelle Programme","description":"ARTTRA ist eine fachkundige Organisation f\u00fcr kulturelle Programme, zugeschnitten f\u00fcr Betriebe. Wir sind spezialisiert auf Kunst historische Touren.","robots":{"index":"index","follow":"follow","max-snippet":"max-snippet:-1","max-image-preview":"max-image-preview:large","max-video-preview":"max-video-preview:-1"},"canonical":"https:\/\/arttra.com\/","og_locale":"de_DE","og_type":"article","og_title":"ARTTRA ist eine fachkundige und flexible Organisation f\u00fcr kulturelle Programme","og_description":"ARTTRA ist eine fachkundige Organisation f\u00fcr kulturelle Programme, zugeschnitten f\u00fcr Betriebe. Wir sind spezialisiert auf Kunst historische Touren.","og_url":"https:\/\/arttra.com\/","og_site_name":"www.arttra.com","article_publisher":"https:\/\/www.facebook.com\/ARTTRA-cultureel-organisatiebureau-275685358514","article_modified_time":"2021-03-01T15:26:57+00:00","og_image":[{"url":"http:\/\/arttra.com\/wp-content\/plugins\/advanced-wp-columns\/assets\/js\/plugins\/views\/img\/1x1-pixel.png","type":"","width":"","height":""}],"twitter_card":"summary_large_image","twitter_site":"@ARTTRA_NL","twitter_misc":{"Gesch\u00e4tzte Lesezeit":"7\u00a0Minuten"},"schema":{"@context":"https:\/\/schema.org","@graph":[{"@type":"WebPage","@id":"https:\/\/arttra.com\/","url":"https:\/\/arttra.com\/","name":"ARTTRA ist eine fachkundige und flexible Organisation f\u00fcr kulturelle Programme","isPartOf":{"@id":"https:\/\/arttra.com\/#website"},"primaryImageOfPage":{"@id":"https:\/\/arttra.com\/#primaryimage"},"image":{"@id":"https:\/\/arttra.com\/#primaryimage"},"thumbnailUrl":"http:\/\/arttra.com\/wp-content\/plugins\/advanced-wp-columns\/assets\/js\/plugins\/views\/img\/1x1-pixel.png","datePublished":"2016-07-05T09:28:58+00:00","dateModified":"2021-03-01T15:26:57+00:00","description":"ARTTRA ist eine fachkundige Organisation f\u00fcr kulturelle Programme, zugeschnitten f\u00fcr Betriebe. Wir sind spezialisiert auf Kunst historische Touren.","breadcrumb":{"@id":"https:\/\/arttra.com\/#breadcrumb"},"inLanguage":"de","potentialAction":[{"@type":"ReadAction","target":["https:\/\/arttra.com\/"]}]},{"@type":"ImageObject","inLanguage":"de","@id":"https:\/\/arttra.com\/#primaryimage","url":"http:\/\/arttra.com\/wp-content\/plugins\/advanced-wp-columns\/assets\/js\/plugins\/views\/img\/1x1-pixel.png","contentUrl":"http:\/\/arttra.com\/wp-content\/plugins\/advanced-wp-columns\/assets\/js\/plugins\/views\/img\/1x1-pixel.png"},{"@type":"BreadcrumbList","@id":"https:\/\/arttra.com\/#breadcrumb","itemListElement":[{"@type":"ListItem","position":1,"name":"Home","item":"https:\/\/arttra.com\/"},{"@type":"ListItem","position":2,"name":"Home"}]},{"@type":"WebSite","@id":"https:\/\/arttra.com\/#website","url":"https:\/\/arttra.com\/","name":"www.arttra.com","description":"ARTTRA cultureel organisatiebureau","potentialAction":[{"@type":"SearchAction","target":{"@type":"EntryPoint","urlTemplate":"https:\/\/arttra.com\/?s={search_term_string}"},"query-input":{"@type":"PropertyValueSpecification","valueRequired":true,"valueName":"search_term_string"}}],"inLanguage":"de"}]}},"_links":{"self":[{"href":"https:\/\/arttra.com\/de\/wp-json\/wp\/v2\/pages\/6845","targetHints":{"allow":["GET"]}}],"collection":[{"href":"https:\/\/arttra.com\/de\/wp-json\/wp\/v2\/pages"}],"about":[{"href":"https:\/\/arttra.com\/de\/wp-json\/wp\/v2\/types\/page"}],"author":[{"embeddable":true,"href":"https:\/\/arttra.com\/de\/wp-json\/wp\/v2\/users\/5"}],"replies":[{"embeddable":true,"href":"https:\/\/arttra.com\/de\/wp-json\/wp\/v2\/comments?post=6845"}],"version-history":[{"count":13,"href":"https:\/\/arttra.com\/de\/wp-json\/wp\/v2\/pages\/6845\/revisions"}],"predecessor-version":[{"id":25567,"href":"https:\/\/arttra.com\/de\/wp-json\/wp\/v2\/pages\/6845\/revisions\/25567"}],"wp:attachment":[{"href":"https:\/\/arttra.com\/de\/wp-json\/wp\/v2\/media?parent=6845"}],"curies":[{"name":"wp","href":"https:\/\/api.w.org\/{rel}","templated":true}]}}