{"id":7533,"date":"2016-07-18T14:46:35","date_gmt":"2016-07-18T12:46:35","guid":{"rendered":"http:\/\/www.arttra.info\/wordpress\/de\/grachtenhuis-musea\/"},"modified":"2023-10-12T19:43:32","modified_gmt":"2023-10-12T17:43:32","slug":"grachtenhaus-museen","status":"publish","type":"page","link":"https:\/\/arttra.com\/de\/grachtenhaus-museen\/","title":{"rendered":"Grachtenhaus Museen"},"content":{"rendered":"<p>[et_pb_section fb_built=&#8220;1&#8243; custom_padding_last_edited=&#8220;on|desktop&#8220; admin_label=&#8220;section&#8220; _builder_version=&#8220;3.22&#8243; custom_padding_tablet=&#8220;50px|0|50px|0&#8243; custom_padding_phone=&#8220;&#8220; transparent_background=&#8220;off&#8220; padding_mobile=&#8220;off&#8220; make_fullwidth=&#8220;off&#8220; use_custom_width=&#8220;off&#8220; width_unit=&#8220;off&#8220; custom_width_px=&#8220;1080px&#8220; custom_width_percent=&#8220;80%&#8220;][et_pb_row padding_mobile=&#8220;off&#8220; column_padding_mobile=&#8220;on&#8220; admin_label=&#8220;row&#8220; _builder_version=&#8220;3.25&#8243; background_size=&#8220;initial&#8220; background_position=&#8220;top_left&#8220; background_repeat=&#8220;repeat&#8220; make_fullwidth=&#8220;off&#8220; use_custom_width=&#8220;off&#8220; width_unit=&#8220;off&#8220; custom_width_px=&#8220;1080px&#8220; custom_width_percent=&#8220;80%&#8220;][et_pb_column type=&#8220;4_4&#8243; _builder_version=&#8220;3.25&#8243; custom_padding=&#8220;|||&#8220; custom_padding__hover=&#8220;|||&#8220;][et_pb_divider color=&#8220;#000000&#8243; divider_position=&#8220;bottom&#8220; divider_weight=&#8220;1px&#8220; disabled_on=&#8220;on|on|off&#8220; admin_label=&#8220;Verdeler&#8220; _builder_version=&#8220;3.2&#8243; hide_on_mobile=&#8220;on&#8220;] [\/et_pb_divider][\/et_pb_column][\/et_pb_row][et_pb_row column_structure=&#8220;1_4,3_4&#8243; padding_mobile=&#8220;off&#8220; column_padding_mobile=&#8220;on&#8220; admin_label=&#8220;Rij&#8220; _builder_version=&#8220;3.25&#8243; background_size=&#8220;initial&#8220; background_position=&#8220;top_left&#8220; background_repeat=&#8220;repeat&#8220; make_fullwidth=&#8220;off&#8220; use_custom_width=&#8220;off&#8220; width_unit=&#8220;off&#8220; custom_width_px=&#8220;1080px&#8220; custom_width_percent=&#8220;80%&#8220;][et_pb_column type=&#8220;1_4&#8243; _builder_version=&#8220;3.25&#8243; custom_padding=&#8220;|||&#8220; custom_padding__hover=&#8220;|||&#8220;][et_pb_image src=&#8220;https:\/\/arttra.com\/wp-content\/uploads\/2016\/05\/logo-e1465027457922.png&#8220; align=&#8220;center&#8220; align_tablet=&#8220;center&#8220; align_phone=&#8220;&#8220; align_last_edited=&#8220;on|desktop&#8220; admin_label=&#8220;Afbeelding&#8220; _builder_version=&#8220;3.23&#8243; sticky=&#8220;off&#8220; use_border_color=&#8220;off&#8220; border_color=&#8220;#ffffff&#8220; border_style=&#8220;solid&#8220; always_center_on_mobile=&#8220;on&#8220; saved_tabs=&#8220;all&#8220;] [\/et_pb_image][et_pb_image src=&#8220;https:\/\/arttra.com\/wp-content\/uploads\/2016\/06\/artlo.png&#8220; align_tablet=&#8220;center&#8220; align_phone=&#8220;&#8220; align_last_edited=&#8220;on|desktop&#8220; admin_label=&#8220;Afbeelding&#8220; _builder_version=&#8220;3.23&#8243; sticky=&#8220;off&#8220; use_border_color=&#8220;off&#8220; border_color=&#8220;#ffffff&#8220; border_style=&#8220;solid&#8220; always_center_on_mobile=&#8220;on&#8220; saved_tabs=&#8220;all&#8220;] [\/et_pb_image][\/et_pb_column][et_pb_column type=&#8220;3_4&#8243; _builder_version=&#8220;3.25&#8243; custom_padding=&#8220;|||&#8220; custom_padding__hover=&#8220;|||&#8220;][et_pb_image src=&#8220;https:\/\/arttra.com\/wp-content\/uploads\/2016\/07\/museumvanloon.jpg&#8220; alt=&#8220;Grachtenhaus Museen&#8220; force_fullwidth=&#8220;on&#8220; align_tablet=&#8220;center&#8220; align_phone=&#8220;&#8220; align_last_edited=&#8220;on|desktop&#8220; admin_label=&#8220;Image&#8220; _builder_version=&#8220;3.23&#8243; sticky=&#8220;off&#8220; use_border_color=&#8220;off&#8220; border_color=&#8220;#ffffff&#8220; border_style=&#8220;solid&#8220; always_center_on_mobile=&#8220;on&#8220;] [\/et_pb_image][\/et_pb_column][\/et_pb_row][et_pb_row column_structure=&#8220;1_4,3_4&#8243; padding_mobile=&#8220;off&#8220; column_padding_mobile=&#8220;on&#8220; admin_label=&#8220;Rij&#8220; _builder_version=&#8220;3.25&#8243; background_size=&#8220;initial&#8220; background_position=&#8220;top_left&#8220; background_repeat=&#8220;repeat&#8220; make_fullwidth=&#8220;off&#8220; use_custom_width=&#8220;off&#8220; width_unit=&#8220;on&#8220; custom_width_px=&#8220;1080px&#8220; custom_width_percent=&#8220;80%&#8220;][et_pb_column type=&#8220;1_4&#8243; _builder_version=&#8220;3.25&#8243; custom_padding=&#8220;|||&#8220; custom_padding__hover=&#8220;|||&#8220;][et_pb_divider color=&#8220;#000000&#8243; divider_position=&#8220;bottom&#8220; divider_weight=&#8220;1px&#8220; disabled_on=&#8220;on|on|off&#8220; admin_label=&#8220;Verdeler&#8220; _builder_version=&#8220;3.2&#8243; hide_on_mobile=&#8220;on&#8220;] [\/et_pb_divider][et_pb_text admin_label=&#8220;Text&#8220; _builder_version=&#8220;4.1&#8243; text_font_size=&#8220;15&#8243; background_size=&#8220;initial&#8220; background_position=&#8220;top_left&#8220; background_repeat=&#8220;repeat&#8220; hover_enabled=&#8220;0&#8243; use_border_color=&#8220;off&#8220; border_color=&#8220;#ffffff&#8220; border_style=&#8220;solid&#8220;]<\/p>\n<p><strong>Museenbesuch\u00a0Grachtenhaus Museen<\/strong><br \/> F\u00fcr F\u00fchrungen und Vortr\u00e4ge sind erfahrene Kunsthistoriker zust\u00e4ndig. Sie k\u00f6nnen mit speziellen Stadttouren zu Fu\u00df oder mit einer Kanalrundfahrt kombiniert werden.<\/p>\n<p><strong>Gruppe<\/strong><br \/> 1-15 personen<\/p>\n<p><strong>Dauer<\/strong><br \/> 1 &#8211; 1,5 \u2013 2 Stunden<\/p>\n<p><strong>Preis<\/strong><br \/> \u20ac 112,50\u00a0pro Stunde (excl. MwSt), Tickets nicht inclusive<\/p>\n<p>[\/et_pb_text][\/et_pb_column][et_pb_column type=&#8220;3_4&#8243; _builder_version=&#8220;3.25&#8243; custom_padding=&#8220;|||&#8220; custom_css_main_element=&#8220;max-width: 100%&#8220; custom_padding__hover=&#8220;|||&#8220;][et_pb_button button_url=&#8220;http:\/\/www.arttra.com\/de\/museenbesuch\/&#8220; button_text=&#8220;zur\u00fcck Museenbesuch&#8220; button_alignment=&#8220;right&#8220; admin_label=&#8220;Button&#8220; _builder_version=&#8220;3.16&#8243; custom_button=&#8220;on&#8220; button_text_size=&#8220;13&#8243; button_text_color=&#8220;#ffffff&#8220; button_bg_color=&#8220;#ad8b38&#8243; button_border_width=&#8220;1&#8243; button_letter_spacing_hover=&#8220;0&#8243; global_module=&#8220;9735&#8243; saved_tabs=&#8220;all&#8220; button_text_size__hover_enabled=&#8220;off&#8220; button_one_text_size__hover_enabled=&#8220;off&#8220; button_two_text_size__hover_enabled=&#8220;off&#8220; button_text_color__hover_enabled=&#8220;off&#8220; button_one_text_color__hover_enabled=&#8220;off&#8220; button_two_text_color__hover_enabled=&#8220;off&#8220; button_border_width__hover_enabled=&#8220;off&#8220; button_one_border_width__hover_enabled=&#8220;off&#8220; button_two_border_width__hover_enabled=&#8220;off&#8220; button_border_color__hover_enabled=&#8220;off&#8220; button_one_border_color__hover_enabled=&#8220;off&#8220; button_two_border_color__hover_enabled=&#8220;off&#8220; button_border_radius__hover_enabled=&#8220;off&#8220; button_one_border_radius__hover_enabled=&#8220;off&#8220; button_two_border_radius__hover_enabled=&#8220;off&#8220; button_letter_spacing__hover_enabled=&#8220;on&#8220; button_letter_spacing__hover=&#8220;0&#8243; button_one_letter_spacing__hover_enabled=&#8220;off&#8220; button_two_letter_spacing__hover_enabled=&#8220;off&#8220; button_bg_color__hover_enabled=&#8220;off&#8220; button_one_bg_color__hover_enabled=&#8220;off&#8220; button_two_bg_color__hover_enabled=&#8220;off&#8220;][\/et_pb_button][et_pb_blurb image_max_width=&#8220;none&#8220; admin_label=&#8220;Blurb&#8220; _builder_version=&#8220;3.0.87&#8243; background_color=&#8220;#ad8b38&#8243; background_size=&#8220;initial&#8220; background_position=&#8220;top_left&#8220; background_repeat=&#8220;repeat&#8220; background_layout=&#8220;dark&#8220; custom_padding=&#8220;8px|5px|5px|8px&#8220; custom_css_main_element=&#8220;.width {|| min-width: auto;||}&#8220; use_border_color=&#8220;off&#8220; border_color=&#8220;#ffffff&#8220; border_width=&#8220;1px&#8220; border_style=&#8220;solid&#8220; saved_tabs=&#8220;all&#8220;]<\/p>\n<h2 style=\"text-align: center;\">Grachtenhaus Museen F\u00fchrungen<\/h2>\n<p>[\/et_pb_blurb][et_pb_divider color=&#8220;#ffffff&#8220; divider_weight=&#8220;7&#8243; disabled_on=&#8220;on|on|off&#8220; admin_label=&#8220;Divider&#8220; _builder_version=&#8220;3.23.4&#8243; height=&#8220;20&#8243; hide_on_mobile=&#8220;on&#8220;] [\/et_pb_divider][et_pb_text admin_label=&#8220;Tekst&#8220; _builder_version=&#8220;4.1&#8243; text_font=&#8220;|on|||&#8220; text_font_size=&#8220;13&#8243; text_line_height=&#8220;1.7000000000000002em&#8220; background_size=&#8220;initial&#8220; background_position=&#8220;top_left&#8220; background_repeat=&#8220;repeat&#8220; use_border_color=&#8220;off&#8220; border_style=&#8220;solid&#8220; saved_tabs=&#8220;all&#8220;]<\/p>\n<div class=\"csRow\">\n<div class=\"csColumnGap\" style=\"margin: 0px; padding: 0px; float: left; width: 1.56%;\"><img decoding=\"async\" style=\"border: none;\" src=\"https:\/\/arttra.com\/wp-content\/plugins\/advanced-wp-columns\/assets\/js\/plugins\/views\/img\/1x1-pixel.png\" \/><\/div>\n<div class=\"csColumn\" style=\"margin: 0px; padding: 0px; float: left; width: 23%;\" data-csstartpoint=\"15\" data-csendpoint=\"236.25\" data-cswidth=\"23.0%\" data-csid=\"8515ede8-dc5d-dc3d-9543-44257f086257\">\n<p style=\"text-align: center;\"><a href=\"https:\/\/arttra.com\/de\/willet-holthuijsen\/\" rel=\"attachment wp-att-4003\"><img loading=\"lazy\" decoding=\"async\" class=\"aligncenter wp-image-5291 size-full\" style=\"-moz-box-shadow: 0px 0px 10px 5px #000; -webkit-box-shadow: 0px 0px #000; box-shadow: 0px 0px #000; border: 10 #FFFFFF solid; ; behavior: url('https:\/\/arttra.com\/wp-content\/plugins\/roundit\/pie\/PIE.php'); position: relative;\" src=\"https:\/\/arttra.com\/wp-content\/uploads\/2016\/07\/who1.png\" width=\"140\" height=\"140\" \/><\/a><a href=\"https:\/\/arttra.com\/de\/willet-holthuijsen\/\">Museum Willet Holthuijsen<\/a><\/p>\n<\/div>\n<div class=\"csColumnGap\" style=\"margin: 0px; padding: 0px; float: left; width: 1.56%;\"><img decoding=\"async\" style=\"border: none;\" src=\"https:\/\/arttra.com\/wp-content\/plugins\/advanced-wp-columns\/assets\/js\/plugins\/views\/img\/1x1-pixel.png\" \/><\/div>\n<div class=\"csColumn\" style=\"margin: 0px; padding: 0px; float: left; width: 23%;\" data-csstartpoint=\"251.25\" data-csendpoint=\"472.5\" data-cswidth=\"23.0%\" data-csid=\"180e8e55-2b13-6768-986e-aa4c7a11459b\">\n<p style=\"text-align: center;\"><a href=\"https:\/\/arttra.com\/de\/museum-van-loon\/\" rel=\"attachment wp-att-4004\"><img loading=\"lazy\" decoding=\"async\" class=\"aligncenter wp-image-5222 size-full\" style=\"-moz-box-shadow: 0px 0px 10px 5px #000; -webkit-box-shadow: 0px 0px #000; box-shadow: 0px 0px #000; border: 10 #FFFFFF solid; ; behavior: url('https:\/\/arttra.com\/wp-content\/plugins\/roundit\/pie\/PIE.php'); position: relative;\" src=\"https:\/\/arttra.com\/wp-content\/uploads\/2016\/07\/mvl.png\" width=\"140\" height=\"140\" \/><\/a><a href=\"https:\/\/arttra.com\/de\/museum-van-loon\/\">Museum Van Loon<\/a><\/p>\n<\/div>\n<div class=\"csColumnGap\" style=\"margin: 0px; padding: 0px; float: left; width: 1.56%;\"><img decoding=\"async\" style=\"border: none;\" src=\"https:\/\/arttra.com\/wp-content\/plugins\/advanced-wp-columns\/assets\/js\/plugins\/views\/img\/1x1-pixel.png\" \/><\/div>\n<div class=\"csColumn\" style=\"margin: 0px; padding: 0px; float: left; width: 23%;\" data-csstartpoint=\"487.5\" data-csendpoint=\"708.75\" data-cswidth=\"23.0%\" data-csid=\"99cab06a-2f75-f0ef-9941-404a080007b9\">\n<p style=\"text-align: center;\"><a href=\"https:\/\/arttra.com\/de\/huis-marseille\/\" rel=\"attachment wp-att-4006\"><img loading=\"lazy\" decoding=\"async\" class=\"aligncenter wp-image-11142 size-full\" style=\"-moz-box-shadow: 0px 0px 10px 5px #000; -webkit-box-shadow: 0px 0px #000; box-shadow: 0px 0px #000; border: 10 #FFFFFF solid; ; behavior: url('https:\/\/arttra.com\/wp-content\/plugins\/roundit\/pie\/PIE.php'); position: relative;\" src=\"https:\/\/arttra.com\/wp-content\/uploads\/2016\/07\/hm1-1.png\" width=\"140\" height=\"140\" \/><\/a><a href=\"https:\/\/arttra.com\/de\/huis-marseille\/\">Huis Marseille<\/a><\/p>\n<\/div>\n<div class=\"csColumnGap\" style=\"margin: 0px; padding: 0px; float: left; width: 1.56%;\"><img decoding=\"async\" style=\"border: none;\" src=\"https:\/\/arttra.com\/wp-content\/plugins\/advanced-wp-columns\/assets\/js\/plugins\/views\/img\/1x1-pixel.png\" \/><\/div>\n<div class=\"csColumn\" style=\"margin: 0px; padding: 0px; float: left; width: 23%;\" data-csstartpoint=\"723.75\" data-csendpoint=\"945\" data-cswidth=\"23.0%\" data-csid=\"31417276-7d82-da22-bdf1-7ad9162ba939\">\n<p style=\"text-align: center;\"><a href=\"https:\/\/arttra.com\/de\/foam\/\" rel=\"attachment wp-att-4006\"><img loading=\"lazy\" decoding=\"async\" class=\"aligncenter wp-image-5300 size-full\" style=\"-moz-box-shadow: 0px 0px 10px 5px #000; -webkit-box-shadow: 0px 0px #000; box-shadow: 0px 0px #000; border: 10 #FFFFFF solid; ; behavior: url('https:\/\/arttra.com\/wp-content\/plugins\/roundit\/pie\/PIE.php'); position: relative;\" src=\"https:\/\/arttra.com\/wp-content\/uploads\/2016\/07\/foa1-1.png\" width=\"140\" height=\"140\" \/>FOAM<\/a><\/p>\n<\/div>\n<\/div>\n<p>[\/et_pb_text][et_pb_text admin_label=&#8220;Tekst&#8220; _builder_version=&#8220;4.1&#8243; text_font=&#8220;|on|||&#8220; text_font_size=&#8220;13&#8243; text_line_height=&#8220;1.7000000000000002em&#8220; background_size=&#8220;initial&#8220; background_position=&#8220;top_left&#8220; background_repeat=&#8220;repeat&#8220; use_border_color=&#8220;off&#8220; border_style=&#8220;solid&#8220; saved_tabs=&#8220;all&#8220;]<\/p>\n<div class=\"csRow\">\n<div class=\"csColumnGap\" style=\"margin: 0px; padding: 0px; float: left; width: 1.56%;\"><img decoding=\"async\" style=\"border: none;\" src=\"https:\/\/arttra.com\/wp-content\/plugins\/advanced-wp-columns\/assets\/js\/plugins\/views\/img\/1x1-pixel.png\" \/><\/div>\n<div class=\"csColumn\" style=\"margin: 0px; padding: 0px; float: left; width: 23%;\" data-csstartpoint=\"15\" data-csendpoint=\"236.25\" data-cswidth=\"23.0%\" data-csid=\"8515ede8-dc5d-dc3d-9543-44257f086257\">\n<p style=\"text-align: center;\"><a href=\"..\/bijbels-museum\/\" rel=\"attachment wp-att-4003\"><img loading=\"lazy\" decoding=\"async\" class=\"aligncenter wp-image-5277 size-full\" style=\"-moz-box-shadow: 0px 0px 10px 5px #000; -webkit-box-shadow: 0px 0px #000; box-shadow: 0px 0px #000; border: 10 #FFFFFF solid; ; behavior: url('http:\/\/www.arttra.com\/wp-content\/plugins\/roundit\/pie\/PIE.php'); position: relative;\" src=\"http:\/\/www.arttra.com\/wp-content\/uploads\/2016\/07\/ghm1.png\" width=\"140\" height=\"140\" \/><\/a>Cromhout<a href=\"..\/bijbels-museum\/\">\u00a0<\/a>Haus<\/p>\n<\/div>\n<div class=\"csColumnGap\" style=\"margin: 0px; padding: 0px; float: left; width: 1.56%;\"><img decoding=\"async\" style=\"border: none;\" src=\"https:\/\/arttra.com\/wp-content\/plugins\/advanced-wp-columns\/assets\/js\/plugins\/views\/img\/1x1-pixel.png\" \/><\/div>\n<div class=\"csColumn\" style=\"margin: 0px; padding: 0px; float: left; width: 23%;\" data-csstartpoint=\"251.25\" data-csendpoint=\"472.5\" data-cswidth=\"23.0%\" data-csid=\"180e8e55-2b13-6768-986e-aa4c7a11459b\"><\/div>\n<\/div>\n<p>&nbsp;[\/et_pb_text][\/et_pb_column][\/et_pb_row][\/et_pb_section]<\/p>\n","protected":false},"excerpt":{"rendered":"<p>Museenbesuch\u00a0Grachtenhaus Museen F\u00fcr F\u00fchrungen und Vortr\u00e4ge sind erfahrene Kunsthistoriker zust\u00e4ndig. Sie k\u00f6nnen mit speziellen Stadttouren zu Fu\u00df oder mit einer Kanalrundfahrt kombiniert werden. Gruppe 1-15 personen Dauer 1 &#8211; 1,5 \u2013 2 Stunden Preis \u20ac 112,50\u00a0pro Stunde (excl. MwSt), Tickets nicht inclusive Grachtenhaus Museen F\u00fchrungen Museum Willet Holthuijsen Museum Van Loon Huis Marseille FOAM Cromhout\u00a0Haus [&hellip;]<\/p>\n","protected":false},"author":5,"featured_media":0,"parent":0,"menu_order":0,"comment_status":"closed","ping_status":"closed","template":"","meta":{"_et_pb_use_builder":"on","_et_pb_old_content":"","_et_gb_content_width":"","footnotes":""},"class_list":["post-7533","page","type-page","status-publish","hentry"],"yoast_head":"<!-- This site is optimized with the Yoast SEO plugin v24.4 - https:\/\/yoast.com\/wordpress\/plugins\/seo\/ -->\n<title>Professionelle Kunst historischer F\u00fchrungen Grachtenhaus Museen<\/title>\n<meta name=\"description\" content=\"Professionelle Kunst historischer Rundgang Grachtenhaus Museen unter der Leitung von erfahrenen guides von ARTTRA in Amsterdam\" \/>\n<meta name=\"robots\" content=\"index, follow, max-snippet:-1, max-image-preview:large, max-video-preview:-1\" \/>\n<link rel=\"canonical\" href=\"https:\/\/arttra.com\/grachtenhuis-musea\/\" \/>\n<meta property=\"og:locale\" content=\"de_DE\" \/>\n<meta property=\"og:type\" content=\"article\" \/>\n<meta property=\"og:title\" content=\"Professionelle Kunst historischer F\u00fchrungen Grachtenhaus Museen\" \/>\n<meta property=\"og:description\" content=\"Professionelle Kunst historischer Rundgang Grachtenhaus Museen unter der Leitung von erfahrenen guides von ARTTRA in Amsterdam\" \/>\n<meta property=\"og:url\" content=\"https:\/\/arttra.com\/grachtenhuis-musea\/\" \/>\n<meta property=\"og:site_name\" content=\"www.arttra.com\" \/>\n<meta property=\"article:publisher\" content=\"https:\/\/www.facebook.com\/ARTTRA-cultureel-organisatiebureau-275685358514\" \/>\n<meta property=\"article:modified_time\" content=\"2023-10-12T17:43:32+00:00\" \/>\n<meta property=\"og:image\" content=\"https:\/\/arttra.com\/wp-content\/plugins\/advanced-wp-columns\/assets\/js\/plugins\/views\/img\/1x1-pixel.png\" \/>\n<meta name=\"twitter:card\" content=\"summary_large_image\" \/>\n<meta name=\"twitter:site\" content=\"@ARTTRA_NL\" \/>\n<meta name=\"twitter:label1\" content=\"Gesch\u00e4tzte Lesezeit\" \/>\n\t<meta name=\"twitter:data1\" content=\"5\u00a0Minuten\" \/>\n<script type=\"application\/ld+json\" class=\"yoast-schema-graph\">{\"@context\":\"https:\/\/schema.org\",\"@graph\":[{\"@type\":\"WebPage\",\"@id\":\"https:\/\/arttra.com\/grachtenhuis-musea\/\",\"url\":\"https:\/\/arttra.com\/grachtenhuis-musea\/\",\"name\":\"Professionelle Kunst historischer F\u00fchrungen Grachtenhaus Museen\",\"isPartOf\":{\"@id\":\"https:\/\/arttra.com\/#website\"},\"primaryImageOfPage\":{\"@id\":\"https:\/\/arttra.com\/grachtenhuis-musea\/#primaryimage\"},\"image\":{\"@id\":\"https:\/\/arttra.com\/grachtenhuis-musea\/#primaryimage\"},\"thumbnailUrl\":\"https:\/\/arttra.com\/wp-content\/plugins\/advanced-wp-columns\/assets\/js\/plugins\/views\/img\/1x1-pixel.png\",\"datePublished\":\"2016-07-18T12:46:35+00:00\",\"dateModified\":\"2023-10-12T17:43:32+00:00\",\"description\":\"Professionelle Kunst historischer Rundgang Grachtenhaus Museen unter der Leitung von erfahrenen guides von ARTTRA in Amsterdam\",\"breadcrumb\":{\"@id\":\"https:\/\/arttra.com\/grachtenhuis-musea\/#breadcrumb\"},\"inLanguage\":\"de\",\"potentialAction\":[{\"@type\":\"ReadAction\",\"target\":[\"https:\/\/arttra.com\/grachtenhuis-musea\/\"]}]},{\"@type\":\"ImageObject\",\"inLanguage\":\"de\",\"@id\":\"https:\/\/arttra.com\/grachtenhuis-musea\/#primaryimage\",\"url\":\"https:\/\/arttra.com\/wp-content\/plugins\/advanced-wp-columns\/assets\/js\/plugins\/views\/img\/1x1-pixel.png\",\"contentUrl\":\"https:\/\/arttra.com\/wp-content\/plugins\/advanced-wp-columns\/assets\/js\/plugins\/views\/img\/1x1-pixel.png\"},{\"@type\":\"BreadcrumbList\",\"@id\":\"https:\/\/arttra.com\/grachtenhuis-musea\/#breadcrumb\",\"itemListElement\":[{\"@type\":\"ListItem\",\"position\":1,\"name\":\"Home\",\"item\":\"https:\/\/arttra.com\/\"},{\"@type\":\"ListItem\",\"position\":2,\"name\":\"Grachtenhaus Museen\"}]},{\"@type\":\"WebSite\",\"@id\":\"https:\/\/arttra.com\/#website\",\"url\":\"https:\/\/arttra.com\/\",\"name\":\"www.arttra.com\",\"description\":\"ARTTRA cultureel organisatiebureau\",\"potentialAction\":[{\"@type\":\"SearchAction\",\"target\":{\"@type\":\"EntryPoint\",\"urlTemplate\":\"https:\/\/arttra.com\/?s={search_term_string}\"},\"query-input\":{\"@type\":\"PropertyValueSpecification\",\"valueRequired\":true,\"valueName\":\"search_term_string\"}}],\"inLanguage\":\"de\"}]}<\/script>\n<!-- \/ Yoast SEO plugin. -->","yoast_head_json":{"title":"Professionelle Kunst historischer F\u00fchrungen Grachtenhaus Museen","description":"Professionelle Kunst historischer Rundgang Grachtenhaus Museen unter der Leitung von erfahrenen guides von ARTTRA in Amsterdam","robots":{"index":"index","follow":"follow","max-snippet":"max-snippet:-1","max-image-preview":"max-image-preview:large","max-video-preview":"max-video-preview:-1"},"canonical":"https:\/\/arttra.com\/grachtenhuis-musea\/","og_locale":"de_DE","og_type":"article","og_title":"Professionelle Kunst historischer F\u00fchrungen Grachtenhaus Museen","og_description":"Professionelle Kunst historischer Rundgang Grachtenhaus Museen unter der Leitung von erfahrenen guides von ARTTRA in Amsterdam","og_url":"https:\/\/arttra.com\/grachtenhuis-musea\/","og_site_name":"www.arttra.com","article_publisher":"https:\/\/www.facebook.com\/ARTTRA-cultureel-organisatiebureau-275685358514","article_modified_time":"2023-10-12T17:43:32+00:00","og_image":[{"url":"https:\/\/arttra.com\/wp-content\/plugins\/advanced-wp-columns\/assets\/js\/plugins\/views\/img\/1x1-pixel.png","type":"","width":"","height":""}],"twitter_card":"summary_large_image","twitter_site":"@ARTTRA_NL","twitter_misc":{"Gesch\u00e4tzte Lesezeit":"5\u00a0Minuten"},"schema":{"@context":"https:\/\/schema.org","@graph":[{"@type":"WebPage","@id":"https:\/\/arttra.com\/grachtenhuis-musea\/","url":"https:\/\/arttra.com\/grachtenhuis-musea\/","name":"Professionelle Kunst historischer F\u00fchrungen Grachtenhaus Museen","isPartOf":{"@id":"https:\/\/arttra.com\/#website"},"primaryImageOfPage":{"@id":"https:\/\/arttra.com\/grachtenhuis-musea\/#primaryimage"},"image":{"@id":"https:\/\/arttra.com\/grachtenhuis-musea\/#primaryimage"},"thumbnailUrl":"https:\/\/arttra.com\/wp-content\/plugins\/advanced-wp-columns\/assets\/js\/plugins\/views\/img\/1x1-pixel.png","datePublished":"2016-07-18T12:46:35+00:00","dateModified":"2023-10-12T17:43:32+00:00","description":"Professionelle Kunst historischer Rundgang Grachtenhaus Museen unter der Leitung von erfahrenen guides von ARTTRA in Amsterdam","breadcrumb":{"@id":"https:\/\/arttra.com\/grachtenhuis-musea\/#breadcrumb"},"inLanguage":"de","potentialAction":[{"@type":"ReadAction","target":["https:\/\/arttra.com\/grachtenhuis-musea\/"]}]},{"@type":"ImageObject","inLanguage":"de","@id":"https:\/\/arttra.com\/grachtenhuis-musea\/#primaryimage","url":"https:\/\/arttra.com\/wp-content\/plugins\/advanced-wp-columns\/assets\/js\/plugins\/views\/img\/1x1-pixel.png","contentUrl":"https:\/\/arttra.com\/wp-content\/plugins\/advanced-wp-columns\/assets\/js\/plugins\/views\/img\/1x1-pixel.png"},{"@type":"BreadcrumbList","@id":"https:\/\/arttra.com\/grachtenhuis-musea\/#breadcrumb","itemListElement":[{"@type":"ListItem","position":1,"name":"Home","item":"https:\/\/arttra.com\/"},{"@type":"ListItem","position":2,"name":"Grachtenhaus Museen"}]},{"@type":"WebSite","@id":"https:\/\/arttra.com\/#website","url":"https:\/\/arttra.com\/","name":"www.arttra.com","description":"ARTTRA cultureel organisatiebureau","potentialAction":[{"@type":"SearchAction","target":{"@type":"EntryPoint","urlTemplate":"https:\/\/arttra.com\/?s={search_term_string}"},"query-input":{"@type":"PropertyValueSpecification","valueRequired":true,"valueName":"search_term_string"}}],"inLanguage":"de"}]}},"_links":{"self":[{"href":"https:\/\/arttra.com\/de\/wp-json\/wp\/v2\/pages\/7533","targetHints":{"allow":["GET"]}}],"collection":[{"href":"https:\/\/arttra.com\/de\/wp-json\/wp\/v2\/pages"}],"about":[{"href":"https:\/\/arttra.com\/de\/wp-json\/wp\/v2\/types\/page"}],"author":[{"embeddable":true,"href":"https:\/\/arttra.com\/de\/wp-json\/wp\/v2\/users\/5"}],"replies":[{"embeddable":true,"href":"https:\/\/arttra.com\/de\/wp-json\/wp\/v2\/comments?post=7533"}],"version-history":[{"count":4,"href":"https:\/\/arttra.com\/de\/wp-json\/wp\/v2\/pages\/7533\/revisions"}],"predecessor-version":[{"id":27132,"href":"https:\/\/arttra.com\/de\/wp-json\/wp\/v2\/pages\/7533\/revisions\/27132"}],"wp:attachment":[{"href":"https:\/\/arttra.com\/de\/wp-json\/wp\/v2\/media?parent=7533"}],"curies":[{"name":"wp","href":"https:\/\/api.w.org\/{rel}","templated":true}]}}