{"id":7754,"date":"2016-07-15T12:31:03","date_gmt":"2016-07-15T10:31:03","guid":{"rendered":"http:\/\/www.arttra.info\/wordpress\/de\/fietstochten\/"},"modified":"2024-12-14T16:43:07","modified_gmt":"2024-12-14T15:43:07","slug":"fietstochten","status":"publish","type":"page","link":"https:\/\/arttra.com\/de\/fietstochten\/","title":{"rendered":"Fietstochten"},"content":{"rendered":"<p>[et_pb_section fb_built=&#8220;1&#8243; admin_label=&#8220;section&#8220; _builder_version=&#8220;4.16&#8243; global_colors_info=&#8220;{}&#8220;][et_pb_row admin_label=&#8220;row&#8220; _builder_version=&#8220;4.16&#8243; background_size=&#8220;initial&#8220; background_position=&#8220;top_left&#8220; background_repeat=&#8220;repeat&#8220; global_colors_info=&#8220;{}&#8220;][et_pb_column type=&#8220;4_4&#8243; _builder_version=&#8220;4.16&#8243; custom_padding=&#8220;|||&#8220; global_colors_info=&#8220;{}&#8220; custom_padding__hover=&#8220;|||&#8220;][et_pb_divider color=&#8220;#000000&#8243; disabled_on=&#8220;on|on|off&#8220; admin_label=&#8220;Verdeler&#8220; _builder_version=&#8220;4.16&#8243; hide_on_mobile=&#8220;on&#8220; global_colors_info=&#8220;{}&#8220;] [\/et_pb_divider][\/et_pb_column][\/et_pb_row][et_pb_row column_structure=&#8220;1_4,3_4&#8243; admin_label=&#8220;Rij&#8220; _builder_version=&#8220;4.16&#8243; background_size=&#8220;initial&#8220; background_position=&#8220;top_left&#8220; background_repeat=&#8220;repeat&#8220; global_colors_info=&#8220;{}&#8220;][et_pb_column type=&#8220;1_4&#8243; _builder_version=&#8220;4.16&#8243; custom_padding=&#8220;|||&#8220; global_colors_info=&#8220;{}&#8220; custom_padding__hover=&#8220;|||&#8220;][et_pb_image src=&#8220;https:\/\/arttra.com\/wp-content\/uploads\/2016\/05\/logo-e1465027457922.png&#8220; align=&#8220;center&#8220; align_tablet=&#8220;center&#8220; align_phone=&#8220;&#8220; align_last_edited=&#8220;on|desktop&#8220; admin_label=&#8220;Afbeelding&#8220; _builder_version=&#8220;4.16&#8243; sticky=&#8220;off&#8220; global_colors_info=&#8220;{}&#8220;] [\/et_pb_image][et_pb_image src=&#8220;https:\/\/arttra.com\/wp-content\/uploads\/2016\/06\/artlo.png&#8220; align_tablet=&#8220;center&#8220; align_phone=&#8220;&#8220; align_last_edited=&#8220;on|desktop&#8220; admin_label=&#8220;Afbeelding&#8220; _builder_version=&#8220;4.16&#8243; sticky=&#8220;off&#8220; global_colors_info=&#8220;{}&#8220;] [\/et_pb_image][\/et_pb_column][et_pb_column type=&#8220;3_4&#8243; _builder_version=&#8220;4.16&#8243; custom_padding=&#8220;|||&#8220; global_colors_info=&#8220;{}&#8220; custom_padding__hover=&#8220;|||&#8220;][et_pb_image src=&#8220;https:\/\/arttra.com\/wp-content\/uploads\/2016\/07\/ijoevernoord.jpg&#8220; alt=&#8220;Fahrrad fahrten&#8220; force_fullwidth=&#8220;on&#8220; align_tablet=&#8220;center&#8220; align_phone=&#8220;&#8220; align_last_edited=&#8220;on|desktop&#8220; admin_label=&#8220;Image&#8220; _builder_version=&#8220;4.16&#8243; sticky=&#8220;off&#8220; global_colors_info=&#8220;{}&#8220;] [\/et_pb_image][\/et_pb_column][\/et_pb_row][et_pb_row column_structure=&#8220;1_4,3_4&#8243; admin_label=&#8220;Rij&#8220; _builder_version=&#8220;4.16&#8243; background_size=&#8220;initial&#8220; background_position=&#8220;top_left&#8220; background_repeat=&#8220;repeat&#8220; global_colors_info=&#8220;{}&#8220;][et_pb_column type=&#8220;1_4&#8243; _builder_version=&#8220;4.16&#8243; custom_padding=&#8220;|||&#8220; global_colors_info=&#8220;{}&#8220; custom_padding__hover=&#8220;|||&#8220;][et_pb_divider color=&#8220;#000000&#8243; disabled_on=&#8220;on|on|off&#8220; admin_label=&#8220;Verdeler&#8220; _builder_version=&#8220;4.16&#8243; hide_on_mobile=&#8220;on&#8220; global_colors_info=&#8220;{}&#8220;] [\/et_pb_divider][et_pb_text admin_label=&#8220;Text&#8220; _builder_version=&#8220;4.24.2&#8243; text_font_size=&#8220;15&#8243; background_size=&#8220;initial&#8220; background_position=&#8220;top_left&#8220; background_repeat=&#8220;repeat&#8220; hover_enabled=&#8220;0&#8243; global_module=&#8220;9976&#8243; saved_tabs=&#8220;all&#8220; global_colors_info=&#8220;{}&#8220; sticky_enabled=&#8220;0&#8243;]<\/p>\n<p><strong>Fahrradfahrten<\/strong><br \/>Mit Ihrer ARTTRA-F\u00fchrung unternehmen Sie eine \u00fcberraschende Fahrradfahrt durch ein unbekanntes Amsterdam.<\/p>\n<p><strong>Personenzahl<\/strong><br \/>1 &#8211; 300 Personen<\/p>\n<p><strong>Gruppe (pro F\u00fchrer)<\/strong><br \/>1 &#8211; 15 personen<\/p>\n<p><strong>Dauer<\/strong><br \/>minimum 2 Stunden<\/p>\n<p><strong>Preis<\/strong><br \/>\u20ac 125,- pro F\u00fchrer\/Stunde<\/p>\n<p><strong>Fahrradverleih <\/strong><br \/>Mit oder ohne<\/p>\n<p>[\/et_pb_text][\/et_pb_column][et_pb_column type=&#8220;3_4&#8243; _builder_version=&#8220;4.16&#8243; custom_padding=&#8220;|||&#8220; global_colors_info=&#8220;{}&#8220; custom_padding__hover=&#8220;|||&#8220;][et_pb_blurb image_icon_width=&#8220;none&#8220; admin_label=&#8220;Blurb&#8220; _builder_version=&#8220;4.16&#8243; background_color=&#8220;#ad8b38&#8243; background_size=&#8220;initial&#8220; background_position=&#8220;top_left&#8220; background_repeat=&#8220;repeat&#8220; background_layout=&#8220;dark&#8220; custom_padding=&#8220;8px|5px|5px|8px&#8220; image_max_width=&#8220;none&#8220; saved_tabs=&#8220;all&#8220; global_colors_info=&#8220;{}&#8220;]<\/p>\n<h1 style=\"text-align: center;\"><strong>Fahrradfahrten<\/strong>\u00a0in Amsterdam<\/h1>\n<p>[\/et_pb_blurb][et_pb_divider color=&#8220;#ffffff&#8220; divider_weight=&#8220;7&#8243; disabled_on=&#8220;on|on|off&#8220; admin_label=&#8220;Divider&#8220; _builder_version=&#8220;4.16&#8243; height=&#8220;6&#8243; hide_on_mobile=&#8220;on&#8220; global_colors_info=&#8220;{}&#8220;] [\/et_pb_divider][et_pb_text admin_label=&#8220;Tekst&#8220; _builder_version=&#8220;4.16&#8243; text_font=&#8220;|on|||&#8220; text_font_size=&#8220;13&#8243; text_line_height=&#8220;1.7000000000000002em&#8220; background_size=&#8220;initial&#8220; background_position=&#8220;top_left&#8220; background_repeat=&#8220;repeat&#8220; saved_tabs=&#8220;all&#8220; global_colors_info=&#8220;{}&#8220;]<\/p>\n<div class=\"csRow\">\n<div class=\"csColumnGap\" style=\"margin: 0px; padding: 0px; float: left; width: 1.56%;\"><img decoding=\"async\" style=\"border: none;\" src=\"https:\/\/arttra.com\/wp-content\/plugins\/advanced-wp-columns\/assets\/js\/plugins\/views\/img\/1x1-pixel.png\" \/><\/div>\n<div class=\"csColumnGap\" style=\"margin: 0px; padding: 0px; float: left; width: 1.56%;\"><img decoding=\"async\" style=\"border: none;\" src=\"https:\/\/arttra.com\/wp-content\/plugins\/advanced-wp-columns\/assets\/js\/plugins\/views\/img\/1x1-pixel.png\" \/><\/div>\n<div class=\"csColumn\" style=\"margin: 0px; padding: 0px; float: left; width: 23%; text-align: center;\" data-csstartpoint=\"251.25\" data-csendpoint=\"472.5\" data-cswidth=\"23.0%\" data-csid=\"180e8e55-2b13-6768-986e-aa4c7a11459b\">\u00a0<a href=\"https:\/\/arttra.com\/de\/noorderlijke-ij-oevers\/\" rel=\"attachment wp-att-4001\"><img loading=\"lazy\" decoding=\"async\" class=\"aligncenter wp-image-5158 size-full\" style=\"-moz-box-shadow: 0px 0px 10px 5px #000; -webkit-box-shadow: 0px 0px #000; box-shadow: 0px 0px #000; border: 10 solid; ; behavior: url('http:\/\/www.arttra.com\/wp-content\/plugins\/roundit\/pie\/PIE.php'); position: relative;\" src=\"http:\/\/www.arttra.com\/wp-content\/uploads\/2016\/07\/no1.png\" width=\"140\" height=\"140\" \/><\/a><a href=\"https:\/\/arttra.com\/de\/noorderlijke-ij-oevers\/\"><strong>IJ-Ufer<\/strong><\/a><\/div>\n<div class=\"csColumnGap\" style=\"margin: 0px; padding: 0px; float: left; width: 1.56%;\"><img decoding=\"async\" style=\"border: none;\" src=\"https:\/\/arttra.com\/wp-content\/plugins\/advanced-wp-columns\/assets\/js\/plugins\/views\/img\/1x1-pixel.png\" \/><\/div>\n<div class=\"csColumn\" style=\"margin: 0px; padding: 0px; float: left; width: 23%; text-align: center;\" data-csstartpoint=\"487.5\" data-csendpoint=\"708.75\" data-cswidth=\"23.0%\" data-csid=\"99cab06a-2f75-f0ef-9941-404a080007b9\">\u00a0<a href=\"https:\/\/arttra.com\/de\/fietstocht-amsterdamse-school-zuid\/\" rel=\"attachment wp-att-4001\"><img loading=\"lazy\" decoding=\"async\" class=\"aligncenter wp-image-5162 size-full\" style=\"-moz-box-shadow: 0px 0px 10px 5px #000; -webkit-box-shadow: 0px 0px #000; box-shadow: 0px 0px #000; border: 10 solid; ; behavior: url('http:\/\/www.arttra.com\/wp-content\/plugins\/roundit\/pie\/PIE.php'); position: relative;\" src=\"http:\/\/www.arttra.com\/wp-content\/uploads\/2016\/07\/asc1-1.png\" width=\"140\" height=\"140\" \/><\/a><a href=\"https:\/\/arttra.com\/de\/fietstocht-amsterdamse-school-zuid\/\">Amsterdam School Architektur &amp; Amsterdam Sud<\/a><\/div>\n<div class=\"csColumnGap\" style=\"margin: 0px; padding: 0px; float: left; width: 1.56%;\"><img decoding=\"async\" style=\"border: none;\" src=\"https:\/\/arttra.com\/wp-content\/plugins\/advanced-wp-columns\/assets\/js\/plugins\/views\/img\/1x1-pixel.png\" \/><\/div>\n<div class=\"csColumn\" style=\"margin: 0px; padding: 0px; float: left; width: 23%; text-align: center;\" data-csstartpoint=\"723.75\" data-csendpoint=\"945\" data-cswidth=\"23.0%\" data-csid=\"31417276-7d82-da22-bdf1-7ad9162ba939\">\u00a0<a href=\"https:\/\/arttra.com\/de\/fietstocht-hedendaagse-architectuur-duits\"><img loading=\"lazy\" decoding=\"async\" src=\"https:\/\/arttra.com\/wp-content\/uploads\/2021\/03\/flat-e1468581592642-140x140-1-140x140.png\" alt=\"\" class=\"wp-image-25612 aligncenter size-medium\" width=\"140\" height=\"140\" \/><\/a><a href=\"https:\/\/arttra.com\/de\/fietstocht-hedendaagse-architectuur-duits\/\"><strong>Zeitgenossige Architektur<\/strong><\/a><\/div>\n<div class=\"csColumnGap\" style=\"margin: 0px; padding: 0px; float: left; width: 1.56%;\"><img decoding=\"async\" style=\"border: none;\" src=\"https:\/\/arttra.com\/wp-content\/plugins\/advanced-wp-columns\/assets\/js\/plugins\/views\/img\/1x1-pixel.png\" \/><\/div>\n<div style=\"clear: both; float: none; display: block; visibility: hidden; width: 0px; font-size: 0px; line-height: 0;\"><\/div>\n<\/div>\n<p>&nbsp;<\/p>\n<p>[\/et_pb_text][\/et_pb_column][\/et_pb_row][\/et_pb_section]<\/p>\n","protected":false},"excerpt":{"rendered":"<p>FahrradfahrtenMit Ihrer ARTTRA-F\u00fchrung unternehmen Sie eine \u00fcberraschende Fahrradfahrt durch ein unbekanntes Amsterdam. Personenzahl1 &#8211; 300 Personen Gruppe (pro F\u00fchrer)1 &#8211; 15 personen Dauerminimum 2 Stunden Preis\u20ac 125,- pro F\u00fchrer\/Stunde Fahrradverleih Mit oder ohneFahrradfahrten\u00a0in Amsterdam \u00a0IJ-Ufer \u00a0Amsterdam School Architektur &amp; Amsterdam Sud \u00a0Zeitgenossige Architektur &nbsp;<\/p>\n","protected":false},"author":5,"featured_media":0,"parent":0,"menu_order":0,"comment_status":"closed","ping_status":"closed","template":"","meta":{"_et_pb_use_builder":"on","_et_pb_old_content":"","_et_gb_content_width":"","footnotes":""},"class_list":["post-7754","page","type-page","status-publish","hentry"],"yoast_head":"<!-- This site is optimized with the Yoast SEO plugin v24.4 - https:\/\/yoast.com\/wordpress\/plugins\/seo\/ -->\n<title>Fahrradtouren in Amsterdam<\/title>\n<meta name=\"robots\" content=\"index, follow, max-snippet:-1, max-image-preview:large, max-video-preview:-1\" \/>\n<link rel=\"canonical\" href=\"https:\/\/arttra.com\/de\/fietstochten\/\" \/>\n<meta property=\"og:locale\" content=\"de_DE\" \/>\n<meta property=\"og:type\" content=\"article\" \/>\n<meta property=\"og:title\" content=\"Fahrradtouren in Amsterdam\" \/>\n<meta property=\"og:description\" content=\"FahrradfahrtenMit Ihrer ARTTRA-F\u00fchrung unternehmen Sie eine \u00fcberraschende Fahrradfahrt durch ein unbekanntes Amsterdam. Personenzahl1 - 300 Personen Gruppe (pro F\u00fchrer)1 - 15 personen Dauerminimum 2 Stunden Preis\u20ac 125,- pro F\u00fchrer\/Stunde Fahrradverleih Mit oder ohneFahrradfahrten\u00a0in Amsterdam \u00a0IJ-Ufer \u00a0Amsterdam School Architektur &amp; Amsterdam Sud \u00a0Zeitgenossige Architektur &nbsp;\" \/>\n<meta property=\"og:url\" content=\"https:\/\/arttra.com\/de\/fietstochten\/\" \/>\n<meta property=\"og:site_name\" content=\"www.arttra.com\" \/>\n<meta property=\"article:publisher\" content=\"https:\/\/www.facebook.com\/ARTTRA-cultureel-organisatiebureau-275685358514\" \/>\n<meta property=\"article:modified_time\" content=\"2024-12-14T15:43:07+00:00\" \/>\n<meta property=\"og:image\" content=\"https:\/\/arttra.com\/wp-content\/plugins\/advanced-wp-columns\/assets\/js\/plugins\/views\/img\/1x1-pixel.png\" \/>\n<meta name=\"twitter:card\" content=\"summary_large_image\" \/>\n<meta name=\"twitter:site\" content=\"@ARTTRA_NL\" \/>\n<meta name=\"twitter:label1\" content=\"Gesch\u00e4tzte Lesezeit\" \/>\n\t<meta name=\"twitter:data1\" content=\"3\u00a0Minuten\" \/>\n<script type=\"application\/ld+json\" class=\"yoast-schema-graph\">{\"@context\":\"https:\/\/schema.org\",\"@graph\":[{\"@type\":\"WebPage\",\"@id\":\"https:\/\/arttra.com\/de\/fietstochten\/\",\"url\":\"https:\/\/arttra.com\/de\/fietstochten\/\",\"name\":\"Fahrradtouren in Amsterdam\",\"isPartOf\":{\"@id\":\"https:\/\/arttra.com\/#website\"},\"primaryImageOfPage\":{\"@id\":\"https:\/\/arttra.com\/de\/fietstochten\/#primaryimage\"},\"image\":{\"@id\":\"https:\/\/arttra.com\/de\/fietstochten\/#primaryimage\"},\"thumbnailUrl\":\"https:\/\/arttra.com\/wp-content\/plugins\/advanced-wp-columns\/assets\/js\/plugins\/views\/img\/1x1-pixel.png\",\"datePublished\":\"2016-07-15T10:31:03+00:00\",\"dateModified\":\"2024-12-14T15:43:07+00:00\",\"breadcrumb\":{\"@id\":\"https:\/\/arttra.com\/de\/fietstochten\/#breadcrumb\"},\"inLanguage\":\"de\",\"potentialAction\":[{\"@type\":\"ReadAction\",\"target\":[\"https:\/\/arttra.com\/de\/fietstochten\/\"]}]},{\"@type\":\"ImageObject\",\"inLanguage\":\"de\",\"@id\":\"https:\/\/arttra.com\/de\/fietstochten\/#primaryimage\",\"url\":\"https:\/\/arttra.com\/wp-content\/plugins\/advanced-wp-columns\/assets\/js\/plugins\/views\/img\/1x1-pixel.png\",\"contentUrl\":\"https:\/\/arttra.com\/wp-content\/plugins\/advanced-wp-columns\/assets\/js\/plugins\/views\/img\/1x1-pixel.png\"},{\"@type\":\"BreadcrumbList\",\"@id\":\"https:\/\/arttra.com\/de\/fietstochten\/#breadcrumb\",\"itemListElement\":[{\"@type\":\"ListItem\",\"position\":1,\"name\":\"Home\",\"item\":\"https:\/\/arttra.com\/\"},{\"@type\":\"ListItem\",\"position\":2,\"name\":\"Fietstochten\"}]},{\"@type\":\"WebSite\",\"@id\":\"https:\/\/arttra.com\/#website\",\"url\":\"https:\/\/arttra.com\/\",\"name\":\"www.arttra.com\",\"description\":\"ARTTRA cultureel organisatiebureau\",\"potentialAction\":[{\"@type\":\"SearchAction\",\"target\":{\"@type\":\"EntryPoint\",\"urlTemplate\":\"https:\/\/arttra.com\/?s={search_term_string}\"},\"query-input\":{\"@type\":\"PropertyValueSpecification\",\"valueRequired\":true,\"valueName\":\"search_term_string\"}}],\"inLanguage\":\"de\"}]}<\/script>\n<!-- \/ Yoast SEO plugin. -->","yoast_head_json":{"title":"Fahrradtouren in Amsterdam","robots":{"index":"index","follow":"follow","max-snippet":"max-snippet:-1","max-image-preview":"max-image-preview:large","max-video-preview":"max-video-preview:-1"},"canonical":"https:\/\/arttra.com\/de\/fietstochten\/","og_locale":"de_DE","og_type":"article","og_title":"Fahrradtouren in Amsterdam","og_description":"FahrradfahrtenMit Ihrer ARTTRA-F\u00fchrung unternehmen Sie eine \u00fcberraschende Fahrradfahrt durch ein unbekanntes Amsterdam. Personenzahl1 - 300 Personen Gruppe (pro F\u00fchrer)1 - 15 personen Dauerminimum 2 Stunden Preis\u20ac 125,- pro F\u00fchrer\/Stunde Fahrradverleih Mit oder ohneFahrradfahrten\u00a0in Amsterdam \u00a0IJ-Ufer \u00a0Amsterdam School Architektur &amp; Amsterdam Sud \u00a0Zeitgenossige Architektur &nbsp;","og_url":"https:\/\/arttra.com\/de\/fietstochten\/","og_site_name":"www.arttra.com","article_publisher":"https:\/\/www.facebook.com\/ARTTRA-cultureel-organisatiebureau-275685358514","article_modified_time":"2024-12-14T15:43:07+00:00","og_image":[{"url":"https:\/\/arttra.com\/wp-content\/plugins\/advanced-wp-columns\/assets\/js\/plugins\/views\/img\/1x1-pixel.png","type":"","width":"","height":""}],"twitter_card":"summary_large_image","twitter_site":"@ARTTRA_NL","twitter_misc":{"Gesch\u00e4tzte Lesezeit":"3\u00a0Minuten"},"schema":{"@context":"https:\/\/schema.org","@graph":[{"@type":"WebPage","@id":"https:\/\/arttra.com\/de\/fietstochten\/","url":"https:\/\/arttra.com\/de\/fietstochten\/","name":"Fahrradtouren in Amsterdam","isPartOf":{"@id":"https:\/\/arttra.com\/#website"},"primaryImageOfPage":{"@id":"https:\/\/arttra.com\/de\/fietstochten\/#primaryimage"},"image":{"@id":"https:\/\/arttra.com\/de\/fietstochten\/#primaryimage"},"thumbnailUrl":"https:\/\/arttra.com\/wp-content\/plugins\/advanced-wp-columns\/assets\/js\/plugins\/views\/img\/1x1-pixel.png","datePublished":"2016-07-15T10:31:03+00:00","dateModified":"2024-12-14T15:43:07+00:00","breadcrumb":{"@id":"https:\/\/arttra.com\/de\/fietstochten\/#breadcrumb"},"inLanguage":"de","potentialAction":[{"@type":"ReadAction","target":["https:\/\/arttra.com\/de\/fietstochten\/"]}]},{"@type":"ImageObject","inLanguage":"de","@id":"https:\/\/arttra.com\/de\/fietstochten\/#primaryimage","url":"https:\/\/arttra.com\/wp-content\/plugins\/advanced-wp-columns\/assets\/js\/plugins\/views\/img\/1x1-pixel.png","contentUrl":"https:\/\/arttra.com\/wp-content\/plugins\/advanced-wp-columns\/assets\/js\/plugins\/views\/img\/1x1-pixel.png"},{"@type":"BreadcrumbList","@id":"https:\/\/arttra.com\/de\/fietstochten\/#breadcrumb","itemListElement":[{"@type":"ListItem","position":1,"name":"Home","item":"https:\/\/arttra.com\/"},{"@type":"ListItem","position":2,"name":"Fietstochten"}]},{"@type":"WebSite","@id":"https:\/\/arttra.com\/#website","url":"https:\/\/arttra.com\/","name":"www.arttra.com","description":"ARTTRA cultureel organisatiebureau","potentialAction":[{"@type":"SearchAction","target":{"@type":"EntryPoint","urlTemplate":"https:\/\/arttra.com\/?s={search_term_string}"},"query-input":{"@type":"PropertyValueSpecification","valueRequired":true,"valueName":"search_term_string"}}],"inLanguage":"de"}]}},"_links":{"self":[{"href":"https:\/\/arttra.com\/de\/wp-json\/wp\/v2\/pages\/7754","targetHints":{"allow":["GET"]}}],"collection":[{"href":"https:\/\/arttra.com\/de\/wp-json\/wp\/v2\/pages"}],"about":[{"href":"https:\/\/arttra.com\/de\/wp-json\/wp\/v2\/types\/page"}],"author":[{"embeddable":true,"href":"https:\/\/arttra.com\/de\/wp-json\/wp\/v2\/users\/5"}],"replies":[{"embeddable":true,"href":"https:\/\/arttra.com\/de\/wp-json\/wp\/v2\/comments?post=7754"}],"version-history":[{"count":6,"href":"https:\/\/arttra.com\/de\/wp-json\/wp\/v2\/pages\/7754\/revisions"}],"predecessor-version":[{"id":27878,"href":"https:\/\/arttra.com\/de\/wp-json\/wp\/v2\/pages\/7754\/revisions\/27878"}],"wp:attachment":[{"href":"https:\/\/arttra.com\/de\/wp-json\/wp\/v2\/media?parent=7754"}],"curies":[{"name":"wp","href":"https:\/\/api.w.org\/{rel}","templated":true}]}}