{"id":6809,"date":"2016-08-30T15:01:06","date_gmt":"2016-08-30T13:01:06","guid":{"rendered":"http:\/\/www.arttra.info\/wordpress\/es\/?page_id=6809"},"modified":"2019-11-18T15:19:06","modified_gmt":"2019-11-18T14:19:06","slug":"arttra","status":"publish","type":"page","link":"https:\/\/arttra.com\/es\/arttra\/","title":{"rendered":"ARTTRA"},"content":{"rendered":"<p>[et_pb_section fb_built=\u00bb1&#8243; admin_label=\u00bbsection\u00bb _builder_version=\u00bb3.0.74&#8243; transparent_background=\u00bboff\u00bb][et_pb_row admin_label=\u00bbrow\u00bb _builder_version=\u00bb3.0.48&#8243; background_size=\u00bbinitial\u00bb background_position=\u00bbtop_left\u00bb background_repeat=\u00bbrepeat\u00bb][et_pb_column type=\u00bb4_4&#8243; _builder_version=\u00bb3.0.47&#8243; parallax=\u00bboff\u00bb parallax_method=\u00bbon\u00bb][et_pb_divider color=\u00bb#000000&#8243; divider_weight=\u00bb1px\u00bb disabled_on=\u00bbon|on|off\u00bb admin_label=\u00bbVerdeler\u00bb _builder_version=\u00bb3.2&#8243; hide_on_mobile=\u00bbon\u00bb] [\/et_pb_divider][\/et_pb_column][\/et_pb_row][et_pb_row admin_label=\u00bbRij\u00bb _builder_version=\u00bb3.0.48&#8243; background_size=\u00bbinitial\u00bb background_position=\u00bbtop_left\u00bb background_repeat=\u00bbrepeat\u00bb][et_pb_column type=\u00bb1_4&#8243; _builder_version=\u00bb3.0.47&#8243; parallax=\u00bboff\u00bb parallax_method=\u00bbon\u00bb][et_pb_image src=\u00bbhttp:\/\/arttra.com\/wp-content\/uploads\/2016\/05\/logo-e1465027457922.png\u00bb align=\u00bbcenter\u00bb admin_label=\u00bbAfbeelding\u00bb _builder_version=\u00bb3.0.87&#8243; sticky=\u00bboff\u00bb use_border_color=\u00bboff\u00bb border_color=\u00bb#ffffff\u00bb border_width=\u00bb1px\u00bb border_style=\u00bbsolid\u00bb saved_tabs=\u00bball\u00bb] [\/et_pb_image][et_pb_image src=\u00bbhttp:\/\/arttra.com\/wp-content\/uploads\/2016\/06\/artlo.png\u00bb admin_label=\u00bbAfbeelding\u00bb _builder_version=\u00bb3.0.87&#8243; sticky=\u00bboff\u00bb use_border_color=\u00bboff\u00bb border_color=\u00bb#ffffff\u00bb border_width=\u00bb1px\u00bb border_style=\u00bbsolid\u00bb saved_tabs=\u00bball\u00bb] [\/et_pb_image][\/et_pb_column][et_pb_column type=\u00bb3_4&#8243; _builder_version=\u00bb3.0.47&#8243; parallax=\u00bboff\u00bb parallax_method=\u00bbon\u00bb][et_pb_image src=\u00bbhttp:\/\/arttra.com\/wp-content\/uploads\/2019\/11\/artbi1-5.jpg\u00bb _builder_version=\u00bb3.18.7&#8243;][\/et_pb_image][\/et_pb_column][\/et_pb_row][et_pb_row admin_label=\u00bbRij\u00bb _builder_version=\u00bb3.0.48&#8243; background_size=\u00bbinitial\u00bb background_position=\u00bbtop_left\u00bb background_repeat=\u00bbrepeat\u00bb][et_pb_column type=\u00bb1_4&#8243; _builder_version=\u00bb3.0.47&#8243; parallax=\u00bboff\u00bb parallax_method=\u00bbon\u00bb][et_pb_divider color=\u00bb#000000&#8243; divider_weight=\u00bb1px\u00bb disabled_on=\u00bbon|on|off\u00bb admin_label=\u00bbVerdeler\u00bb _builder_version=\u00bb3.2&#8243; hide_on_mobile=\u00bbon\u00bb] [\/et_pb_divider][et_pb_text admin_label=\u00bbTekst\u00bb _builder_version=\u00bb3.0.87&#8243; background_size=\u00bbinitial\u00bb background_position=\u00bbtop_left\u00bb background_repeat=\u00bbrepeat\u00bb use_border_color=\u00bboff\u00bb border_style=\u00bbsolid\u00bb] <div class=\"frm_forms  with_frm_style frm_style_formidable-style\" id=\"frm_form_105_container\" data-token=\"975c0b6df5ffcf11f29dacf12ac23e96\">\n<form enctype=\"multipart\/form-data\" method=\"post\" class=\"frm-show-form \" id=\"form_gjyq533\" data-token=\"975c0b6df5ffcf11f29dacf12ac23e96\">\n<div class=\"frm_form_fields \">\n<fieldset>\n<legend class=\"frm_hidden\">Nieuwsbrief aanmelden spaans<\/legend>\r\n\r\n<div class=\"frm_fields_container\">\n<input type=\"hidden\" name=\"frm_action\" value=\"create\" \/>\n<input type=\"hidden\" name=\"form_id\" value=\"105\" \/>\n<input type=\"hidden\" name=\"frm_hide_fields_105\" id=\"frm_hide_fields_105\" value=\"\" \/>\n<input type=\"hidden\" name=\"form_key\" value=\"gjyq533\" \/>\n<input type=\"hidden\" name=\"item_meta[0]\" value=\"\" \/>\n<input type=\"hidden\" id=\"frm_submit_entry_105\" name=\"frm_submit_entry_105\" value=\"7fbcceccef\" \/><input type=\"hidden\" name=\"_wp_http_referer\" value=\"\/es\/wp-json\/wp\/v2\/pages\/6809\" \/><div id=\"frm_field_1300_container\" class=\"frm_form_field form-field  frm_required_field frm_top_container vertical_radio\">\r\n    <label  class=\"frm_primary_label\">Ahora firme para arriba para su bolet\u00edn gratuito! (bolet\u00edn ingl\u00e9s)\r\n        <span class=\"frm_required\"><\/span>\r\n    <\/label>\r\n    <div class=\"frm_opt_container\">\t\t<div class=\"frm_checkbox\" id=\"frm_checkbox_1300-0\">\t\t\t<label  for=\"field_blif433-0\">\n\t\t\t<input type=\"checkbox\" name=\"item_meta[1300][]\" id=\"field_blif433-0\" value=\"&quot;\u00c3\u009anet\"  data-reqmsg=\"Dit veld mag niet leeg zijn.\" data-invmsg=\"Ahora firme para arriba para su bolet\u00edn gratuito! (bolet\u00edn ingl\u00e9s) no es v\u00e1lido\" aria-invalid=\"false\"   aria-required=\"true\"  \/> \"\u00c3\u009anet<\/label><\/div>\n<\/div>\r\n    \r\n    \r\n<\/div>\n<div id=\"frm_field_1301_container\" class=\"frm_form_field form-field  frm_required_field frm_top_container\">\r\n    <label for=\"field_8boxq33\" class=\"frm_primary_label\">nombre\r\n        <span class=\"frm_required\">*<\/span>\r\n    <\/label>\r\n    <input type=\"text\" id=\"field_8boxq33\" name=\"item_meta[1301]\" value=\"\"  data-reqmsg=\"Dit veld mag niet leeg zijn.\" aria-required=\"true\" data-invmsg=\"nombre no es v\u00e1lido\" aria-invalid=\"false\"  \/>\r\n    \r\n    \r\n<\/div>\n<div id=\"frm_field_1302_container\" class=\"frm_form_field form-field  frm_required_field frm_top_container\">\r\n    <label for=\"field_5cfaa33\" class=\"frm_primary_label\">E-mail\r\n        <span class=\"frm_required\">*<\/span>\r\n    <\/label>\r\n    <input type=\"email\" id=\"field_5cfaa33\" name=\"item_meta[1302]\" value=\"\"  data-reqmsg=\"Dit veld mag niet leeg zijn.\" aria-required=\"true\" data-invmsg=\"E-mailadres is ongeldig\" aria-invalid=\"false\"  \/>\r\n    \r\n    \r\n<\/div>\n<div id=\"frm_field_6248_container\" class=\"frm_form_field form-field  frm_none_container\">\n\t<label for=\"g-recaptcha-response\" id=\"field_pj8tu_label\" class=\"frm_primary_label\">Captcha\n\t\t<span class=\"frm_required\" aria-hidden=\"true\"><\/span>\n\t<\/label>\n\t<div  id=\"field_pj8tu\" class=\"frm-g-recaptcha\" data-sitekey=\"6LfILLgpAAAAAPO8E1NOjgLSVAZ5t-S0KD13ZQX4\" data-size=\"invisible\" data-theme=\"light\"><\/div>\n\t\n\t\n<\/div>\n<div id=\"frm_field_6247_container\" class=\"frm_form_field form-field \">\n\t<div class=\"frm_submit\">\r\n\r\n<input type=\"submit\" value=\"Verzenden\"  \/>\r\n<img decoding=\"async\" class=\"frm_ajax_loading\" src=\"https:\/\/arttra.com\/wp-content\/plugins\/formidable\/images\/ajax_loader.gif\" alt=\"Bezig met versturen\"\/>\r\n\r\n<\/div>\n<\/div>\n\t<input type=\"hidden\" name=\"item_key\" value=\"\" \/>\n\t\t\t\t<div class=\"frm__65d9c45751049\">\n\t\t\t\t<label for=\"frm_email_105\" >\n\t\t\t\t\tSi eres humano, deja este campo en blanco.\t\t\t\t<\/label>\n\t\t\t\t<input  id=\"frm_email_105\" type=\"email\" class=\"frm_verify\" name=\"frm__65d9c45751049\" value=\"\"  \/>\n\t\t\t<\/div>\n\t\t<\/div>\n<\/fieldset>\n<\/div>\n\n<\/form>\n<\/div>\n [\/et_pb_text][\/et_pb_column][et_pb_column type=\u00bb1_2&#8243; _builder_version=\u00bb3.0.47&#8243; parallax=\u00bboff\u00bb parallax_method=\u00bbon\u00bb][et_pb_blurb admin_label=\u00bbBlurb\u00bb _builder_version=\u00bb3.0.87&#8243; background_color=\u00bb#ad8b38&#8243; background_size=\u00bbinitial\u00bb background_position=\u00bbtop_left\u00bb background_repeat=\u00bbrepeat\u00bb background_layout=\u00bbdark\u00bb custom_margin=\u00bb5px|5px|5px|\u00bb custom_padding=\u00bb5px|5px||8px\u00bb use_border_color=\u00bboff\u00bb border_color=\u00bb#ffffff\u00bb border_width=\u00bb1px\u00bb border_style=\u00bbsolid\u00bb saved_tabs=\u00bball\u00bb]<\/p>\n<h2 style=\"text-align: center;\">ARTTRA<\/h2>\n<p>[\/et_pb_blurb][et_pb_divider show_divider=\u00bboff\u00bb disabled_on=\u00bbon|on|off\u00bb admin_label=\u00bbVerdeler\u00bb _builder_version=\u00bb3.2&#8243; hide_on_mobile=\u00bbon\u00bb] [\/et_pb_divider][et_pb_text admin_label=\u00bbTekst\u00bb _builder_version=\u00bb3.0.87&#8243; background_size=\u00bbinitial\u00bb background_position=\u00bbtop_left\u00bb background_repeat=\u00bbrepeat\u00bb use_border_color=\u00bboff\u00bb border_style=\u00bbsolid\u00bb]<\/p>\n<p><strong>Desde 1985, ARTTRA se ha propuesto ofrecer programas culturales a la medida a empresas, instituciones y particulares.<\/strong><br \/>\nEn la realizaci\u00f3n de esta tarea, ARTTRA se distingue por su flexibilidad y por la calidad de sus servicios, tanto en la organizaci\u00f3n como en el nivel art\u00edstico y cultural. \u2028\u2028Nuestra empresa emplea \u00fanicamente a especialistas altamente calificados, como historiadores de arte y especialistas en organizaci\u00f3n. Muchos empresarios o particulares que desean ofrecer a sus invitados un programa cultural de alto nivel, han encontrado ya el camino hacia ARTTRA. Cuando se decide hacer una salida en el \u00e1mbito cultural, se est\u00e1 seguro de ofrecer a sus invitados una experiencia particularmente valiosa, ya se trate de recibir a clientes por parte de la Direcci\u00f3n de una empresa, de guiar a personas procedentes del exterior, de una jornada consagrada a la arquitectura para una asociaci\u00f3n art\u00edstica, de un taller de pintura o de la excursi\u00f3n de un fin de semana a cualquier ciudad de los Pa\u00edses Bajos o Espa\u00f1a, ARTTRA garantiza un programa a su total satisfacci\u00f3n, ejecutado con cuidado y competencia.<\/p>\n<p><strong>En resumen, ARTTRA ofrece programas:<\/strong><\/p>\n<ul>\n<li>Dirigidos por historiadores de arte u otros especialistas, destinados a grupos peque\u00f1os;<\/li>\n<li>En holand\u00e9s, franc\u00e9s, alem\u00e1n, ingl\u00e9s, italiano, espa\u00f1ol, portugu\u00e9s, ruso, japon\u00e9s o chino;<\/li>\n<li>Organizados en m\u00f3dulos independientes, como visitas guiadas a los museos o tours en barco, con un determinado tema;<\/li>\n<li>Que combinan de manera l\u00fadica lo interesante con lo agradable;<\/li>\n<li>Con almuerzos o cenas espectaculares en lugares especiales;<\/li>\n<li>Con acompa\u00f1amiento musical, teatral o de otra naturaleza;<\/li>\n<li>Con transporte en taxi o en coches de lujo;<\/li>\n<li>Todos los d\u00edas de la semana y tambi\u00e9n en las noches<\/li>\n<\/ul>\n<p>[\/et_pb_text][et_pb_divider color=\u00bb#ad8b38&#8243; divider_position=\u00bbcenter\u00bb divider_weight=\u00bb1px\u00bb height=\u00bb6px\u00bb disabled_on=\u00bbon|on|off\u00bb admin_label=\u00bbVerdeler\u00bb _builder_version=\u00bb3.2&#8243; hide_on_mobile=\u00bbon\u00bb saved_tabs=\u00bball\u00bb] [\/et_pb_divider][et_pb_text admin_label=\u00bbTekst\u00bb _builder_version=\u00bb3.0.87&#8243; background_size=\u00bbinitial\u00bb background_position=\u00bbtop_left\u00bb background_repeat=\u00bbrepeat\u00bb use_border_color=\u00bboff\u00bb border_style=\u00bbsolid\u00bb]<\/p>\n<p><strong><span style=\"color: #000000;\">L<\/span><\/strong><strong>os clientes<\/strong>:<\/p>\n<p>ABNAMRO, Alcon, Akzo Nobel, American Express, AstraZeneca, ATPI, Bank ten Cate, Bonar Technical Fabrics, CAK, Cartier, Ciba Vision Benelux, Bols, Delta Lloyd, Dr\u00e4ger Safety Nederland, DSM, \u00a0EYE Filminstituut Nederland, FHV\/BBDO, Fluor, Fotovakschool, FrieslandCampina, Gemeente Amsterdam, Germerott Innenausbau, Givaudan, G-Star Raw, Heineken, Helvetia Versicherungen, Herm\u00e8s Benelux, Hotel de l&#8217;Europe, Houthoff Buruma, IDFA, ING Groep, Kempen &amp; Co, KLM, Koninklijke Marechaussee, KPMG, Linklaters, McCann, McKinsey &amp; Company, Microsoft, Moooi, De Nederlandsche Bank, Nyse Euronext, van Oord, Philips, Rabobank Nederland, Robeco, Rembrandthuis, Rijksmuseum, Shell, SimCorp, SMSMeer Group, Sportfondsen, Tata Steel, Tebodin, Unilever, Van Gogh Museum, Vescom, Vlisco, VGZ, muchas embajadas, municipios, ministerios, universidades, escuelas y museos.<\/p>\n<p>[\/et_pb_text][\/et_pb_column][et_pb_column type=\u00bb1_4&#8243; _builder_version=\u00bb3.0.47&#8243; parallax=\u00bboff\u00bb parallax_method=\u00bbon\u00bb][et_pb_text admin_label=\u00bbText\u00bb _builder_version=\u00bb3.0.87&#8243; text_font_size=\u00bb13&#8243; background_size=\u00bbinitial\u00bb background_position=\u00bbtop_left\u00bb background_repeat=\u00bbrepeat\u00bb use_border_color=\u00bboff\u00bb border_color=\u00bb#ffffff\u00bb border_style=\u00bbsolid\u00bb global_module=\u00bb8454&#8243; saved_tabs=\u00bball\u00bb]<\/p>\n<p><a href=\"https:\/\/www.facebook.com\/ARTTRA-cultureel-organisatiebureau-275685358514\/\" target=\"_blank\" rel=\"attachment wp-att-6509\"><img loading=\"lazy\" decoding=\"async\" class=\"size-full wp-image-6509 alignleft\" src=\"http:\/\/www.arttra.info\/wordpress\/wp-content\/uploads\/2016\/08\/fbo-e1472205236232.png\" alt=\"fbo\" width=\"40\" height=\"40\" \/>\u00a0\u00a0<\/a><a href=\"https:\/\/mobile.twitter.com\/ARTTRA_NL\" target=\"_blank\" rel=\"attachment wp-att-6510\"><img loading=\"lazy\" decoding=\"async\" class=\"size-full wp-image-6510 alignleft\" src=\"http:\/\/www.arttra.info\/wordpress\/wp-content\/uploads\/2016\/08\/twi-e1472205290463.png\" alt=\"twi\" width=\"40\" height=\"40\" \/><\/a><\/p>\n<p><strong>ARTTRA<br \/>\nOficina de la organizaci\u00f3n cultural<br \/>\n<\/strong>Tweede Boomdwarsstraat 4<br \/>\n1015 LK Amsterdam<strong><br \/>\n<\/strong>tel +31 (0) 20 6259303<\/p>\n<p>Disponible en d\u00edas h\u00e1biles<br \/>\nde 10:00 a 17:00<strong><br \/>\n<\/strong><\/p>\n<p>Para informaci\u00f3n, arreglos o preguntas acerca de las reservas por favor tambi\u00e9n enviar por correo a\u00a0 <a href=\"mailto:info@arttra.nl\">info@arttra.nl<\/a><\/p>\n<p>[\/et_pb_text][\/et_pb_column][\/et_pb_row][\/et_pb_section]<\/p>\n","protected":false},"excerpt":{"rendered":"<p><div class=\"frm_forms  with_frm_style frm_style_formidable-style\" id=\"frm_form_105_container\" data-token=\"975c0b6df5ffcf11f29dacf12ac23e96\" data-token=\"975c0b6df5ffcf11f29dacf12ac23e96\">\n<form enctype=\"multipart\/form-data\" method=\"post\" class=\"frm-show-form \" id=\"form_gjyq533\" data-token=\"975c0b6df5ffcf11f29dacf12ac23e96\" data-token=\"975c0b6df5ffcf11f29dacf12ac23e96\">\n<div class=\"frm_form_fields \">\n<fieldset>\n<legend class=\"frm_hidden\">Nieuwsbrief aanmelden spaans<\/legend>\r\n\r\n<div class=\"frm_fields_container\">\n<input type=\"hidden\" name=\"frm_action\" value=\"create\" \/>\n<input type=\"hidden\" name=\"form_id\" value=\"105\" \/>\n<input type=\"hidden\" name=\"frm_hide_fields_105\" id=\"frm_hide_fields_105\" value=\"\" \/>\n<input type=\"hidden\" name=\"form_key\" value=\"gjyq533\" \/>\n<input type=\"hidden\" name=\"item_meta[0]\" value=\"\" \/>\n<input type=\"hidden\" id=\"frm_submit_entry_105\" name=\"frm_submit_entry_105\" value=\"7fbcceccef\" \/><input type=\"hidden\" name=\"_wp_http_referer\" value=\"\/es\/wp-json\/wp\/v2\/pages\/6809\" \/><div id=\"frm_field_1300_container\" class=\"frm_form_field form-field  frm_required_field frm_top_container vertical_radio\">\r\n    <label  class=\"frm_primary_label\">Ahora firme para arriba para su bolet\u00edn gratuito! (bolet\u00edn ingl\u00e9s)\r\n        <span class=\"frm_required\"><\/span>\r\n    <\/label>\r\n    <div class=\"frm_opt_container\">\t\t<div class=\"frm_checkbox\" id=\"frm_checkbox_1300-0\">\t\t\t<label  for=\"field_blif433-0\">\n\t\t\t<input type=\"checkbox\" name=\"item_meta[1300][]\" id=\"field_blif433-0\" value=\"&quot;\u00c3\u009anet\"  data-reqmsg=\"Dit veld mag niet leeg zijn.\" data-invmsg=\"Ahora firme para arriba para su bolet\u00edn gratuito! (bolet\u00edn ingl\u00e9s) no es v\u00e1lido\" aria-invalid=\"false\"   aria-required=\"true\"  \/> \"\u00c3\u009anet<\/label><\/div>\n<\/div>\r\n    \r\n    \r\n<\/div>\n<div id=\"frm_field_1301_container\" class=\"frm_form_field form-field  frm_required_field frm_top_container\">\r\n    <label for=\"field_8boxq33\" class=\"frm_primary_label\">nombre\r\n        <span class=\"frm_required\">*<\/span>\r\n    <\/label>\r\n    <input type=\"text\" id=\"field_8boxq33\" name=\"item_meta[1301]\" value=\"\"  data-reqmsg=\"Dit veld mag niet leeg zijn.\" aria-required=\"true\" data-invmsg=\"nombre no es v\u00e1lido\" aria-invalid=\"false\"  \/>\r\n    \r\n    \r\n<\/div>\n<div id=\"frm_field_1302_container\" class=\"frm_form_field form-field  frm_required_field frm_top_container\">\r\n    <label for=\"field_5cfaa33\" class=\"frm_primary_label\">E-mail\r\n        <span class=\"frm_required\">*<\/span>\r\n    <\/label>\r\n    <input type=\"email\" id=\"field_5cfaa33\" name=\"item_meta[1302]\" value=\"\"  data-reqmsg=\"Dit veld mag niet leeg zijn.\" aria-required=\"true\" data-invmsg=\"E-mailadres is ongeldig\" aria-invalid=\"false\"  \/>\r\n    \r\n    \r\n<\/div>\n<div id=\"frm_field_6248_container\" class=\"frm_form_field form-field  frm_none_container\">\n\t<label for=\"g-recaptcha-response\" id=\"field_pj8tu_label\" class=\"frm_primary_label\">Captcha\n\t\t<span class=\"frm_required\" aria-hidden=\"true\"><\/span>\n\t<\/label>\n\t<div  id=\"field_pj8tu\" class=\"frm-g-recaptcha\" data-sitekey=\"6LfILLgpAAAAAPO8E1NOjgLSVAZ5t-S0KD13ZQX4\" data-size=\"invisible\" data-theme=\"light\"><\/div>\n\t\n\t\n<\/div>\n<div id=\"frm_field_6247_container\" class=\"frm_form_field form-field \">\n\t<div class=\"frm_submit\">\r\n\r\n<input type=\"submit\" value=\"Verzenden\"  \/>\r\n<img decoding=\"async\" class=\"frm_ajax_loading\" src=\"https:\/\/arttra.com\/wp-content\/plugins\/formidable\/images\/ajax_loader.gif\" alt=\"Bezig met versturen\"\/>\r\n\r\n<\/div>\n<\/div>\n\t<input type=\"hidden\" name=\"item_key\" value=\"\" \/>\n\t\t\t\t<div class=\"frm__65d9c45751049\">\n\t\t\t\t<label for=\"frm_email_105\" >\n\t\t\t\t\tSi eres humano, deja este campo en blanco.\t\t\t\t<\/label>\n\t\t\t\t<input  id=\"frm_email_105\" type=\"email\" class=\"frm_verify\" name=\"frm__65d9c45751049\" value=\"\"  \/>\n\t\t\t<\/div>\n\t\t<\/div>\n<\/fieldset>\n<\/div>\n\n<\/form>\n<\/div>\n ARTTRA Desde 1985, ARTTRA se ha propuesto ofrecer programas culturales a la medida a empresas, instituciones y particulares. En la realizaci\u00f3n de esta tarea, ARTTRA se distingue por su flexibilidad y por la calidad de sus servicios, tanto en la organizaci\u00f3n como en el nivel art\u00edstico y cultural. \u2028\u2028Nuestra empresa emplea \u00fanicamente a [&hellip;]<\/p>\n","protected":false},"author":5,"featured_media":0,"parent":0,"menu_order":0,"comment_status":"closed","ping_status":"closed","template":"","meta":{"_et_pb_use_builder":"on","_et_pb_old_content":"","_et_gb_content_width":"","footnotes":""},"class_list":["post-6809","page","type-page","status-publish","hentry"],"yoast_head":"<!-- This site is optimized with the Yoast SEO plugin v24.4 - https:\/\/yoast.com\/wordpress\/plugins\/seo\/ -->\n<title>Agencia cultural Arttra<\/title>\n<meta name=\"robots\" content=\"index, follow, max-snippet:-1, max-image-preview:large, max-video-preview:-1\" \/>\n<link rel=\"canonical\" href=\"https:\/\/arttra.com\/arttra\/\" \/>\n<meta property=\"og:locale\" content=\"es_ES\" \/>\n<meta property=\"og:type\" content=\"article\" \/>\n<meta property=\"og:title\" content=\"Agencia cultural Arttra\" \/>\n<meta property=\"og:description\" content=\"ARTTRA Desde 1985, ARTTRA se ha propuesto ofrecer programas culturales a la medida a empresas, instituciones y particulares. En la realizaci\u00f3n de esta tarea, ARTTRA se distingue por su flexibilidad y por la calidad de sus servicios, tanto en la organizaci\u00f3n como en el nivel art\u00edstico y cultural. \u2028\u2028Nuestra empresa emplea \u00fanicamente a [&hellip;]\" \/>\n<meta property=\"og:url\" content=\"https:\/\/arttra.com\/arttra\/\" \/>\n<meta property=\"og:site_name\" content=\"www.arttra.com\" \/>\n<meta property=\"article:publisher\" content=\"https:\/\/www.facebook.com\/ARTTRA-cultureel-organisatiebureau-275685358514\" \/>\n<meta property=\"article:modified_time\" content=\"2019-11-18T14:19:06+00:00\" \/>\n<meta property=\"og:image\" content=\"http:\/\/www.arttra.info\/wordpress\/wp-content\/uploads\/2016\/08\/fbo-e1472205236232.png\" \/>\n<meta name=\"twitter:card\" content=\"summary_large_image\" \/>\n<meta name=\"twitter:site\" content=\"@ARTTRA_NL\" \/>\n<meta name=\"twitter:label1\" content=\"Tiempo de lectura\" \/>\n\t<meta name=\"twitter:data1\" content=\"5 minutos\" \/>\n<script type=\"application\/ld+json\" class=\"yoast-schema-graph\">{\"@context\":\"https:\/\/schema.org\",\"@graph\":[{\"@type\":\"WebPage\",\"@id\":\"https:\/\/arttra.com\/arttra\/\",\"url\":\"https:\/\/arttra.com\/arttra\/\",\"name\":\"Agencia cultural Arttra\",\"isPartOf\":{\"@id\":\"https:\/\/arttra.com\/#website\"},\"primaryImageOfPage\":{\"@id\":\"https:\/\/arttra.com\/arttra\/#primaryimage\"},\"image\":{\"@id\":\"https:\/\/arttra.com\/arttra\/#primaryimage\"},\"thumbnailUrl\":\"http:\/\/www.arttra.info\/wordpress\/wp-content\/uploads\/2016\/08\/fbo-e1472205236232.png\",\"datePublished\":\"2016-08-30T13:01:06+00:00\",\"dateModified\":\"2019-11-18T14:19:06+00:00\",\"breadcrumb\":{\"@id\":\"https:\/\/arttra.com\/arttra\/#breadcrumb\"},\"inLanguage\":\"es\",\"potentialAction\":[{\"@type\":\"ReadAction\",\"target\":[\"https:\/\/arttra.com\/arttra\/\"]}]},{\"@type\":\"ImageObject\",\"inLanguage\":\"es\",\"@id\":\"https:\/\/arttra.com\/arttra\/#primaryimage\",\"url\":\"http:\/\/www.arttra.info\/wordpress\/wp-content\/uploads\/2016\/08\/fbo-e1472205236232.png\",\"contentUrl\":\"http:\/\/www.arttra.info\/wordpress\/wp-content\/uploads\/2016\/08\/fbo-e1472205236232.png\"},{\"@type\":\"BreadcrumbList\",\"@id\":\"https:\/\/arttra.com\/arttra\/#breadcrumb\",\"itemListElement\":[{\"@type\":\"ListItem\",\"position\":1,\"name\":\"Home\",\"item\":\"https:\/\/arttra.com\/es\/\"},{\"@type\":\"ListItem\",\"position\":2,\"name\":\"ARTTRA\"}]},{\"@type\":\"WebSite\",\"@id\":\"https:\/\/arttra.com\/#website\",\"url\":\"https:\/\/arttra.com\/\",\"name\":\"www.arttra.com\",\"description\":\"ARTTRA cultureel organisatiebureau\",\"potentialAction\":[{\"@type\":\"SearchAction\",\"target\":{\"@type\":\"EntryPoint\",\"urlTemplate\":\"https:\/\/arttra.com\/?s={search_term_string}\"},\"query-input\":{\"@type\":\"PropertyValueSpecification\",\"valueRequired\":true,\"valueName\":\"search_term_string\"}}],\"inLanguage\":\"es\"}]}<\/script>\n<!-- \/ Yoast SEO plugin. -->","yoast_head_json":{"title":"Agencia cultural Arttra","robots":{"index":"index","follow":"follow","max-snippet":"max-snippet:-1","max-image-preview":"max-image-preview:large","max-video-preview":"max-video-preview:-1"},"canonical":"https:\/\/arttra.com\/arttra\/","og_locale":"es_ES","og_type":"article","og_title":"Agencia cultural Arttra","og_description":"ARTTRA Desde 1985, ARTTRA se ha propuesto ofrecer programas culturales a la medida a empresas, instituciones y particulares. En la realizaci\u00f3n de esta tarea, ARTTRA se distingue por su flexibilidad y por la calidad de sus servicios, tanto en la organizaci\u00f3n como en el nivel art\u00edstico y cultural. \u2028\u2028Nuestra empresa emplea \u00fanicamente a [&hellip;]","og_url":"https:\/\/arttra.com\/arttra\/","og_site_name":"www.arttra.com","article_publisher":"https:\/\/www.facebook.com\/ARTTRA-cultureel-organisatiebureau-275685358514","article_modified_time":"2019-11-18T14:19:06+00:00","og_image":[{"url":"http:\/\/www.arttra.info\/wordpress\/wp-content\/uploads\/2016\/08\/fbo-e1472205236232.png","type":"","width":"","height":""}],"twitter_card":"summary_large_image","twitter_site":"@ARTTRA_NL","twitter_misc":{"Tiempo de lectura":"5 minutos"},"schema":{"@context":"https:\/\/schema.org","@graph":[{"@type":"WebPage","@id":"https:\/\/arttra.com\/arttra\/","url":"https:\/\/arttra.com\/arttra\/","name":"Agencia cultural Arttra","isPartOf":{"@id":"https:\/\/arttra.com\/#website"},"primaryImageOfPage":{"@id":"https:\/\/arttra.com\/arttra\/#primaryimage"},"image":{"@id":"https:\/\/arttra.com\/arttra\/#primaryimage"},"thumbnailUrl":"http:\/\/www.arttra.info\/wordpress\/wp-content\/uploads\/2016\/08\/fbo-e1472205236232.png","datePublished":"2016-08-30T13:01:06+00:00","dateModified":"2019-11-18T14:19:06+00:00","breadcrumb":{"@id":"https:\/\/arttra.com\/arttra\/#breadcrumb"},"inLanguage":"es","potentialAction":[{"@type":"ReadAction","target":["https:\/\/arttra.com\/arttra\/"]}]},{"@type":"ImageObject","inLanguage":"es","@id":"https:\/\/arttra.com\/arttra\/#primaryimage","url":"http:\/\/www.arttra.info\/wordpress\/wp-content\/uploads\/2016\/08\/fbo-e1472205236232.png","contentUrl":"http:\/\/www.arttra.info\/wordpress\/wp-content\/uploads\/2016\/08\/fbo-e1472205236232.png"},{"@type":"BreadcrumbList","@id":"https:\/\/arttra.com\/arttra\/#breadcrumb","itemListElement":[{"@type":"ListItem","position":1,"name":"Home","item":"https:\/\/arttra.com\/es\/"},{"@type":"ListItem","position":2,"name":"ARTTRA"}]},{"@type":"WebSite","@id":"https:\/\/arttra.com\/#website","url":"https:\/\/arttra.com\/","name":"www.arttra.com","description":"ARTTRA cultureel organisatiebureau","potentialAction":[{"@type":"SearchAction","target":{"@type":"EntryPoint","urlTemplate":"https:\/\/arttra.com\/?s={search_term_string}"},"query-input":{"@type":"PropertyValueSpecification","valueRequired":true,"valueName":"search_term_string"}}],"inLanguage":"es"}]}},"_links":{"self":[{"href":"https:\/\/arttra.com\/es\/wp-json\/wp\/v2\/pages\/6809","targetHints":{"allow":["GET"]}}],"collection":[{"href":"https:\/\/arttra.com\/es\/wp-json\/wp\/v2\/pages"}],"about":[{"href":"https:\/\/arttra.com\/es\/wp-json\/wp\/v2\/types\/page"}],"author":[{"embeddable":true,"href":"https:\/\/arttra.com\/es\/wp-json\/wp\/v2\/users\/5"}],"replies":[{"embeddable":true,"href":"https:\/\/arttra.com\/es\/wp-json\/wp\/v2\/comments?post=6809"}],"version-history":[{"count":4,"href":"https:\/\/arttra.com\/es\/wp-json\/wp\/v2\/pages\/6809\/revisions"}],"predecessor-version":[{"id":23400,"href":"https:\/\/arttra.com\/es\/wp-json\/wp\/v2\/pages\/6809\/revisions\/23400"}],"wp:attachment":[{"href":"https:\/\/arttra.com\/es\/wp-json\/wp\/v2\/media?parent=6809"}],"curies":[{"name":"wp","href":"https:\/\/api.w.org\/{rel}","templated":true}]}}