{"id":6865,"date":"2016-07-05T11:28:58","date_gmt":"2016-07-05T09:28:58","guid":{"rendered":"http:\/\/www.arttra.info\/wordpress\/es\/home\/"},"modified":"2021-03-01T16:37:54","modified_gmt":"2021-03-01T15:37:54","slug":"home","status":"publish","type":"page","link":"https:\/\/arttra.com\/es\/","title":{"rendered":"Home"},"content":{"rendered":"<p>[et_pb_section fb_built=\u00bb1&#8243; admin_label=\u00bbsection\u00bb _builder_version=\u00bb3.22&#8243; transparent_background=\u00bboff\u00bb][et_pb_row admin_label=\u00bbrow\u00bb _builder_version=\u00bb3.25&#8243; background_size=\u00bbinitial\u00bb background_position=\u00bbtop_left\u00bb background_repeat=\u00bbrepeat\u00bb][et_pb_column type=\u00bb4_4&#8243; _builder_version=\u00bb3.25&#8243; custom_padding=\u00bb|||\u00bb custom_padding__hover=\u00bb|||\u00bb][et_pb_divider color=\u00bb#000000&#8243; divider_weight=\u00bb1px\u00bb disabled_on=\u00bbon|on|off\u00bb admin_label=\u00bbVerdeler\u00bb _builder_version=\u00bb3.2&#8243; hide_on_mobile=\u00bbon\u00bb][\/et_pb_divider][\/et_pb_column][\/et_pb_row][et_pb_row admin_label=\u00bbRij\u00bb _builder_version=\u00bb3.25&#8243; background_size=\u00bbinitial\u00bb background_position=\u00bbtop_left\u00bb background_repeat=\u00bbrepeat\u00bb column_structure=\u00bb1_4,3_4&#8243;][et_pb_column type=\u00bb1_4&#8243; _builder_version=\u00bb3.25&#8243; custom_padding=\u00bb|||\u00bb custom_padding__hover=\u00bb|||\u00bb][et_pb_image src=\u00bbhttp:\/\/arttra.com\/wp-content\/uploads\/2016\/05\/logo-e1465027457922.png\u00bb alt=\u00bbprogramas culturales\u00bb align=\u00bbcenter\u00bb align_tablet=\u00bbcenter\u00bb align_last_edited=\u00bbon|desktop\u00bb admin_label=\u00bbAfbeelding\u00bb _builder_version=\u00bb3.23&#8243; animation_style=\u00bbslide\u00bb animation_direction=\u00bbleft\u00bb animation_duration=\u00bb500ms\u00bb animation_intensity_slide=\u00bb10%\u00bb sticky=\u00bboff\u00bb][\/et_pb_image][et_pb_image src=\u00bbhttp:\/\/arttra.com\/wp-content\/uploads\/2016\/06\/logogoed.png\u00bb align_tablet=\u00bbcenter\u00bb align_last_edited=\u00bbon|desktop\u00bb admin_label=\u00bbAfbeelding\u00bb _builder_version=\u00bb3.23&#8243; animation_style=\u00bbslide\u00bb animation_direction=\u00bbleft\u00bb animation_duration=\u00bb500ms\u00bb animation_intensity_slide=\u00bb10%\u00bb sticky=\u00bboff\u00bb][\/et_pb_image][\/et_pb_column][et_pb_column type=\u00bb3_4&#8243; _builder_version=\u00bb3.25&#8243; custom_padding=\u00bb|||\u00bb custom_padding__hover=\u00bb|||\u00bb][et_pb_slider show_arrows=\u00bboff\u00bb show_pagination=\u00bboff\u00bb admin_label=\u00bbSlider\u00bb _builder_version=\u00bb3.16&#8243; header_font=\u00bbOpen Sans Light||||\u00bb header_font_size=\u00bb36&#8243; body_font_size=\u00bb30&#8243; body_line_height=\u00bb1.7000000000000002em\u00bb custom_padding=\u00bb80px|0px|80px|0px\u00bb custom_padding_tablet=\u00bb|||\u00bb custom_padding_phone=\u00bb|||\u00bb auto=\u00bbon\u00bb box_shadow_style=\u00bbpreset6&#8243; box_shadow_blur=\u00bb10px\u00bb box_shadow_color=\u00bbrgba(0,0,0,0.1)\u00bb top_padding=\u00bb80px\u00bb bottom_padding=\u00bb80px\u00bb remove_inner_shadow=\u00bboff\u00bb hide_content_on_mobile=\u00bboff\u00bb hide_cta_on_mobile=\u00bboff\u00bb show_inner_shadow=\u00bbon\u00bb button_text_size__hover_enabled=\u00bboff\u00bb button_one_text_size__hover_enabled=\u00bboff\u00bb button_two_text_size__hover_enabled=\u00bboff\u00bb button_text_color__hover_enabled=\u00bboff\u00bb button_one_text_color__hover_enabled=\u00bboff\u00bb button_two_text_color__hover_enabled=\u00bboff\u00bb button_border_width__hover_enabled=\u00bboff\u00bb button_one_border_width__hover_enabled=\u00bboff\u00bb button_two_border_width__hover_enabled=\u00bboff\u00bb button_border_color__hover_enabled=\u00bboff\u00bb button_one_border_color__hover_enabled=\u00bboff\u00bb button_two_border_color__hover_enabled=\u00bboff\u00bb button_border_radius__hover_enabled=\u00bboff\u00bb button_one_border_radius__hover_enabled=\u00bboff\u00bb button_two_border_radius__hover_enabled=\u00bboff\u00bb button_letter_spacing__hover_enabled=\u00bboff\u00bb button_one_letter_spacing__hover_enabled=\u00bboff\u00bb button_two_letter_spacing__hover_enabled=\u00bboff\u00bb button_bg_color__hover_enabled=\u00bboff\u00bb button_one_bg_color__hover_enabled=\u00bboff\u00bb button_two_bg_color__hover_enabled=\u00bboff\u00bb][et_pb_slide heading=\u00bbprogramas culturales\u00bb use_bg_overlay=\u00bboff\u00bb use_text_overlay=\u00bboff\u00bb _builder_version=\u00bb3.16&#8243; header_font=\u00bb||||\u00bb header_font_size=\u00bb35&#8243; body_font=\u00bb||||\u00bb background_color=\u00bb#ffffff\u00bb background_image=\u00bbhttp:\/\/arttra.com\/wp-content\/uploads\/2016\/07\/tuinvanloon.jpg\u00bb button_icon_placement=\u00bbright\u00bb button_on_hover=\u00bbon\u00bb header_font_size_tablet=\u00bb35&#8243; header_font_size_phone=\u00bb35&#8243; button_text_size__hover_enabled=\u00bboff\u00bb button_one_text_size__hover_enabled=\u00bboff\u00bb button_two_text_size__hover_enabled=\u00bboff\u00bb button_text_color__hover_enabled=\u00bboff\u00bb button_one_text_color__hover_enabled=\u00bboff\u00bb button_two_text_color__hover_enabled=\u00bboff\u00bb button_border_width__hover_enabled=\u00bboff\u00bb button_one_border_width__hover_enabled=\u00bboff\u00bb button_two_border_width__hover_enabled=\u00bboff\u00bb button_border_color__hover_enabled=\u00bboff\u00bb button_one_border_color__hover_enabled=\u00bboff\u00bb button_two_border_color__hover_enabled=\u00bboff\u00bb button_border_radius__hover_enabled=\u00bboff\u00bb button_one_border_radius__hover_enabled=\u00bboff\u00bb button_two_border_radius__hover_enabled=\u00bboff\u00bb button_letter_spacing__hover_enabled=\u00bboff\u00bb button_one_letter_spacing__hover_enabled=\u00bboff\u00bb button_two_letter_spacing__hover_enabled=\u00bboff\u00bb button_bg_color__hover_enabled=\u00bboff\u00bb button_one_bg_color__hover_enabled=\u00bboff\u00bb button_two_bg_color__hover_enabled=\u00bboff\u00bb][\/et_pb_slide][et_pb_slide heading=\u00bbvisitas de museos\u00bb use_bg_overlay=\u00bboff\u00bb use_text_overlay=\u00bboff\u00bb _builder_version=\u00bb3.16&#8243; header_font=\u00bb||||\u00bb header_font_size=\u00bb35&#8243; body_font=\u00bb||||\u00bb background_color=\u00bb#ffffff\u00bb background_image=\u00bbhttp:\/\/arttra.com\/wp-content\/uploads\/2016\/07\/schw1-1.png\u00bb button_icon_placement=\u00bbright\u00bb button_on_hover=\u00bbon\u00bb header_font_size_tablet=\u00bb35&#8243; header_font_size_phone=\u00bb35&#8243; button_text_size__hover_enabled=\u00bboff\u00bb button_one_text_size__hover_enabled=\u00bboff\u00bb button_two_text_size__hover_enabled=\u00bboff\u00bb button_text_color__hover_enabled=\u00bboff\u00bb button_one_text_color__hover_enabled=\u00bboff\u00bb button_two_text_color__hover_enabled=\u00bboff\u00bb button_border_width__hover_enabled=\u00bboff\u00bb button_one_border_width__hover_enabled=\u00bboff\u00bb button_two_border_width__hover_enabled=\u00bboff\u00bb button_border_color__hover_enabled=\u00bboff\u00bb button_one_border_color__hover_enabled=\u00bboff\u00bb button_two_border_color__hover_enabled=\u00bboff\u00bb button_border_radius__hover_enabled=\u00bboff\u00bb button_one_border_radius__hover_enabled=\u00bboff\u00bb button_two_border_radius__hover_enabled=\u00bboff\u00bb button_letter_spacing__hover_enabled=\u00bboff\u00bb button_one_letter_spacing__hover_enabled=\u00bboff\u00bb button_two_letter_spacing__hover_enabled=\u00bboff\u00bb button_bg_color__hover_enabled=\u00bboff\u00bb button_one_bg_color__hover_enabled=\u00bboff\u00bb button_two_bg_color__hover_enabled=\u00bboff\u00bb][\/et_pb_slide][et_pb_slide use_bg_overlay=\u00bboff\u00bb use_text_overlay=\u00bboff\u00bb _builder_version=\u00bb3.16&#8243; header_font=\u00bb||||\u00bb header_font_size=\u00bb35&#8243; body_font=\u00bb||||\u00bb background_color=\u00bb#ffffff\u00bb background_image=\u00bbhttp:\/\/arttra.com\/wp-content\/uploads\/2017\/02\/workshops.jpg\u00bb button_icon_placement=\u00bbright\u00bb button_on_hover=\u00bbon\u00bb header_font_size_tablet=\u00bb35&#8243; header_font_size_phone=\u00bb35&#8243; button_text_size__hover_enabled=\u00bboff\u00bb button_one_text_size__hover_enabled=\u00bboff\u00bb button_two_text_size__hover_enabled=\u00bboff\u00bb button_text_color__hover_enabled=\u00bboff\u00bb button_one_text_color__hover_enabled=\u00bboff\u00bb button_two_text_color__hover_enabled=\u00bboff\u00bb button_border_width__hover_enabled=\u00bboff\u00bb button_one_border_width__hover_enabled=\u00bboff\u00bb button_two_border_width__hover_enabled=\u00bboff\u00bb button_border_color__hover_enabled=\u00bboff\u00bb button_one_border_color__hover_enabled=\u00bboff\u00bb button_two_border_color__hover_enabled=\u00bboff\u00bb button_border_radius__hover_enabled=\u00bboff\u00bb button_one_border_radius__hover_enabled=\u00bboff\u00bb button_two_border_radius__hover_enabled=\u00bboff\u00bb button_letter_spacing__hover_enabled=\u00bboff\u00bb button_one_letter_spacing__hover_enabled=\u00bboff\u00bb button_two_letter_spacing__hover_enabled=\u00bboff\u00bb button_bg_color__hover_enabled=\u00bboff\u00bb button_one_bg_color__hover_enabled=\u00bboff\u00bb button_two_bg_color__hover_enabled=\u00bboff\u00bb][\/et_pb_slide][\/et_pb_slider][\/et_pb_column][\/et_pb_row][et_pb_row admin_label=\u00bbRij\u00bb _builder_version=\u00bb3.25&#8243; background_size=\u00bbinitial\u00bb background_position=\u00bbtop_left\u00bb background_repeat=\u00bbrepeat\u00bb column_structure=\u00bb1_4,3_4&#8243;][et_pb_column type=\u00bb1_4&#8243; _builder_version=\u00bb3.25&#8243; custom_padding=\u00bb|||\u00bb custom_padding__hover=\u00bb|||\u00bb][et_pb_divider color=\u00bb#000000&#8243; divider_weight=\u00bb1px\u00bb disabled_on=\u00bbon|on|off\u00bb admin_label=\u00bbVerdeler\u00bb _builder_version=\u00bb3.2&#8243; hide_on_mobile=\u00bbon\u00bb][\/et_pb_divider][et_pb_text admin_label=\u00bbTekst\u00bb _builder_version=\u00bb3.27.4&#8243; text_font_size=\u00bb15&#8243; background_size=\u00bbinitial\u00bb background_position=\u00bbtop_left\u00bb background_repeat=\u00bbrepeat\u00bb]<\/p>\n<p><strong>Desde 1985, ARTTRA se ha propuesto ofrecer programas culturales a la medida a empresas, instituciones y particulares en Amsterdam y Olanda.<\/strong> En la realizaci\u00f3n de esta tarea, ARTTRA se distingue por su flexibilidad y por la calidad de sus servicios, tanto en la organizaci\u00f3n como en el nivel art\u00edstico y cultural.<\/p>\n<p>Nuestra empresa emplea \u00fanicamente a especialistas altamente calificados, como historiadores de arte y especialistas en organizaci\u00f3n. Muchos empresarios o particulares que desean ofrecer a sus invitados un programa cultural de alto nivel, han encontrado ya el camino hacia ARTTRA. ARTTRA garantiza un programa a su total satisfacci\u00f3n, ejecutado con cuidado y competencia.<\/p>\n<p>[\/et_pb_text][\/et_pb_column][et_pb_column type=\u00bb3_4&#8243; _builder_version=\u00bb3.25&#8243; custom_padding=\u00bb|||\u00bb custom_padding__hover=\u00bb|||\u00bb][et_pb_blurb image_max_width=\u00bbnone\u00bb admin_label=\u00bbBlurb\u00bb _builder_version=\u00bb3.0.74&#8243; background_color=\u00bb#ad8b38&#8243; background_size=\u00bbinitial\u00bb background_position=\u00bbtop_left\u00bb background_repeat=\u00bbrepeat\u00bb background_layout=\u00bbdark\u00bb custom_padding=\u00bb8px|5px|5px|8px\u00bb custom_css_main_element=\u00bbmax-width: 100%\u00bb saved_tabs=\u00bball\u00bb]<\/p>\n<h1 style=\"text-align: center;\">ARTTRA programas\u00a0culturales\u00a0personalizados<\/h1>\n<p>[\/et_pb_blurb][et_pb_divider color=\u00bb#ffffff\u00bb divider_weight=\u00bb7px\u00bb disabled_on=\u00bbon|on|off\u00bb admin_label=\u00bbDivider\u00bb _builder_version=\u00bb3.23.4&#8243; height=\u00bb20&#8243; hide_on_mobile=\u00bbon\u00bb][\/et_pb_divider][et_pb_text admin_label=\u00bbTekst\u00bb _builder_version=\u00bb4.1&#8243; text_font=\u00bb|on|||\u00bb text_font_size=\u00bb13&#8243; text_line_height=\u00bb1.7000000000000002em\u00bb background_size=\u00bbinitial\u00bb background_position=\u00bbtop_left\u00bb background_repeat=\u00bbrepeat\u00bb hover_enabled=\u00bb0&#8243; saved_tabs=\u00bball\u00bb]<\/p>\n<div class=\"csRow\">\n<div class=\"csColumnGap\" style=\"margin: 0px; padding: 0px; float: left; width: 1.56%;\"><img decoding=\"async\" style=\"border: none;\" src=\"http:\/\/arttra.com\/wp-content\/plugins\/advanced-wp-columns\/assets\/js\/plugins\/views\/img\/1x1-pixel.png\" \/><\/div>\n<div class=\"csColumn\" style=\"margin: 0px; padding: 0px; float: left; width: 23%;\" data-csstartpoint=\"15\" data-csendpoint=\"236.25\" data-cswidth=\"23.0%\" data-csid=\"8515ede8-dc5d-dc3d-9543-44257f086257\">\n<p style=\"text-align: center;\"><a href=\"http:\/\/arttra.com\/es\/musea\/\" rel=\"attachment wp-att-4001\"><img loading=\"lazy\" decoding=\"async\" class=\"aligncenter wp-image-4823 size-full\" style=\"-moz-box-shadow: 0px 0px 10px 5px #000; -webkit-box-shadow: 0px 0px #000; box-shadow: 0px 0px #000; border: 10 solid; ; behavior: url('http:\/\/www.arttra.com\/wp-content\/plugins\/roundit\/pie\/PIE.php'); position: relative;\" src=\"http:\/\/www.arttra.com\/wp-content\/uploads\/2016\/07\/melkm.png\" width=\"140\" height=\"140\" \/><\/a><strong><a href=\"http:\/\/arttra.com\/es\/musea\/\">Visitas de museos<\/a><\/strong><\/p>\n<\/div>\n<div class=\"csColumn\" style=\"margin: 0px; padding: 0px; float: left; width: 23%;\" data-csstartpoint=\"251.25\" data-csendpoint=\"472.5\" data-cswidth=\"23.0%\" data-csid=\"180e8e55-2b13-6768-986e-aa4c7a11459b\">\n<p style=\"text-align: center;\"><a href=\"http:\/\/arttra.com\/es\/wandelingen\/\" rel=\"attachment wp-att-4883\"><img loading=\"lazy\" decoding=\"async\" class=\"aligncenter wp-image-4881 size-full\" src=\"http:\/\/www.arttra.com\/wp-content\/uploads\/2016\/07\/wand1.png\" width=\"140\" height=\"140\" \/><\/a><a href=\"http:\/\/arttra.com\/es\/wandelingen\/\"><strong>Excursi\u00f3n a pie<\/strong><\/a><\/p>\n<\/div>\n<div class=\"csColumn\" style=\"margin: 0px; padding: 0px; float: left; width: 23%;\" data-csstartpoint=\"487.5\" data-csendpoint=\"708.75\" data-cswidth=\"23.0%\" data-csid=\"99cab06a-2f75-f0ef-9941-404a080007b9\">\n<p style=\"text-align: center;\"><a href=\"http:\/\/arttra.com\/es\/boottochten\/\" rel=\"attachment wp-att-4882\"><img loading=\"lazy\" decoding=\"async\" class=\"aligncenter wp-image-7970 size-full\" src=\"http:\/\/www.arttra.com\/wp-content\/uploads\/2016\/07\/ccp.png\" width=\"140\" height=\"140\" \/><\/a><a href=\"http:\/\/arttra.com\/es\/boottochten\/\"><strong>Excursi\u00f3n\u00a0en barco<\/strong><\/a><\/p>\n<\/div>\n<div class=\"csColumn\" style=\"margin: 0px; padding: 0px; float: left; width: 23%;\" data-csstartpoint=\"723.75\" data-csendpoint=\"945\" data-cswidth=\"23.0%\" data-csid=\"31417276-7d82-da22-bdf1-7ad9162ba939\">\n<p style=\"text-align: center;\"><a href=\"http:\/\/arttra.com\/es\/fietstochten\/\" rel=\"attachment wp-att-4881\"><img loading=\"lazy\" decoding=\"async\" class=\"aligncenter wp-image-4882 size-full\" src=\"http:\/\/www.arttra.com\/wp-content\/uploads\/2016\/07\/fie.png\" width=\"140\" height=\"140\" \/><\/a><a href=\"http:\/\/arttra.com\/es\/fietstochten\/\"><strong>Excursi\u00f3n en bicicleta<\/strong><\/a><\/p>\n<\/div>\n<div class=\"csColumnGap\" style=\"margin: 0px; padding: 0px; float: left; width: 1.56%;\"><img decoding=\"async\" style=\"border: none;\" src=\"http:\/\/arttra.com\/wp-content\/plugins\/advanced-wp-columns\/assets\/js\/plugins\/views\/img\/1x1-pixel.png\" \/><\/div>\n<div style=\"clear: both; float: none; display: block; visibility: hidden; width: 0px; font-size: 0px; line-height: 0;\"><\/div>\n<\/div>\n<p>&nbsp;<\/p>\n<p>&nbsp;<\/p>\n<p>&nbsp;<\/p>\n<p>&nbsp;[\/et_pb_text][\/et_pb_column][\/et_pb_row][\/et_pb_section]<\/p>\n","protected":false},"excerpt":{"rendered":"<p>Desde 1985, ARTTRA se ha propuesto ofrecer programas culturales a la medida a empresas, instituciones y particulares en Amsterdam y Olanda. En la realizaci\u00f3n de esta tarea, ARTTRA se distingue por su flexibilidad y por la calidad de sus servicios, tanto en la organizaci\u00f3n como en el nivel art\u00edstico y cultural. Nuestra empresa emplea \u00fanicamente [&hellip;]<\/p>\n","protected":false},"author":5,"featured_media":0,"parent":0,"menu_order":0,"comment_status":"closed","ping_status":"closed","template":"","meta":{"_et_pb_use_builder":"on","_et_pb_old_content":"","_et_gb_content_width":"","footnotes":""},"class_list":["post-6865","page","type-page","status-publish","hentry"],"yoast_head":"<!-- This site is optimized with the Yoast SEO plugin v24.4 - https:\/\/yoast.com\/wordpress\/plugins\/seo\/ -->\n<title>programas culturales personalizados en Amsterdam y pa\u00edses bajos<\/title>\n<meta name=\"description\" content=\"Desde 1985, ARTTRA se ha propuesto ofrecer programas culturales en Amsterdam y pa\u00edses bajos a la medida a empresas, instituciones y particulares.\" \/>\n<meta name=\"robots\" content=\"index, follow, max-snippet:-1, max-image-preview:large, max-video-preview:-1\" \/>\n<link rel=\"canonical\" href=\"https:\/\/arttra.com\/es\/\" \/>\n<meta property=\"og:locale\" content=\"es_ES\" \/>\n<meta property=\"og:type\" content=\"article\" \/>\n<meta property=\"og:title\" content=\"programas culturales personalizados en Amsterdam y pa\u00edses bajos\" \/>\n<meta property=\"og:description\" content=\"Desde 1985, ARTTRA se ha propuesto ofrecer programas culturales en Amsterdam y pa\u00edses bajos a la medida a empresas, instituciones y particulares.\" \/>\n<meta property=\"og:url\" content=\"https:\/\/arttra.com\/es\/\" \/>\n<meta property=\"og:site_name\" content=\"www.arttra.com\" \/>\n<meta property=\"article:publisher\" content=\"https:\/\/www.facebook.com\/ARTTRA-cultureel-organisatiebureau-275685358514\" \/>\n<meta property=\"article:modified_time\" content=\"2021-03-01T15:37:54+00:00\" \/>\n<meta property=\"og:image\" content=\"http:\/\/arttra.com\/wp-content\/plugins\/advanced-wp-columns\/assets\/js\/plugins\/views\/img\/1x1-pixel.png\" \/>\n<meta name=\"twitter:card\" content=\"summary_large_image\" \/>\n<meta name=\"twitter:site\" content=\"@ARTTRA_NL\" \/>\n<meta name=\"twitter:label1\" content=\"Tiempo de lectura\" \/>\n\t<meta name=\"twitter:data1\" content=\"7 minutos\" \/>\n<script type=\"application\/ld+json\" class=\"yoast-schema-graph\">{\"@context\":\"https:\/\/schema.org\",\"@graph\":[{\"@type\":\"WebPage\",\"@id\":\"https:\/\/arttra.com\/es\/\",\"url\":\"https:\/\/arttra.com\/es\/\",\"name\":\"programas culturales personalizados en Amsterdam y pa\u00edses bajos\",\"isPartOf\":{\"@id\":\"https:\/\/arttra.com\/#website\"},\"primaryImageOfPage\":{\"@id\":\"https:\/\/arttra.com\/es\/#primaryimage\"},\"image\":{\"@id\":\"https:\/\/arttra.com\/es\/#primaryimage\"},\"thumbnailUrl\":\"http:\/\/arttra.com\/wp-content\/plugins\/advanced-wp-columns\/assets\/js\/plugins\/views\/img\/1x1-pixel.png\",\"datePublished\":\"2016-07-05T09:28:58+00:00\",\"dateModified\":\"2021-03-01T15:37:54+00:00\",\"description\":\"Desde 1985, ARTTRA se ha propuesto ofrecer programas culturales en Amsterdam y pa\u00edses bajos a la medida a empresas, instituciones y particulares.\",\"breadcrumb\":{\"@id\":\"https:\/\/arttra.com\/es\/#breadcrumb\"},\"inLanguage\":\"es\",\"potentialAction\":[{\"@type\":\"ReadAction\",\"target\":[\"https:\/\/arttra.com\/es\/\"]}]},{\"@type\":\"ImageObject\",\"inLanguage\":\"es\",\"@id\":\"https:\/\/arttra.com\/es\/#primaryimage\",\"url\":\"http:\/\/arttra.com\/wp-content\/plugins\/advanced-wp-columns\/assets\/js\/plugins\/views\/img\/1x1-pixel.png\",\"contentUrl\":\"http:\/\/arttra.com\/wp-content\/plugins\/advanced-wp-columns\/assets\/js\/plugins\/views\/img\/1x1-pixel.png\"},{\"@type\":\"BreadcrumbList\",\"@id\":\"https:\/\/arttra.com\/es\/#breadcrumb\",\"itemListElement\":[{\"@type\":\"ListItem\",\"position\":1,\"name\":\"Home\",\"item\":\"https:\/\/arttra.com\/es\/\"},{\"@type\":\"ListItem\",\"position\":2,\"name\":\"Home\"}]},{\"@type\":\"WebSite\",\"@id\":\"https:\/\/arttra.com\/#website\",\"url\":\"https:\/\/arttra.com\/\",\"name\":\"www.arttra.com\",\"description\":\"ARTTRA cultureel organisatiebureau\",\"potentialAction\":[{\"@type\":\"SearchAction\",\"target\":{\"@type\":\"EntryPoint\",\"urlTemplate\":\"https:\/\/arttra.com\/?s={search_term_string}\"},\"query-input\":{\"@type\":\"PropertyValueSpecification\",\"valueRequired\":true,\"valueName\":\"search_term_string\"}}],\"inLanguage\":\"es\"}]}<\/script>\n<!-- \/ Yoast SEO plugin. -->","yoast_head_json":{"title":"programas culturales personalizados en Amsterdam y pa\u00edses bajos","description":"Desde 1985, ARTTRA se ha propuesto ofrecer programas culturales en Amsterdam y pa\u00edses bajos a la medida a empresas, instituciones y particulares.","robots":{"index":"index","follow":"follow","max-snippet":"max-snippet:-1","max-image-preview":"max-image-preview:large","max-video-preview":"max-video-preview:-1"},"canonical":"https:\/\/arttra.com\/es\/","og_locale":"es_ES","og_type":"article","og_title":"programas culturales personalizados en Amsterdam y pa\u00edses bajos","og_description":"Desde 1985, ARTTRA se ha propuesto ofrecer programas culturales en Amsterdam y pa\u00edses bajos a la medida a empresas, instituciones y particulares.","og_url":"https:\/\/arttra.com\/es\/","og_site_name":"www.arttra.com","article_publisher":"https:\/\/www.facebook.com\/ARTTRA-cultureel-organisatiebureau-275685358514","article_modified_time":"2021-03-01T15:37:54+00:00","og_image":[{"url":"http:\/\/arttra.com\/wp-content\/plugins\/advanced-wp-columns\/assets\/js\/plugins\/views\/img\/1x1-pixel.png","type":"","width":"","height":""}],"twitter_card":"summary_large_image","twitter_site":"@ARTTRA_NL","twitter_misc":{"Tiempo de lectura":"7 minutos"},"schema":{"@context":"https:\/\/schema.org","@graph":[{"@type":"WebPage","@id":"https:\/\/arttra.com\/es\/","url":"https:\/\/arttra.com\/es\/","name":"programas culturales personalizados en Amsterdam y pa\u00edses bajos","isPartOf":{"@id":"https:\/\/arttra.com\/#website"},"primaryImageOfPage":{"@id":"https:\/\/arttra.com\/es\/#primaryimage"},"image":{"@id":"https:\/\/arttra.com\/es\/#primaryimage"},"thumbnailUrl":"http:\/\/arttra.com\/wp-content\/plugins\/advanced-wp-columns\/assets\/js\/plugins\/views\/img\/1x1-pixel.png","datePublished":"2016-07-05T09:28:58+00:00","dateModified":"2021-03-01T15:37:54+00:00","description":"Desde 1985, ARTTRA se ha propuesto ofrecer programas culturales en Amsterdam y pa\u00edses bajos a la medida a empresas, instituciones y particulares.","breadcrumb":{"@id":"https:\/\/arttra.com\/es\/#breadcrumb"},"inLanguage":"es","potentialAction":[{"@type":"ReadAction","target":["https:\/\/arttra.com\/es\/"]}]},{"@type":"ImageObject","inLanguage":"es","@id":"https:\/\/arttra.com\/es\/#primaryimage","url":"http:\/\/arttra.com\/wp-content\/plugins\/advanced-wp-columns\/assets\/js\/plugins\/views\/img\/1x1-pixel.png","contentUrl":"http:\/\/arttra.com\/wp-content\/plugins\/advanced-wp-columns\/assets\/js\/plugins\/views\/img\/1x1-pixel.png"},{"@type":"BreadcrumbList","@id":"https:\/\/arttra.com\/es\/#breadcrumb","itemListElement":[{"@type":"ListItem","position":1,"name":"Home","item":"https:\/\/arttra.com\/es\/"},{"@type":"ListItem","position":2,"name":"Home"}]},{"@type":"WebSite","@id":"https:\/\/arttra.com\/#website","url":"https:\/\/arttra.com\/","name":"www.arttra.com","description":"ARTTRA cultureel organisatiebureau","potentialAction":[{"@type":"SearchAction","target":{"@type":"EntryPoint","urlTemplate":"https:\/\/arttra.com\/?s={search_term_string}"},"query-input":{"@type":"PropertyValueSpecification","valueRequired":true,"valueName":"search_term_string"}}],"inLanguage":"es"}]}},"_links":{"self":[{"href":"https:\/\/arttra.com\/es\/wp-json\/wp\/v2\/pages\/6865","targetHints":{"allow":["GET"]}}],"collection":[{"href":"https:\/\/arttra.com\/es\/wp-json\/wp\/v2\/pages"}],"about":[{"href":"https:\/\/arttra.com\/es\/wp-json\/wp\/v2\/types\/page"}],"author":[{"embeddable":true,"href":"https:\/\/arttra.com\/es\/wp-json\/wp\/v2\/users\/5"}],"replies":[{"embeddable":true,"href":"https:\/\/arttra.com\/es\/wp-json\/wp\/v2\/comments?post=6865"}],"version-history":[{"count":8,"href":"https:\/\/arttra.com\/es\/wp-json\/wp\/v2\/pages\/6865\/revisions"}],"predecessor-version":[{"id":25576,"href":"https:\/\/arttra.com\/es\/wp-json\/wp\/v2\/pages\/6865\/revisions\/25576"}],"wp:attachment":[{"href":"https:\/\/arttra.com\/es\/wp-json\/wp\/v2\/media?parent=6865"}],"curies":[{"name":"wp","href":"https:\/\/api.w.org\/{rel}","templated":true}]}}