{"id":7115,"date":"2016-07-13T11:52:00","date_gmt":"2016-07-13T09:52:00","guid":{"rendered":"http:\/\/www.arttra.info\/wordpress\/es\/contact\/"},"modified":"2021-11-19T18:01:42","modified_gmt":"2021-11-19T17:01:42","slug":"contact","status":"publish","type":"page","link":"https:\/\/arttra.com\/es\/contact\/","title":{"rendered":"Contact"},"content":{"rendered":"<p>[et_pb_section fb_built=\u00bb1&#8243; admin_label=\u00bbsection\u00bb _builder_version=\u00bb3.22&#8243;][et_pb_row admin_label=\u00bbrow\u00bb _builder_version=\u00bb3.25&#8243; background_size=\u00bbinitial\u00bb background_position=\u00bbtop_left\u00bb background_repeat=\u00bbrepeat\u00bb][et_pb_column type=\u00bb4_4&#8243; _builder_version=\u00bb3.25&#8243; custom_padding=\u00bb|||\u00bb custom_padding__hover=\u00bb|||\u00bb][et_pb_divider color=\u00bb#000000&#8243; disabled_on=\u00bbon|on|off\u00bb admin_label=\u00bbVerdeler\u00bb _builder_version=\u00bb3.2&#8243; hide_on_mobile=\u00bbon\u00bb] [\/et_pb_divider][\/et_pb_column][\/et_pb_row][et_pb_row column_structure=\u00bb1_4,3_4&#8243; admin_label=\u00bbRij\u00bb _builder_version=\u00bb3.25&#8243; background_size=\u00bbinitial\u00bb background_position=\u00bbtop_left\u00bb background_repeat=\u00bbrepeat\u00bb][et_pb_column type=\u00bb1_4&#8243; _builder_version=\u00bb3.25&#8243; custom_padding=\u00bb|||\u00bb custom_padding__hover=\u00bb|||\u00bb][et_pb_image src=\u00bbhttps:\/\/arttra.com\/wp-content\/uploads\/2016\/05\/logo-e1465027457922.png\u00bb align=\u00bbcenter\u00bb align_tablet=\u00bbcenter\u00bb align_phone=\u00bb\u00bb align_last_edited=\u00bbon|desktop\u00bb admin_label=\u00bbAfbeelding\u00bb _builder_version=\u00bb3.23&#8243; sticky=\u00bboff\u00bb use_border_color=\u00bboff\u00bb border_color=\u00bb#ffffff\u00bb border_style=\u00bbsolid\u00bb always_center_on_mobile=\u00bbon\u00bb] [\/et_pb_image][et_pb_image src=\u00bbhttps:\/\/arttra.com\/wp-content\/uploads\/2016\/06\/artlo.png\u00bb align_tablet=\u00bbcenter\u00bb align_phone=\u00bb\u00bb align_last_edited=\u00bbon|desktop\u00bb admin_label=\u00bbAfbeelding\u00bb _builder_version=\u00bb3.23&#8243; sticky=\u00bboff\u00bb use_border_color=\u00bboff\u00bb border_color=\u00bb#ffffff\u00bb border_style=\u00bbsolid\u00bb always_center_on_mobile=\u00bbon\u00bb] [\/et_pb_image][\/et_pb_column][et_pb_column type=\u00bb3_4&#8243; _builder_version=\u00bb3.25&#8243; custom_padding=\u00bb|||\u00bb custom_padding__hover=\u00bb|||\u00bb][et_pb_image src=\u00bbhttps:\/\/arttra.com\/wp-content\/uploads\/2016\/07\/abstract.jpg\u00bb force_fullwidth=\u00bbon\u00bb align_tablet=\u00bbcenter\u00bb align_phone=\u00bb\u00bb align_last_edited=\u00bbon|desktop\u00bb admin_label=\u00bbAfbeelding\u00bb _builder_version=\u00bb3.23&#8243; sticky=\u00bboff\u00bb use_border_color=\u00bboff\u00bb border_color=\u00bb#ffffff\u00bb border_style=\u00bbsolid\u00bb always_center_on_mobile=\u00bbon\u00bb] [\/et_pb_image][\/et_pb_column][\/et_pb_row][et_pb_row column_structure=\u00bb1_4,3_4&#8243; admin_label=\u00bbRij\u00bb _builder_version=\u00bb3.25&#8243; background_size=\u00bbinitial\u00bb background_position=\u00bbtop_left\u00bb background_repeat=\u00bbrepeat\u00bb][et_pb_column type=\u00bb1_4&#8243; _builder_version=\u00bb3.25&#8243; custom_padding=\u00bb|||\u00bb custom_padding__hover=\u00bb|||\u00bb][et_pb_divider color=\u00bb#000000&#8243; disabled_on=\u00bbon|on|off\u00bb admin_label=\u00bbVerdeler\u00bb _builder_version=\u00bb3.2&#8243; hide_on_mobile=\u00bbon\u00bb] [\/et_pb_divider][et_pb_text admin_label=\u00bbTekst\u00bb _builder_version=\u00bb3.27.4&#8243; background_size=\u00bbinitial\u00bb background_position=\u00bbtop_left\u00bb background_repeat=\u00bbrepeat\u00bb use_border_color=\u00bboff\u00bb border_color=\u00bb#ffffff\u00bb border_style=\u00bbsolid\u00bb] <div class=\"frm_forms  with_frm_style frm_style_formidable-style\" id=\"frm_form_105_container\" data-token=\"975c0b6df5ffcf11f29dacf12ac23e96\">\n<form enctype=\"multipart\/form-data\" method=\"post\" class=\"frm-show-form \" id=\"form_gjyq533\" data-token=\"975c0b6df5ffcf11f29dacf12ac23e96\">\n<div class=\"frm_form_fields \">\n<fieldset>\n<legend class=\"frm_hidden\">Nieuwsbrief aanmelden spaans<\/legend>\r\n\r\n<div class=\"frm_fields_container\">\n<input type=\"hidden\" name=\"frm_action\" value=\"create\" \/>\n<input type=\"hidden\" name=\"form_id\" value=\"105\" \/>\n<input type=\"hidden\" name=\"frm_hide_fields_105\" id=\"frm_hide_fields_105\" value=\"\" \/>\n<input type=\"hidden\" name=\"form_key\" value=\"gjyq533\" \/>\n<input type=\"hidden\" name=\"item_meta[0]\" value=\"\" \/>\n<input type=\"hidden\" id=\"frm_submit_entry_105\" name=\"frm_submit_entry_105\" value=\"7fbcceccef\" \/><input type=\"hidden\" name=\"_wp_http_referer\" value=\"\/es\/wp-json\/wp\/v2\/pages\/7115\" \/><div id=\"frm_field_1300_container\" class=\"frm_form_field form-field  frm_required_field frm_top_container vertical_radio\">\r\n    <label  class=\"frm_primary_label\">Ahora firme para arriba para su bolet\u00edn gratuito! (bolet\u00edn ingl\u00e9s)\r\n        <span class=\"frm_required\"><\/span>\r\n    <\/label>\r\n    <div class=\"frm_opt_container\">\t\t<div class=\"frm_checkbox\" id=\"frm_checkbox_1300-0\">\t\t\t<label  for=\"field_blif433-0\">\n\t\t\t<input type=\"checkbox\" name=\"item_meta[1300][]\" id=\"field_blif433-0\" value=\"&quot;\u00c3\u009anet\"  data-reqmsg=\"Dit veld mag niet leeg zijn.\" data-invmsg=\"Ahora firme para arriba para su bolet\u00edn gratuito! (bolet\u00edn ingl\u00e9s) no es v\u00e1lido\" aria-invalid=\"false\"   aria-required=\"true\"  \/> \"\u00c3\u009anet<\/label><\/div>\n<\/div>\r\n    \r\n    \r\n<\/div>\n<div id=\"frm_field_1301_container\" class=\"frm_form_field form-field  frm_required_field frm_top_container\">\r\n    <label for=\"field_8boxq33\" class=\"frm_primary_label\">nombre\r\n        <span class=\"frm_required\">*<\/span>\r\n    <\/label>\r\n    <input type=\"text\" id=\"field_8boxq33\" name=\"item_meta[1301]\" value=\"\"  data-reqmsg=\"Dit veld mag niet leeg zijn.\" aria-required=\"true\" data-invmsg=\"nombre no es v\u00e1lido\" aria-invalid=\"false\"  \/>\r\n    \r\n    \r\n<\/div>\n<div id=\"frm_field_1302_container\" class=\"frm_form_field form-field  frm_required_field frm_top_container\">\r\n    <label for=\"field_5cfaa33\" class=\"frm_primary_label\">E-mail\r\n        <span class=\"frm_required\">*<\/span>\r\n    <\/label>\r\n    <input type=\"email\" id=\"field_5cfaa33\" name=\"item_meta[1302]\" value=\"\"  data-reqmsg=\"Dit veld mag niet leeg zijn.\" aria-required=\"true\" data-invmsg=\"E-mailadres is ongeldig\" aria-invalid=\"false\"  \/>\r\n    \r\n    \r\n<\/div>\n<div id=\"frm_field_6248_container\" class=\"frm_form_field form-field  frm_none_container\">\n\t<label for=\"g-recaptcha-response\" id=\"field_pj8tu_label\" class=\"frm_primary_label\">Captcha\n\t\t<span class=\"frm_required\" aria-hidden=\"true\"><\/span>\n\t<\/label>\n\t<div  id=\"field_pj8tu\" class=\"frm-g-recaptcha\" data-sitekey=\"6LfILLgpAAAAAPO8E1NOjgLSVAZ5t-S0KD13ZQX4\" data-size=\"invisible\" data-theme=\"light\"><\/div>\n\t\n\t\n<\/div>\n<div id=\"frm_field_6247_container\" class=\"frm_form_field form-field \">\n\t<div class=\"frm_submit\">\r\n\r\n<input type=\"submit\" value=\"Verzenden\"  \/>\r\n<img decoding=\"async\" class=\"frm_ajax_loading\" src=\"https:\/\/arttra.com\/wp-content\/plugins\/formidable\/images\/ajax_loader.gif\" alt=\"Bezig met versturen\"\/>\r\n\r\n<\/div>\n<\/div>\n\t<input type=\"hidden\" name=\"item_key\" value=\"\" \/>\n\t\t\t\t<div class=\"frm__65d9c45751049\">\n\t\t\t\t<label for=\"frm_email_105\" >\n\t\t\t\t\tSi eres humano, deja este campo en blanco.\t\t\t\t<\/label>\n\t\t\t\t<input  id=\"frm_email_105\" type=\"email\" class=\"frm_verify\" name=\"frm__65d9c45751049\" value=\"\"  \/>\n\t\t\t<\/div>\n\t\t<\/div>\n<\/fieldset>\n<\/div>\n\n<\/form>\n<\/div>\n [\/et_pb_text][\/et_pb_column][et_pb_column type=\u00bb3_4&#8243; _builder_version=\u00bb3.25&#8243; custom_padding=\u00bb|||\u00bb custom_padding__hover=\u00bb|||\u00bb][et_pb_blurb image_max_width=\u00bbnone\u00bb admin_label=\u00bbBlurb\u00bb _builder_version=\u00bb3.0.87&#8243; background_color=\u00bb#ad8b38&#8243; background_size=\u00bbinitial\u00bb background_position=\u00bbtop_left\u00bb background_repeat=\u00bbrepeat\u00bb background_layout=\u00bbdark\u00bb custom_margin=\u00bb5px|5px|5px|\u00bb custom_padding=\u00bb5px|5px||8px\u00bb use_border_color=\u00bboff\u00bb border_color=\u00bb#ffffff\u00bb border_style=\u00bbsolid\u00bb saved_tabs=\u00bball\u00bb]<\/p>\n<h1 style=\"text-align: center;\">ARTTRA\u00a0oficina de organizaci\u00f3n cultural<\/h1>\n<p>[\/et_pb_blurb][et_pb_divider show_divider=\u00bboff\u00bb disabled_on=\u00bbon|on|off\u00bb admin_label=\u00bbVerdeler\u00bb _builder_version=\u00bb3.2&#8243; hide_on_mobile=\u00bbon\u00bb] [\/et_pb_divider][et_pb_text admin_label=\u00bbText\u00bb _builder_version=\u00bb3.27.4&#8243; background_size=\u00bbinitial\u00bb background_position=\u00bbtop_left\u00bb background_repeat=\u00bbrepeat\u00bb use_border_color=\u00bboff\u00bb border_color=\u00bb#ffffff\u00bb border_style=\u00bbsolid\u00bb]<\/p>\n<div class=\"csRow\">\n<div class=\"csColumnGap\" style=\"margin: 0px; padding: 0px; float: left; width: 1.56%;\"><img decoding=\"async\" style=\"border: none;\" src=\"https:\/\/arttra.com\/wp-content\/plugins\/advanced-wp-columns\/assets\/js\/plugins\/views\/img\/1x1-pixel.png\" \/><\/div>\n<div class=\"csColumn\" style=\"margin: 0px; padding: 0px; float: left; width: 47.7%;\" data-csstartpoint=\"15\" data-csendpoint=\"472.5\" data-cswidth=\"47.7%\" data-csid=\"19e981b0-5f61-8e60-ac15-f5caa5d9c2e1\">\n<p>Tweede Boomdwarsstraat 4<br \/> 1015 LK Amsterdam<br \/> T +31 (0) 20 6259303<br \/> info@arttra.com<\/p>\n<\/div>\n<div class=\"csColumnGap\" style=\"margin: 0px; padding: 0px; float: left; width: 1.56%;\"><img decoding=\"async\" style=\"border: none;\" src=\"https:\/\/arttra.com\/wp-content\/plugins\/advanced-wp-columns\/assets\/js\/plugins\/views\/img\/1x1-pixel.png\" \/><\/div>\n<div class=\"csColumn\" style=\"margin: 0px; padding: 0px; float: left; width: 47.7%;\" data-csstartpoint=\"487.5\" data-csendpoint=\"945\" data-cswidth=\"47.7%\" data-csid=\"3ff7388b-45d7-ed84-822f-c009dae93c3a\">\n<p>IBAN NL 89 ABNA 0441356524<br \/> BIC \u00a0ABNANL 2A<br \/>VAT NL 001369068B80<br \/> KVK 51888807<\/p>\n<\/div>\n<\/div>\n<p>[\/et_pb_text][et_pb_divider color=\u00bb#ffffff\u00bb divider_weight=\u00bb8&#8243; disabled_on=\u00bbon|on|off\u00bb admin_label=\u00bbVerdeler\u00bb _builder_version=\u00bb3.2&#8243; hide_on_mobile=\u00bbon\u00bb] [\/et_pb_divider][et_pb_map address=\u00bbTweede Boomdwarsstraat 4, 1015 LK Amsterdam, Nederland\u00bb zoom_level=\u00bb17&#8243; address_lat=\u00bb52.3788656&#8243; address_lng=\u00bb4.882884500000046&#8243; admin_label=\u00bbKaart\u00bb _builder_version=\u00bb3.0.91&#8243;][et_pb_map_pin title=\u00bbARTTRA\u00bb pin_address=\u00bbTweede Boomdwarsstraat 4, 1015 LK Amsterdam, Nederland\u00bb pin_address_lat=\u00bb52.3788656&#8243; pin_address_lng=\u00bb4.882884500000046&#8243; _builder_version=\u00bb3.0.47&#8243;][\/et_pb_map_pin][\/et_pb_map][et_pb_divider show_divider=\u00bboff\u00bb disabled_on=\u00bbon|on|off\u00bb admin_label=\u00bbVerdeler\u00bb _builder_version=\u00bb3.2&#8243; hide_on_mobile=\u00bbon\u00bb] [\/et_pb_divider][et_pb_divider color=\u00bb#ffffff\u00bb disabled_on=\u00bbon|on|off\u00bb admin_label=\u00bbVerdeler\u00bb _builder_version=\u00bb3.2&#8243; hide_on_mobile=\u00bbon\u00bb] [\/et_pb_divider][\/et_pb_column][\/et_pb_row][\/et_pb_section]<\/p>\n","protected":false},"excerpt":{"rendered":"<p><div class=\"frm_forms  with_frm_style frm_style_formidable-style\" id=\"frm_form_105_container\" data-token=\"975c0b6df5ffcf11f29dacf12ac23e96\" data-token=\"975c0b6df5ffcf11f29dacf12ac23e96\">\n<form enctype=\"multipart\/form-data\" method=\"post\" class=\"frm-show-form \" id=\"form_gjyq533\" data-token=\"975c0b6df5ffcf11f29dacf12ac23e96\" data-token=\"975c0b6df5ffcf11f29dacf12ac23e96\">\n<div class=\"frm_form_fields \">\n<fieldset>\n<legend class=\"frm_hidden\">Nieuwsbrief aanmelden spaans<\/legend>\r\n\r\n<div class=\"frm_fields_container\">\n<input type=\"hidden\" name=\"frm_action\" value=\"create\" \/>\n<input type=\"hidden\" name=\"form_id\" value=\"105\" \/>\n<input type=\"hidden\" name=\"frm_hide_fields_105\" id=\"frm_hide_fields_105\" value=\"\" \/>\n<input type=\"hidden\" name=\"form_key\" value=\"gjyq533\" \/>\n<input type=\"hidden\" name=\"item_meta[0]\" value=\"\" \/>\n<input type=\"hidden\" id=\"frm_submit_entry_105\" name=\"frm_submit_entry_105\" value=\"7fbcceccef\" \/><input type=\"hidden\" name=\"_wp_http_referer\" value=\"\/es\/wp-json\/wp\/v2\/pages\/7115\" \/><div id=\"frm_field_1300_container\" class=\"frm_form_field form-field  frm_required_field frm_top_container vertical_radio\">\r\n    <label  class=\"frm_primary_label\">Ahora firme para arriba para su bolet\u00edn gratuito! (bolet\u00edn ingl\u00e9s)\r\n        <span class=\"frm_required\"><\/span>\r\n    <\/label>\r\n    <div class=\"frm_opt_container\">\t\t<div class=\"frm_checkbox\" id=\"frm_checkbox_1300-0\">\t\t\t<label  for=\"field_blif433-0\">\n\t\t\t<input type=\"checkbox\" name=\"item_meta[1300][]\" id=\"field_blif433-0\" value=\"&quot;\u00c3\u009anet\"  data-reqmsg=\"Dit veld mag niet leeg zijn.\" data-invmsg=\"Ahora firme para arriba para su bolet\u00edn gratuito! (bolet\u00edn ingl\u00e9s) no es v\u00e1lido\" aria-invalid=\"false\"   aria-required=\"true\"  \/> \"\u00c3\u009anet<\/label><\/div>\n<\/div>\r\n    \r\n    \r\n<\/div>\n<div id=\"frm_field_1301_container\" class=\"frm_form_field form-field  frm_required_field frm_top_container\">\r\n    <label for=\"field_8boxq33\" class=\"frm_primary_label\">nombre\r\n        <span class=\"frm_required\">*<\/span>\r\n    <\/label>\r\n    <input type=\"text\" id=\"field_8boxq33\" name=\"item_meta[1301]\" value=\"\"  data-reqmsg=\"Dit veld mag niet leeg zijn.\" aria-required=\"true\" data-invmsg=\"nombre no es v\u00e1lido\" aria-invalid=\"false\"  \/>\r\n    \r\n    \r\n<\/div>\n<div id=\"frm_field_1302_container\" class=\"frm_form_field form-field  frm_required_field frm_top_container\">\r\n    <label for=\"field_5cfaa33\" class=\"frm_primary_label\">E-mail\r\n        <span class=\"frm_required\">*<\/span>\r\n    <\/label>\r\n    <input type=\"email\" id=\"field_5cfaa33\" name=\"item_meta[1302]\" value=\"\"  data-reqmsg=\"Dit veld mag niet leeg zijn.\" aria-required=\"true\" data-invmsg=\"E-mailadres is ongeldig\" aria-invalid=\"false\"  \/>\r\n    \r\n    \r\n<\/div>\n<div id=\"frm_field_6248_container\" class=\"frm_form_field form-field  frm_none_container\">\n\t<label for=\"g-recaptcha-response\" id=\"field_pj8tu_label\" class=\"frm_primary_label\">Captcha\n\t\t<span class=\"frm_required\" aria-hidden=\"true\"><\/span>\n\t<\/label>\n\t<div  id=\"field_pj8tu\" class=\"frm-g-recaptcha\" data-sitekey=\"6LfILLgpAAAAAPO8E1NOjgLSVAZ5t-S0KD13ZQX4\" data-size=\"invisible\" data-theme=\"light\"><\/div>\n\t\n\t\n<\/div>\n<div id=\"frm_field_6247_container\" class=\"frm_form_field form-field \">\n\t<div class=\"frm_submit\">\r\n\r\n<input type=\"submit\" value=\"Verzenden\"  \/>\r\n<img decoding=\"async\" class=\"frm_ajax_loading\" src=\"https:\/\/arttra.com\/wp-content\/plugins\/formidable\/images\/ajax_loader.gif\" alt=\"Bezig met versturen\"\/>\r\n\r\n<\/div>\n<\/div>\n\t<input type=\"hidden\" name=\"item_key\" value=\"\" \/>\n\t\t\t\t<div class=\"frm__65d9c45751049\">\n\t\t\t\t<label for=\"frm_email_105\" >\n\t\t\t\t\tSi eres humano, deja este campo en blanco.\t\t\t\t<\/label>\n\t\t\t\t<input  id=\"frm_email_105\" type=\"email\" class=\"frm_verify\" name=\"frm__65d9c45751049\" value=\"\"  \/>\n\t\t\t<\/div>\n\t\t<\/div>\n<\/fieldset>\n<\/div>\n\n<\/form>\n<\/div>\n ARTTRA\u00a0oficina de organizaci\u00f3n cultural Tweede Boomdwarsstraat 4 1015 LK Amsterdam T +31 (0) 20 6259303 info@arttra.com IBAN NL 89 ABNA 0441356524 BIC \u00a0ABNANL 2AVAT NL 001369068B80 KVK 51888807<\/p>\n","protected":false},"author":5,"featured_media":0,"parent":0,"menu_order":0,"comment_status":"closed","ping_status":"closed","template":"","meta":{"_et_pb_use_builder":"on","_et_pb_old_content":"","_et_gb_content_width":"","footnotes":""},"class_list":["post-7115","page","type-page","status-publish","hentry"],"yoast_head":"<!-- This site is optimized with the Yoast SEO plugin v24.4 - https:\/\/yoast.com\/wordpress\/plugins\/seo\/ -->\n<title>Contacto ARTTRA oficina de organizaci\u00f3n cultural<\/title>\n<meta name=\"description\" content=\"Contacto ARTTRA oficina de organizaci\u00f3n cultural Tweede Boomdwarsstraat 4 1015 LK Amsterdam T +31 (0) 20 6259303 info@arttra.nl\" \/>\n<meta name=\"robots\" content=\"index, follow, max-snippet:-1, max-image-preview:large, max-video-preview:-1\" \/>\n<link rel=\"canonical\" href=\"https:\/\/arttra.com\/contact\/\" \/>\n<meta property=\"og:locale\" content=\"es_ES\" \/>\n<meta property=\"og:type\" content=\"article\" \/>\n<meta property=\"og:title\" content=\"Contacto ARTTRA oficina de organizaci\u00f3n cultural\" \/>\n<meta property=\"og:description\" content=\"Contacto ARTTRA oficina de organizaci\u00f3n cultural Tweede Boomdwarsstraat 4 1015 LK Amsterdam T +31 (0) 20 6259303 info@arttra.nl\" \/>\n<meta property=\"og:url\" content=\"https:\/\/arttra.com\/contact\/\" \/>\n<meta property=\"og:site_name\" content=\"www.arttra.com\" \/>\n<meta property=\"article:publisher\" content=\"https:\/\/www.facebook.com\/ARTTRA-cultureel-organisatiebureau-275685358514\" \/>\n<meta property=\"article:modified_time\" content=\"2021-11-19T17:01:42+00:00\" \/>\n<meta property=\"og:image\" content=\"https:\/\/arttra.com\/wp-content\/plugins\/advanced-wp-columns\/assets\/js\/plugins\/views\/img\/1x1-pixel.png\" \/>\n<meta name=\"twitter:card\" content=\"summary_large_image\" \/>\n<meta name=\"twitter:site\" content=\"@ARTTRA_NL\" \/>\n<meta name=\"twitter:label1\" content=\"Tiempo de lectura\" \/>\n\t<meta name=\"twitter:data1\" content=\"3 minutos\" \/>\n<script type=\"application\/ld+json\" class=\"yoast-schema-graph\">{\"@context\":\"https:\/\/schema.org\",\"@graph\":[{\"@type\":\"WebPage\",\"@id\":\"https:\/\/arttra.com\/contact\/\",\"url\":\"https:\/\/arttra.com\/contact\/\",\"name\":\"Contacto ARTTRA oficina de organizaci\u00f3n cultural\",\"isPartOf\":{\"@id\":\"https:\/\/arttra.com\/#website\"},\"primaryImageOfPage\":{\"@id\":\"https:\/\/arttra.com\/contact\/#primaryimage\"},\"image\":{\"@id\":\"https:\/\/arttra.com\/contact\/#primaryimage\"},\"thumbnailUrl\":\"https:\/\/arttra.com\/wp-content\/plugins\/advanced-wp-columns\/assets\/js\/plugins\/views\/img\/1x1-pixel.png\",\"datePublished\":\"2016-07-13T09:52:00+00:00\",\"dateModified\":\"2021-11-19T17:01:42+00:00\",\"description\":\"Contacto ARTTRA oficina de organizaci\u00f3n cultural Tweede Boomdwarsstraat 4 1015 LK Amsterdam T +31 (0) 20 6259303 info@arttra.nl\",\"breadcrumb\":{\"@id\":\"https:\/\/arttra.com\/contact\/#breadcrumb\"},\"inLanguage\":\"es\",\"potentialAction\":[{\"@type\":\"ReadAction\",\"target\":[\"https:\/\/arttra.com\/contact\/\"]}]},{\"@type\":\"ImageObject\",\"inLanguage\":\"es\",\"@id\":\"https:\/\/arttra.com\/contact\/#primaryimage\",\"url\":\"https:\/\/arttra.com\/wp-content\/plugins\/advanced-wp-columns\/assets\/js\/plugins\/views\/img\/1x1-pixel.png\",\"contentUrl\":\"https:\/\/arttra.com\/wp-content\/plugins\/advanced-wp-columns\/assets\/js\/plugins\/views\/img\/1x1-pixel.png\"},{\"@type\":\"BreadcrumbList\",\"@id\":\"https:\/\/arttra.com\/contact\/#breadcrumb\",\"itemListElement\":[{\"@type\":\"ListItem\",\"position\":1,\"name\":\"Home\",\"item\":\"https:\/\/arttra.com\/es\/\"},{\"@type\":\"ListItem\",\"position\":2,\"name\":\"Contact\"}]},{\"@type\":\"WebSite\",\"@id\":\"https:\/\/arttra.com\/#website\",\"url\":\"https:\/\/arttra.com\/\",\"name\":\"www.arttra.com\",\"description\":\"ARTTRA cultureel organisatiebureau\",\"potentialAction\":[{\"@type\":\"SearchAction\",\"target\":{\"@type\":\"EntryPoint\",\"urlTemplate\":\"https:\/\/arttra.com\/?s={search_term_string}\"},\"query-input\":{\"@type\":\"PropertyValueSpecification\",\"valueRequired\":true,\"valueName\":\"search_term_string\"}}],\"inLanguage\":\"es\"}]}<\/script>\n<!-- \/ Yoast SEO plugin. -->","yoast_head_json":{"title":"Contacto ARTTRA oficina de organizaci\u00f3n cultural","description":"Contacto ARTTRA oficina de organizaci\u00f3n cultural Tweede Boomdwarsstraat 4 1015 LK Amsterdam T +31 (0) 20 6259303 info@arttra.nl","robots":{"index":"index","follow":"follow","max-snippet":"max-snippet:-1","max-image-preview":"max-image-preview:large","max-video-preview":"max-video-preview:-1"},"canonical":"https:\/\/arttra.com\/contact\/","og_locale":"es_ES","og_type":"article","og_title":"Contacto ARTTRA oficina de organizaci\u00f3n cultural","og_description":"Contacto ARTTRA oficina de organizaci\u00f3n cultural Tweede Boomdwarsstraat 4 1015 LK Amsterdam T +31 (0) 20 6259303 info@arttra.nl","og_url":"https:\/\/arttra.com\/contact\/","og_site_name":"www.arttra.com","article_publisher":"https:\/\/www.facebook.com\/ARTTRA-cultureel-organisatiebureau-275685358514","article_modified_time":"2021-11-19T17:01:42+00:00","og_image":[{"url":"https:\/\/arttra.com\/wp-content\/plugins\/advanced-wp-columns\/assets\/js\/plugins\/views\/img\/1x1-pixel.png","type":"","width":"","height":""}],"twitter_card":"summary_large_image","twitter_site":"@ARTTRA_NL","twitter_misc":{"Tiempo de lectura":"3 minutos"},"schema":{"@context":"https:\/\/schema.org","@graph":[{"@type":"WebPage","@id":"https:\/\/arttra.com\/contact\/","url":"https:\/\/arttra.com\/contact\/","name":"Contacto ARTTRA oficina de organizaci\u00f3n cultural","isPartOf":{"@id":"https:\/\/arttra.com\/#website"},"primaryImageOfPage":{"@id":"https:\/\/arttra.com\/contact\/#primaryimage"},"image":{"@id":"https:\/\/arttra.com\/contact\/#primaryimage"},"thumbnailUrl":"https:\/\/arttra.com\/wp-content\/plugins\/advanced-wp-columns\/assets\/js\/plugins\/views\/img\/1x1-pixel.png","datePublished":"2016-07-13T09:52:00+00:00","dateModified":"2021-11-19T17:01:42+00:00","description":"Contacto ARTTRA oficina de organizaci\u00f3n cultural Tweede Boomdwarsstraat 4 1015 LK Amsterdam T +31 (0) 20 6259303 info@arttra.nl","breadcrumb":{"@id":"https:\/\/arttra.com\/contact\/#breadcrumb"},"inLanguage":"es","potentialAction":[{"@type":"ReadAction","target":["https:\/\/arttra.com\/contact\/"]}]},{"@type":"ImageObject","inLanguage":"es","@id":"https:\/\/arttra.com\/contact\/#primaryimage","url":"https:\/\/arttra.com\/wp-content\/plugins\/advanced-wp-columns\/assets\/js\/plugins\/views\/img\/1x1-pixel.png","contentUrl":"https:\/\/arttra.com\/wp-content\/plugins\/advanced-wp-columns\/assets\/js\/plugins\/views\/img\/1x1-pixel.png"},{"@type":"BreadcrumbList","@id":"https:\/\/arttra.com\/contact\/#breadcrumb","itemListElement":[{"@type":"ListItem","position":1,"name":"Home","item":"https:\/\/arttra.com\/es\/"},{"@type":"ListItem","position":2,"name":"Contact"}]},{"@type":"WebSite","@id":"https:\/\/arttra.com\/#website","url":"https:\/\/arttra.com\/","name":"www.arttra.com","description":"ARTTRA cultureel organisatiebureau","potentialAction":[{"@type":"SearchAction","target":{"@type":"EntryPoint","urlTemplate":"https:\/\/arttra.com\/?s={search_term_string}"},"query-input":{"@type":"PropertyValueSpecification","valueRequired":true,"valueName":"search_term_string"}}],"inLanguage":"es"}]}},"_links":{"self":[{"href":"https:\/\/arttra.com\/es\/wp-json\/wp\/v2\/pages\/7115","targetHints":{"allow":["GET"]}}],"collection":[{"href":"https:\/\/arttra.com\/es\/wp-json\/wp\/v2\/pages"}],"about":[{"href":"https:\/\/arttra.com\/es\/wp-json\/wp\/v2\/types\/page"}],"author":[{"embeddable":true,"href":"https:\/\/arttra.com\/es\/wp-json\/wp\/v2\/users\/5"}],"replies":[{"embeddable":true,"href":"https:\/\/arttra.com\/es\/wp-json\/wp\/v2\/comments?post=7115"}],"version-history":[{"count":3,"href":"https:\/\/arttra.com\/es\/wp-json\/wp\/v2\/pages\/7115\/revisions"}],"predecessor-version":[{"id":25977,"href":"https:\/\/arttra.com\/es\/wp-json\/wp\/v2\/pages\/7115\/revisions\/25977"}],"wp:attachment":[{"href":"https:\/\/arttra.com\/es\/wp-json\/wp\/v2\/media?parent=7115"}],"curies":[{"name":"wp","href":"https:\/\/api.w.org\/{rel}","templated":true}]}}