{"id":8424,"date":"2016-07-15T10:30:20","date_gmt":"2016-07-15T08:30:20","guid":{"rendered":"http:\/\/www.arttra.info\/wordpress\/es\/wandelingen\/"},"modified":"2025-06-17T17:18:36","modified_gmt":"2025-06-17T15:18:36","slug":"wandelingen","status":"publish","type":"page","link":"https:\/\/arttra.com\/es\/wandelingen\/","title":{"rendered":"Excursi\u00f3n a pie"},"content":{"rendered":"<p>[et_pb_section fb_built=\u00bb1&#8243; admin_label=\u00bbsection\u00bb _builder_version=\u00bb4.16&#8243; global_colors_info=\u00bb{}\u00bb][et_pb_row admin_label=\u00bbrow\u00bb _builder_version=\u00bb4.16&#8243; background_size=\u00bbinitial\u00bb background_position=\u00bbtop_left\u00bb background_repeat=\u00bbrepeat\u00bb global_colors_info=\u00bb{}\u00bb][et_pb_column type=\u00bb4_4&#8243; _builder_version=\u00bb4.16&#8243; custom_padding=\u00bb|||\u00bb global_colors_info=\u00bb{}\u00bb custom_padding__hover=\u00bb|||\u00bb][et_pb_divider color=\u00bb#000000&#8243; disabled_on=\u00bbon|on|off\u00bb admin_label=\u00bbVerdeler\u00bb _builder_version=\u00bb4.16&#8243; hide_on_mobile=\u00bbon\u00bb global_colors_info=\u00bb{}\u00bb] [\/et_pb_divider][\/et_pb_column][\/et_pb_row][et_pb_row column_structure=\u00bb1_4,3_4&#8243; admin_label=\u00bbRij\u00bb _builder_version=\u00bb4.16&#8243; background_size=\u00bbinitial\u00bb background_position=\u00bbtop_left\u00bb background_repeat=\u00bbrepeat\u00bb global_colors_info=\u00bb{}\u00bb][et_pb_column type=\u00bb1_4&#8243; _builder_version=\u00bb4.16&#8243; custom_padding=\u00bb|||\u00bb global_colors_info=\u00bb{}\u00bb custom_padding__hover=\u00bb|||\u00bb][et_pb_image src=\u00bbhttps:\/\/arttra.com\/wp-content\/uploads\/2016\/05\/logo-e1465027457922.png\u00bb align=\u00bbcenter\u00bb align_tablet=\u00bbcenter\u00bb align_phone=\u00bb\u00bb align_last_edited=\u00bbon|desktop\u00bb admin_label=\u00bbAfbeelding\u00bb _builder_version=\u00bb4.16&#8243; sticky=\u00bboff\u00bb global_colors_info=\u00bb{}\u00bb] [\/et_pb_image][et_pb_image src=\u00bbhttps:\/\/arttra.com\/wp-content\/uploads\/2016\/06\/artlo.png\u00bb align_tablet=\u00bbcenter\u00bb align_phone=\u00bb\u00bb align_last_edited=\u00bbon|desktop\u00bb admin_label=\u00bbAfbeelding\u00bb _builder_version=\u00bb4.16&#8243; sticky=\u00bboff\u00bb global_colors_info=\u00bb{}\u00bb] [\/et_pb_image][\/et_pb_column][et_pb_column type=\u00bb3_4&#8243; _builder_version=\u00bb4.16&#8243; custom_padding=\u00bb|||\u00bb global_colors_info=\u00bb{}\u00bb custom_padding__hover=\u00bb|||\u00bb][et_pb_image src=\u00bbhttps:\/\/arttra.com\/wp-content\/uploads\/2025\/06\/stadswandelingen.jpg\u00bb alt=\u00bbexcursion a pie\u00bb force_fullwidth=\u00bbon\u00bb align_tablet=\u00bbcenter\u00bb align_phone=\u00bb\u00bb align_last_edited=\u00bbon|desktop\u00bb admin_label=\u00bbImage\u00bb _builder_version=\u00bb4.27.4&#8243; hover_enabled=\u00bb0&#8243; sticky=\u00bboff\u00bb global_colors_info=\u00bb{}\u00bb title_text=\u00bbstadswandelingen\u00bb sticky_enabled=\u00bb0&#8243;] [\/et_pb_image][\/et_pb_column][\/et_pb_row][et_pb_row column_structure=\u00bb1_4,3_4&#8243; admin_label=\u00bbRij\u00bb _builder_version=\u00bb4.16&#8243; background_size=\u00bbinitial\u00bb background_position=\u00bbtop_left\u00bb background_repeat=\u00bbrepeat\u00bb global_colors_info=\u00bb{}\u00bb][et_pb_column type=\u00bb1_4&#8243; _builder_version=\u00bb4.16&#8243; custom_padding=\u00bb|||\u00bb global_colors_info=\u00bb{}\u00bb custom_padding__hover=\u00bb|||\u00bb][et_pb_divider color=\u00bb#000000&#8243; disabled_on=\u00bbon|on|off\u00bb admin_label=\u00bbVerdeler\u00bb _builder_version=\u00bb4.16&#8243; hide_on_mobile=\u00bbon\u00bb global_colors_info=\u00bb{}\u00bb] [\/et_pb_divider][et_pb_text admin_label=\u00bbText\u00bb _builder_version=\u00bb4.24.2&#8243; text_font_size=\u00bb15&#8243; background_size=\u00bbinitial\u00bb background_position=\u00bbtop_left\u00bb background_repeat=\u00bbrepeat\u00bb global_module=\u00bb9538&#8243; saved_tabs=\u00bball\u00bb global_colors_info=\u00bb{}\u00bb]<\/p>\n<p><strong>Amsterdam, en barco, a pie o en bicicleta<\/strong><br \/>Desde 1988, ARTTRA organiza en Amsterdam excursiones por la ciudad alrededor de un tema, en barco, a pie o en bicicleta, dirigidas por historiadores de arte y arquitectura.<\/p>\n<p><strong>Cu\u00e1ndo<\/strong><br \/>las excursiones son posibles a toda hora y en todas las fechas, seg\u00fan su elecci\u00f3n<\/p>\n<p><strong>Duraci\u00f3n<\/strong><br \/>minimum 2 horas<\/p>\n<p><strong>Precio<\/strong><br \/>\u20ac 125,- por gu\u00eda por hora<\/p>\n<p><strong>Grupo<\/strong><br \/>m\u00e1ximo 15 personas por gu\u00eda<\/p>\n<p><strong>Sugerencia<\/strong><br \/>se puede combinar con visitas guiadas a los museos, con el mismo gu\u00eda<\/p>\n<p>[\/et_pb_text][\/et_pb_column][et_pb_column type=\u00bb3_4&#8243; _builder_version=\u00bb4.16&#8243; custom_padding=\u00bb|||\u00bb global_colors_info=\u00bb{}\u00bb custom_padding__hover=\u00bb|||\u00bb][et_pb_blurb admin_label=\u00bbBlurb\u00bb _builder_version=\u00bb4.16&#8243; background_color=\u00bb#ad8b38&#8243; background_size=\u00bbinitial\u00bb background_position=\u00bbtop_left\u00bb background_repeat=\u00bbrepeat\u00bb background_layout=\u00bbdark\u00bb custom_padding=\u00bb8px|5px|5px|8px\u00bb saved_tabs=\u00bball\u00bb global_colors_info=\u00bb{}\u00bb]<\/p>\n<h1 style=\"text-align: center;\"><strong>Excursi\u00f3n a pie en<\/strong> Amsterdam<\/h1>\n<p>[\/et_pb_blurb][et_pb_divider color=\u00bb#ffffff\u00bb divider_weight=\u00bb10&#8243; disabled_on=\u00bbon|on|off\u00bb admin_label=\u00bbDivider\u00bb _builder_version=\u00bb4.16&#8243; height=\u00bb20&#8243; hide_on_mobile=\u00bbon\u00bb global_colors_info=\u00bb{}\u00bb] [\/et_pb_divider][et_pb_text admin_label=\u00bbTekst\u00bb _builder_version=\u00bb4.24.2&#8243; text_font=\u00bb|on|||\u00bb text_font_size=\u00bb13&#8243; text_line_height=\u00bb1.7000000000000002em\u00bb background_size=\u00bbinitial\u00bb background_position=\u00bbtop_left\u00bb background_repeat=\u00bbrepeat\u00bb saved_tabs=\u00bball\u00bb global_colors_info=\u00bb{}\u00bb]<\/p>\n<div class=\"csRow\">\n<div class=\"csColumnGap\" style=\"margin: 0px; padding: 0px; float: left; width: 1.56%;\"><img decoding=\"async\" style=\"border: none;\" src=\"https:\/\/arttra.com\/wp-content\/plugins\/advanced-wp-columns\/assets\/js\/plugins\/views\/img\/1x1-pixel.png\" \/><\/div>\n<div class=\"csColumn\" style=\"margin: 0px; padding: 0px; float: left; width: 23%;\" data-csstartpoint=\"15\" data-csendpoint=\"236.25\" data-cswidth=\"23.0%\" data-csid=\"8515ede8-dc5d-dc3d-9543-44257f086257\">\n<p style=\"text-align: center;\"><a href=\"https:\/\/arttra.com\/es\/oude-centrum\/\" rel=\"attachment wp-att-4001\"><img loading=\"lazy\" decoding=\"async\" class=\"aligncenter wp-image-5115 size-full\" style=\"-moz-box-shadow: 0px 0px 10px 5px #000; -webkit-box-shadow: 0px 0px #000; box-shadow: 0px 0px #000; border: 10 solid; ; behavior: url('https:\/\/arttra.com\/wp-content\/plugins\/roundit\/pie\/PIE.php'); position: relative;\" src=\"https:\/\/arttra.com\/wp-content\/uploads\/2016\/07\/mont.png\" width=\"140\" height=\"140\" \/><\/a><a href=\"https:\/\/arttra.com\/es\/oude-centrum\/\"><strong>El centro hist\u00f3rico de Amsterdam<\/strong><\/a><\/p>\n<\/div>\n<div class=\"csColumnGap\" style=\"margin: 0px; padding: 0px; float: left; width: 1.56%;\"><img decoding=\"async\" style=\"border: none;\" src=\"https:\/\/arttra.com\/wp-content\/plugins\/advanced-wp-columns\/assets\/js\/plugins\/views\/img\/1x1-pixel.png\" \/><\/div>\n<div class=\"csColumn\" style=\"margin: 0px; padding: 0px; float: left; width: 23%;\" data-csstartpoint=\"251.25\" data-csendpoint=\"472.5\" data-cswidth=\"23.0%\" data-csid=\"180e8e55-2b13-6768-986e-aa4c7a11459b\">\n<p style=\"text-align: center;\"><a href=\"https:\/\/arttra.com\/es\/sporen-van-rembrandt\/\" rel=\"attachment wp-att-4003\"><img loading=\"lazy\" decoding=\"async\" class=\"aligncenter wp-image-5116 size-full\" style=\"-moz-box-shadow: 0px 0px 10px 5px #000; -webkit-box-shadow: 0px 0px #000; box-shadow: 0px 0px #000; border: 10 #FFFFFF solid; ; behavior: url('https:\/\/arttra.com\/wp-content\/plugins\/roundit\/pie\/PIE.php'); position: relative;\" src=\"https:\/\/arttra.com\/wp-content\/uploads\/2016\/07\/remb1.png\" width=\"140\" height=\"140\" \/><\/a><a href=\"https:\/\/arttra.com\/es\/sporen-van-rembrandt\/\"><strong>Las Huellas de Rembrandt<\/strong><\/a><\/p>\n<\/div>\n<div class=\"csColumnGap\" style=\"margin: 0px; padding: 0px; float: left; width: 1.56%;\"><img decoding=\"async\" style=\"border: none;\" src=\"https:\/\/arttra.com\/wp-content\/plugins\/advanced-wp-columns\/assets\/js\/plugins\/views\/img\/1x1-pixel.png\" \/><\/div>\n<div class=\"csColumn\" style=\"margin: 0px; padding: 0px; float: left; width: 23%;\" data-csstartpoint=\"487.5\" data-csendpoint=\"708.75\" data-cswidth=\"23.0%\" data-csid=\"99cab06a-2f75-f0ef-9941-404a080007b9\">\n<p style=\"text-align: center;\"><a href=\"https:\/\/arttra.com\/es\/jordaan-hofjes\/\"><img loading=\"lazy\" decoding=\"async\" src=\"https:\/\/arttra.com\/wp-content\/uploads\/2024\/12\/hof1-139x139.png\" width=\"139\" height=\"139\" alt=\"\" class=\"wp-image-27917 aligncenter size-large\" \/><strong>Barrio el Jordaan\/Patios interiores<\/strong><\/a><\/p>\n<\/div>\n<div class=\"csColumnGap\" style=\"margin: 0px; padding: 0px; float: left; width: 1.56%;\"><img decoding=\"async\" style=\"border: none;\" src=\"https:\/\/arttra.com\/wp-content\/plugins\/advanced-wp-columns\/assets\/js\/plugins\/views\/img\/1x1-pixel.png\" \/><\/div>\n<div class=\"csColumn\" style=\"margin: 0px; padding: 0px; float: left; width: 23%;\" data-csstartpoint=\"723.75\" data-csendpoint=\"945\" data-cswidth=\"23.0%\" data-csid=\"31417276-7d82-da22-bdf1-7ad9162ba939\">\n<p style=\"text-align: center;\"><a href=\"https:\/\/arttra.com\/es\/joods-amsterdam\/\" rel=\"attachment wp-att-4006\"><img loading=\"lazy\" decoding=\"async\" class=\"aligncenter wp-image-5118 size-full\" style=\"-moz-box-shadow: 0px 0px 10px 5px #000; -webkit-box-shadow: 0px 0px #000; box-shadow: 0px 0px #000; border: 10 #FFFFFF solid; ; behavior: url('https:\/\/arttra.com\/wp-content\/plugins\/roundit\/pie\/PIE.php'); position: relative;\" src=\"https:\/\/arttra.com\/wp-content\/uploads\/2016\/07\/hsb1.png\" width=\"140\" height=\"140\" \/><\/a><strong><a href=\"https:\/\/arttra.com\/es\/joods-amsterdam\/\">La historia jud\u00eda de Amsterdam<\/a><\/strong><\/p>\n<\/div>\n<\/div>\n<p>[\/et_pb_text][et_pb_text admin_label=\u00bbTekst\u00bb _builder_version=\u00bb4.16&#8243; text_font=\u00bb|on|||\u00bb text_font_size=\u00bb13&#8243; text_line_height=\u00bb1.7000000000000002em\u00bb background_size=\u00bbinitial\u00bb background_position=\u00bbtop_left\u00bb background_repeat=\u00bbrepeat\u00bb saved_tabs=\u00bball\u00bb global_colors_info=\u00bb{}\u00bb]<\/p>\n<div class=\"csRow\">\n<div class=\"csColumnGap\" style=\"margin: 0px; padding: 0px; float: left; width: 1.56%;\"><img decoding=\"async\" style=\"border: none;\" src=\"https:\/\/arttra.com\/wp-content\/plugins\/advanced-wp-columns\/assets\/js\/plugins\/views\/img\/1x1-pixel.png\" \/><\/div>\n<div class=\"csColumn\" style=\"margin: 0px; padding: 0px; float: left; width: 23%;\" data-csstartpoint=\"15\" data-csendpoint=\"236.25\" data-cswidth=\"23.0%\" data-csid=\"8515ede8-dc5d-dc3d-9543-44257f086257\">\n<p style=\"text-align: center;\"><a href=\"https:\/\/arttra.com\/es\/tolerantie\/\" rel=\"attachment wp-att-4001\"><img loading=\"lazy\" decoding=\"async\" class=\"aligncenter wp-image-5122 size-full\" style=\"-moz-box-shadow: 0px 0px 10px 5px #000; -webkit-box-shadow: 0px 0px #000; box-shadow: 0px 0px #000; border: 10 solid; ; behavior: url('http:\/\/www.arttra.com\/wp-content\/plugins\/roundit\/pie\/PIE.php'); position: relative;\" src=\"http:\/\/www.arttra.com\/wp-content\/uploads\/2016\/07\/tol1-1.png\" width=\"140\" height=\"140\" \/><\/a><a href=\"https:\/\/arttra.com\/es\/tolerantie\/\"><strong class=\"style9\">El tema de la tolerancia<\/strong><\/a><\/p>\n<\/div>\n<div class=\"csColumnGap\" style=\"margin: 0px; padding: 0px; float: left; width: 1.56%;\"><img decoding=\"async\" style=\"border: none;\" src=\"https:\/\/arttra.com\/wp-content\/plugins\/advanced-wp-columns\/assets\/js\/plugins\/views\/img\/1x1-pixel.png\" \/><\/div>\n<div class=\"csColumn\" style=\"margin: 0px; padding: 0px; float: left; width: 23%;\" data-csstartpoint=\"251.25\" data-csendpoint=\"472.5\" data-cswidth=\"23.0%\" data-csid=\"180e8e55-2b13-6768-986e-aa4c7a11459b\">\n<p style=\"text-align: center;\"><a href=\"https:\/\/arttra.com\/es\/wallen-art-tour\/\" rel=\"attachment wp-att-4003\"><img loading=\"lazy\" decoding=\"async\" class=\"aligncenter wp-image-5123 size-full\" style=\"-moz-box-shadow: 0px 0px 10px 5px #000; -webkit-box-shadow: 0px 0px #000; box-shadow: 0px 0px #000; border: 10 #FFFFFF solid; ; behavior: url('http:\/\/www.arttra.com\/wp-content\/plugins\/roundit\/pie\/PIE.php'); position: relative;\" src=\"http:\/\/www.arttra.com\/wp-content\/uploads\/2016\/07\/wal1.png\" width=\"140\" height=\"140\" \/><\/a><strong><a href=\"https:\/\/arttra.com\/es\/wallen-art-tour\/\">Tour de la moda en el Districto Rojo<\/a><\/strong><\/p>\n<\/div>\n<div class=\"csColumnGap\" style=\"margin: 0px; padding: 0px; float: left; width: 1.56%;\"><img decoding=\"async\" style=\"border: none;\" src=\"https:\/\/arttra.com\/wp-content\/plugins\/advanced-wp-columns\/assets\/js\/plugins\/views\/img\/1x1-pixel.png\" \/><\/div>\n<div class=\"csColumn\" style=\"margin: 0px; padding: 0px; float: left; width: 23%;\" data-csstartpoint=\"487.5\" data-csendpoint=\"708.75\" data-cswidth=\"23.0%\" data-csid=\"99cab06a-2f75-f0ef-9941-404a080007b9\">\n<p style=\"text-align: center;\"><a href=\"https:\/\/arttra.com\/es\/galeries-hedendaagse-kunst\/\" rel=\"attachment wp-att-4004\"><img loading=\"lazy\" decoding=\"async\" class=\"aligncenter wp-image-5124 size-full\" style=\"-moz-box-shadow: 0px 0px 10px 5px #000; -webkit-box-shadow: 0px 0px #000; box-shadow: 0px 0px #000; border: 10 #FFFFFF solid; ; behavior: url('http:\/\/www.arttra.com\/wp-content\/plugins\/roundit\/pie\/PIE.php'); position: relative;\" src=\"http:\/\/www.arttra.com\/wp-content\/uploads\/2016\/07\/gal1.png\" width=\"140\" height=\"140\" \/><\/a><a href=\"https:\/\/arttra.com\/es\/galeries-hedendaagse-kunst\/\"><strong class=\"style9\">Las galer\u00edas de arte<\/strong><\/a><\/p>\n<\/div>\n<div class=\"csColumnGap\" style=\"margin: 0px; padding: 0px; float: left; width: 1.56%;\"><img decoding=\"async\" style=\"border: none;\" src=\"https:\/\/arttra.com\/wp-content\/plugins\/advanced-wp-columns\/assets\/js\/plugins\/views\/img\/1x1-pixel.png\" \/><\/div>\n<div class=\"csColumn\" style=\"margin: 0px; padding: 0px; float: left; width: 23%;\" data-csstartpoint=\"723.75\" data-csendpoint=\"945\" data-cswidth=\"23.0%\" data-csid=\"31417276-7d82-da22-bdf1-7ad9162ba939\">\n<p style=\"text-align: center;\"><a href=\"https:\/\/arttra.com\/es\/design-tour\/\" rel=\"attachment wp-att-4006\"><img loading=\"lazy\" decoding=\"async\" class=\"aligncenter wp-image-5125 size-full\" style=\"-moz-box-shadow: 0px 0px 10px 5px #000; -webkit-box-shadow: 0px 0px #000; box-shadow: 0px 0px #000; border: 10 #FFFFFF solid; ; behavior: url('http:\/\/www.arttra.com\/wp-content\/plugins\/roundit\/pie\/PIE.php'); position: relative;\" src=\"http:\/\/www.arttra.com\/wp-content\/uploads\/2016\/07\/des1.png\" width=\"140\" height=\"140\" \/><\/a><strong><a href=\"https:\/\/arttra.com\/es\/design-tour\/\">El dise\u00f1o<\/a><\/strong><\/p>\n<\/div>\n<\/div>\n<p>[\/et_pb_text][et_pb_text admin_label=\u00bbTekst\u00bb _builder_version=\u00bb4.16&#8243; text_font=\u00bb|on|||\u00bb text_font_size=\u00bb13&#8243; text_line_height=\u00bb1.7000000000000002em\u00bb background_size=\u00bbinitial\u00bb background_position=\u00bbtop_left\u00bb background_repeat=\u00bbrepeat\u00bb saved_tabs=\u00bball\u00bb global_colors_info=\u00bb{}\u00bb]<\/p>\n<div class=\"csRow\">\n<div class=\"csColumnGap\" style=\"margin: 0px; padding: 0px; float: left; width: 1.56%;\"><img decoding=\"async\" style=\"border: none;\" src=\"https:\/\/arttra.com\/wp-content\/plugins\/advanced-wp-columns\/assets\/js\/plugins\/views\/img\/1x1-pixel.png\" \/><\/div>\n<div class=\"csColumn\" style=\"margin: 0px; padding: 0px; float: left; width: 23%;\" data-csstartpoint=\"15\" data-csendpoint=\"236.25\" data-cswidth=\"23.0%\" data-csid=\"8515ede8-dc5d-dc3d-9543-44257f086257\">\n<p style=\"text-align: center;\"><a href=\"https:\/\/arttra.com\/es\/knsm-java-eiland\/\" rel=\"attachment wp-att-4001\"><img loading=\"lazy\" decoding=\"async\" class=\"aligncenter wp-image-5127 size-full\" style=\"-moz-box-shadow: 0px 0px 10px 5px #000; -webkit-box-shadow: 0px 0px #000; box-shadow: 0px 0px #000; border: 10 solid; ; behavior: url('https:\/\/arttra.com\/wp-content\/plugins\/roundit\/pie\/PIE.php'); position: relative;\" src=\"https:\/\/arttra.com\/wp-content\/uploads\/2016\/07\/kns1.png\" width=\"140\" height=\"140\" \/><\/a><strong><a href=\"https:\/\/arttra.com\/es\/knsm-java-eiland\/\">Las islas KNSM y Java<\/a><\/strong><\/p>\n<\/div>\n<\/div>\n<p>[\/et_pb_text][\/et_pb_column][\/et_pb_row][\/et_pb_section]<\/p>\n","protected":false},"excerpt":{"rendered":"<p>Amsterdam, en barco, a pie o en bicicletaDesde 1988, ARTTRA organiza en Amsterdam excursiones por la ciudad alrededor de un tema, en barco, a pie o en bicicleta, dirigidas por historiadores de arte y arquitectura. Cu\u00e1ndolas excursiones son posibles a toda hora y en todas las fechas, seg\u00fan su elecci\u00f3n Duraci\u00f3nminimum 2 horas Precio\u20ac 125,- [&hellip;]<\/p>\n","protected":false},"author":5,"featured_media":0,"parent":0,"menu_order":0,"comment_status":"closed","ping_status":"closed","template":"","meta":{"_et_pb_use_builder":"on","_et_pb_old_content":"","_et_gb_content_width":"","footnotes":""},"class_list":["post-8424","page","type-page","status-publish","hentry"],"yoast_head":"<!-- This site is optimized with the Yoast SEO plugin v24.4 - https:\/\/yoast.com\/wordpress\/plugins\/seo\/ -->\n<title>Excursi\u00f3n a pie<\/title>\n<meta name=\"robots\" content=\"index, follow, max-snippet:-1, max-image-preview:large, max-video-preview:-1\" \/>\n<link rel=\"canonical\" href=\"https:\/\/arttra.com\/es\/wandelingen\/\" \/>\n<meta property=\"og:locale\" content=\"es_ES\" \/>\n<meta property=\"og:type\" content=\"article\" \/>\n<meta property=\"og:title\" content=\"Excursi\u00f3n a pie\" \/>\n<meta property=\"og:description\" content=\"Amsterdam, en barco, a pie o en bicicletaDesde 1988, ARTTRA organiza en Amsterdam excursiones por la ciudad alrededor de un tema, en barco, a pie o en bicicleta, dirigidas por historiadores de arte y arquitectura. Cu\u00e1ndolas excursiones son posibles a toda hora y en todas las fechas, seg\u00fan su elecci\u00f3n Duraci\u00f3nminimum 2 horas Precio\u20ac 125,- [&hellip;]\" \/>\n<meta property=\"og:url\" content=\"https:\/\/arttra.com\/es\/wandelingen\/\" \/>\n<meta property=\"og:site_name\" content=\"www.arttra.com\" \/>\n<meta property=\"article:publisher\" content=\"https:\/\/www.facebook.com\/ARTTRA-cultureel-organisatiebureau-275685358514\" \/>\n<meta property=\"article:modified_time\" content=\"2025-06-17T15:18:36+00:00\" \/>\n<meta property=\"og:image\" content=\"https:\/\/arttra.com\/wp-content\/plugins\/advanced-wp-columns\/assets\/js\/plugins\/views\/img\/1x1-pixel.png\" \/>\n<meta name=\"twitter:card\" content=\"summary_large_image\" \/>\n<meta name=\"twitter:site\" content=\"@ARTTRA_NL\" \/>\n<meta name=\"twitter:label1\" content=\"Tiempo de lectura\" \/>\n\t<meta name=\"twitter:data1\" content=\"3 minutos\" \/>\n<script type=\"application\/ld+json\" class=\"yoast-schema-graph\">{\"@context\":\"https:\/\/schema.org\",\"@graph\":[{\"@type\":\"WebPage\",\"@id\":\"https:\/\/arttra.com\/es\/wandelingen\/\",\"url\":\"https:\/\/arttra.com\/es\/wandelingen\/\",\"name\":\"Excursi\u00f3n a pie\",\"isPartOf\":{\"@id\":\"https:\/\/arttra.com\/#website\"},\"primaryImageOfPage\":{\"@id\":\"https:\/\/arttra.com\/es\/wandelingen\/#primaryimage\"},\"image\":{\"@id\":\"https:\/\/arttra.com\/es\/wandelingen\/#primaryimage\"},\"thumbnailUrl\":\"https:\/\/arttra.com\/wp-content\/plugins\/advanced-wp-columns\/assets\/js\/plugins\/views\/img\/1x1-pixel.png\",\"datePublished\":\"2016-07-15T08:30:20+00:00\",\"dateModified\":\"2025-06-17T15:18:36+00:00\",\"breadcrumb\":{\"@id\":\"https:\/\/arttra.com\/es\/wandelingen\/#breadcrumb\"},\"inLanguage\":\"es\",\"potentialAction\":[{\"@type\":\"ReadAction\",\"target\":[\"https:\/\/arttra.com\/es\/wandelingen\/\"]}]},{\"@type\":\"ImageObject\",\"inLanguage\":\"es\",\"@id\":\"https:\/\/arttra.com\/es\/wandelingen\/#primaryimage\",\"url\":\"https:\/\/arttra.com\/wp-content\/plugins\/advanced-wp-columns\/assets\/js\/plugins\/views\/img\/1x1-pixel.png\",\"contentUrl\":\"https:\/\/arttra.com\/wp-content\/plugins\/advanced-wp-columns\/assets\/js\/plugins\/views\/img\/1x1-pixel.png\"},{\"@type\":\"BreadcrumbList\",\"@id\":\"https:\/\/arttra.com\/es\/wandelingen\/#breadcrumb\",\"itemListElement\":[{\"@type\":\"ListItem\",\"position\":1,\"name\":\"Home\",\"item\":\"https:\/\/arttra.com\/es\/\"},{\"@type\":\"ListItem\",\"position\":2,\"name\":\"Excursi\u00f3n a pie\"}]},{\"@type\":\"WebSite\",\"@id\":\"https:\/\/arttra.com\/#website\",\"url\":\"https:\/\/arttra.com\/\",\"name\":\"www.arttra.com\",\"description\":\"ARTTRA cultureel organisatiebureau\",\"potentialAction\":[{\"@type\":\"SearchAction\",\"target\":{\"@type\":\"EntryPoint\",\"urlTemplate\":\"https:\/\/arttra.com\/?s={search_term_string}\"},\"query-input\":{\"@type\":\"PropertyValueSpecification\",\"valueRequired\":true,\"valueName\":\"search_term_string\"}}],\"inLanguage\":\"es\"}]}<\/script>\n<!-- \/ Yoast SEO plugin. -->","yoast_head_json":{"title":"Excursi\u00f3n a pie","robots":{"index":"index","follow":"follow","max-snippet":"max-snippet:-1","max-image-preview":"max-image-preview:large","max-video-preview":"max-video-preview:-1"},"canonical":"https:\/\/arttra.com\/es\/wandelingen\/","og_locale":"es_ES","og_type":"article","og_title":"Excursi\u00f3n a pie","og_description":"Amsterdam, en barco, a pie o en bicicletaDesde 1988, ARTTRA organiza en Amsterdam excursiones por la ciudad alrededor de un tema, en barco, a pie o en bicicleta, dirigidas por historiadores de arte y arquitectura. Cu\u00e1ndolas excursiones son posibles a toda hora y en todas las fechas, seg\u00fan su elecci\u00f3n Duraci\u00f3nminimum 2 horas Precio\u20ac 125,- [&hellip;]","og_url":"https:\/\/arttra.com\/es\/wandelingen\/","og_site_name":"www.arttra.com","article_publisher":"https:\/\/www.facebook.com\/ARTTRA-cultureel-organisatiebureau-275685358514","article_modified_time":"2025-06-17T15:18:36+00:00","og_image":[{"url":"https:\/\/arttra.com\/wp-content\/plugins\/advanced-wp-columns\/assets\/js\/plugins\/views\/img\/1x1-pixel.png","type":"","width":"","height":""}],"twitter_card":"summary_large_image","twitter_site":"@ARTTRA_NL","twitter_misc":{"Tiempo de lectura":"3 minutos"},"schema":{"@context":"https:\/\/schema.org","@graph":[{"@type":"WebPage","@id":"https:\/\/arttra.com\/es\/wandelingen\/","url":"https:\/\/arttra.com\/es\/wandelingen\/","name":"Excursi\u00f3n a pie","isPartOf":{"@id":"https:\/\/arttra.com\/#website"},"primaryImageOfPage":{"@id":"https:\/\/arttra.com\/es\/wandelingen\/#primaryimage"},"image":{"@id":"https:\/\/arttra.com\/es\/wandelingen\/#primaryimage"},"thumbnailUrl":"https:\/\/arttra.com\/wp-content\/plugins\/advanced-wp-columns\/assets\/js\/plugins\/views\/img\/1x1-pixel.png","datePublished":"2016-07-15T08:30:20+00:00","dateModified":"2025-06-17T15:18:36+00:00","breadcrumb":{"@id":"https:\/\/arttra.com\/es\/wandelingen\/#breadcrumb"},"inLanguage":"es","potentialAction":[{"@type":"ReadAction","target":["https:\/\/arttra.com\/es\/wandelingen\/"]}]},{"@type":"ImageObject","inLanguage":"es","@id":"https:\/\/arttra.com\/es\/wandelingen\/#primaryimage","url":"https:\/\/arttra.com\/wp-content\/plugins\/advanced-wp-columns\/assets\/js\/plugins\/views\/img\/1x1-pixel.png","contentUrl":"https:\/\/arttra.com\/wp-content\/plugins\/advanced-wp-columns\/assets\/js\/plugins\/views\/img\/1x1-pixel.png"},{"@type":"BreadcrumbList","@id":"https:\/\/arttra.com\/es\/wandelingen\/#breadcrumb","itemListElement":[{"@type":"ListItem","position":1,"name":"Home","item":"https:\/\/arttra.com\/es\/"},{"@type":"ListItem","position":2,"name":"Excursi\u00f3n a pie"}]},{"@type":"WebSite","@id":"https:\/\/arttra.com\/#website","url":"https:\/\/arttra.com\/","name":"www.arttra.com","description":"ARTTRA cultureel organisatiebureau","potentialAction":[{"@type":"SearchAction","target":{"@type":"EntryPoint","urlTemplate":"https:\/\/arttra.com\/?s={search_term_string}"},"query-input":{"@type":"PropertyValueSpecification","valueRequired":true,"valueName":"search_term_string"}}],"inLanguage":"es"}]}},"_links":{"self":[{"href":"https:\/\/arttra.com\/es\/wp-json\/wp\/v2\/pages\/8424","targetHints":{"allow":["GET"]}}],"collection":[{"href":"https:\/\/arttra.com\/es\/wp-json\/wp\/v2\/pages"}],"about":[{"href":"https:\/\/arttra.com\/es\/wp-json\/wp\/v2\/types\/page"}],"author":[{"embeddable":true,"href":"https:\/\/arttra.com\/es\/wp-json\/wp\/v2\/users\/5"}],"replies":[{"embeddable":true,"href":"https:\/\/arttra.com\/es\/wp-json\/wp\/v2\/comments?post=8424"}],"version-history":[{"count":10,"href":"https:\/\/arttra.com\/es\/wp-json\/wp\/v2\/pages\/8424\/revisions"}],"predecessor-version":[{"id":28307,"href":"https:\/\/arttra.com\/es\/wp-json\/wp\/v2\/pages\/8424\/revisions\/28307"}],"wp:attachment":[{"href":"https:\/\/arttra.com\/es\/wp-json\/wp\/v2\/media?parent=8424"}],"curies":[{"name":"wp","href":"https:\/\/api.w.org\/{rel}","templated":true}]}}