{"id":8429,"date":"2016-07-15T12:31:03","date_gmt":"2016-07-15T10:31:03","guid":{"rendered":"http:\/\/www.arttra.info\/wordpress\/es\/fietstochten\/"},"modified":"2021-03-01T18:35:11","modified_gmt":"2021-03-01T17:35:11","slug":"fietstochten","status":"publish","type":"page","link":"https:\/\/arttra.com\/es\/fietstochten\/","title":{"rendered":"Excursi\u00f3n en bicicleta"},"content":{"rendered":"<p>[et_pb_section fb_built=\u00bb1&#8243; admin_label=\u00bbsection\u00bb _builder_version=\u00bb3.22&#8243;][et_pb_row admin_label=\u00bbrow\u00bb _builder_version=\u00bb3.25&#8243; background_size=\u00bbinitial\u00bb background_position=\u00bbtop_left\u00bb background_repeat=\u00bbrepeat\u00bb][et_pb_column type=\u00bb4_4&#8243; _builder_version=\u00bb3.25&#8243; custom_padding=\u00bb|||\u00bb custom_padding__hover=\u00bb|||\u00bb][et_pb_divider color=\u00bb#000000&#8243; disabled_on=\u00bbon|on|off\u00bb admin_label=\u00bbVerdeler\u00bb _builder_version=\u00bb3.2&#8243; hide_on_mobile=\u00bbon\u00bb] [\/et_pb_divider][\/et_pb_column][\/et_pb_row][et_pb_row admin_label=\u00bbRij\u00bb _builder_version=\u00bb3.25&#8243; background_size=\u00bbinitial\u00bb background_position=\u00bbtop_left\u00bb background_repeat=\u00bbrepeat\u00bb column_structure=\u00bb1_4,3_4&#8243;][et_pb_column type=\u00bb1_4&#8243; _builder_version=\u00bb3.25&#8243; custom_padding=\u00bb|||\u00bb custom_padding__hover=\u00bb|||\u00bb][et_pb_image src=\u00bbhttp:\/\/arttra.com\/wp-content\/uploads\/2016\/05\/logo-e1465027457922.png\u00bb align=\u00bbcenter\u00bb align_tablet=\u00bbcenter\u00bb align_last_edited=\u00bbon|desktop\u00bb admin_label=\u00bbAfbeelding\u00bb _builder_version=\u00bb3.23&#8243; sticky=\u00bboff\u00bb] [\/et_pb_image][et_pb_image src=\u00bbhttp:\/\/arttra.com\/wp-content\/uploads\/2016\/06\/artlo.png\u00bb align_tablet=\u00bbcenter\u00bb align_last_edited=\u00bbon|desktop\u00bb admin_label=\u00bbAfbeelding\u00bb _builder_version=\u00bb3.23&#8243; sticky=\u00bboff\u00bb] [\/et_pb_image][\/et_pb_column][et_pb_column type=\u00bb3_4&#8243; _builder_version=\u00bb3.25&#8243; custom_padding=\u00bb|||\u00bb custom_padding__hover=\u00bb|||\u00bb][et_pb_image src=\u00bbhttp:\/\/arttra.com\/wp-content\/uploads\/2016\/08\/ndsm.jpg\u00bb alt=\u00bbNDSM\u00bb force_fullwidth=\u00bbon\u00bb align_tablet=\u00bbcenter\u00bb align_last_edited=\u00bbon|desktop\u00bb admin_label=\u00bbImage\u00bb _builder_version=\u00bb3.23&#8243; sticky=\u00bboff\u00bb] [\/et_pb_image][\/et_pb_column][\/et_pb_row][et_pb_row admin_label=\u00bbRij\u00bb _builder_version=\u00bb3.25&#8243; background_size=\u00bbinitial\u00bb background_position=\u00bbtop_left\u00bb background_repeat=\u00bbrepeat\u00bb column_structure=\u00bb1_4,3_4&#8243;][et_pb_column type=\u00bb1_4&#8243; _builder_version=\u00bb3.25&#8243; custom_padding=\u00bb|||\u00bb custom_padding__hover=\u00bb|||\u00bb][et_pb_divider color=\u00bb#000000&#8243; disabled_on=\u00bbon|on|off\u00bb admin_label=\u00bbVerdeler\u00bb _builder_version=\u00bb3.2&#8243; hide_on_mobile=\u00bbon\u00bb] [\/et_pb_divider][et_pb_text admin_label=\u00bbText\u00bb _builder_version=\u00bb3.0.47&#8243; text_font_size=\u00bb15&#8243; background_size=\u00bbinitial\u00bb background_position=\u00bbtop_left\u00bb background_repeat=\u00bbrepeat\u00bb global_module=\u00bb9547&#8243; saved_tabs=\u00bball\u00bb]<\/p>\n<p><strong>Amsterdam, en barco, a pie o en bicicleta<\/strong><br \/> Desde 1988, ARTTRA organiza en Amsterdam excursiones por la ciudad alrededor de un tema, en barco, a pie o en bicicleta, dirigidas por historiadores de arte y arquitectura.<\/p>\n<p><strong>Cu\u00e1ndo<\/strong><br \/> las excursiones son posibles a toda hora y en todas las fechas, seg\u00fan su elecci\u00f3n<\/p>\n<p><strong>Duraci\u00f3n<\/strong><br \/> 1 a 3 horas<\/p>\n<p><strong>Precio<\/strong><br \/> \u20ac 99,50\u00a0por gu\u00eda por hora<\/p>\n<p><strong>Grupo<\/strong><br \/> m\u00e1ximo 20 personas por gu\u00eda<\/p>\n<p><strong>Sugerencia<\/strong><br \/> se puede combinar con visitas guiadas a los museos, con el mismo gu\u00eda<\/p>\n<p>[\/et_pb_text][\/et_pb_column][et_pb_column type=\u00bb3_4&#8243; _builder_version=\u00bb3.25&#8243; custom_padding=\u00bb|||\u00bb custom_padding__hover=\u00bb|||\u00bb][et_pb_blurb image_max_width=\u00bbnone\u00bb admin_label=\u00bbBlurb\u00bb _builder_version=\u00bb3.0.74&#8243; background_color=\u00bb#ad8b38&#8243; background_size=\u00bbinitial\u00bb background_position=\u00bbtop_left\u00bb background_repeat=\u00bbrepeat\u00bb background_layout=\u00bbdark\u00bb custom_padding=\u00bb8px|5px|5px|8px\u00bb saved_tabs=\u00bball\u00bb]<\/p>\n<h1 style=\"text-align: center;\"><strong>Excursi\u00f3n en bicicleta en<\/strong> Amsterdam<\/h1>\n<p>[\/et_pb_blurb][et_pb_divider color=\u00bb#ffffff\u00bb divider_weight=\u00bb8&#8243; disabled_on=\u00bbon|on|off\u00bb admin_label=\u00bbDivider\u00bb _builder_version=\u00bb3.23.4&#8243; height=\u00bb20&#8243; hide_on_mobile=\u00bbon\u00bb] [\/et_pb_divider][et_pb_text admin_label=\u00bbTekst\u00bb _builder_version=\u00bb4.1&#8243; text_font=\u00bb|on|||\u00bb text_font_size=\u00bb13&#8243; text_line_height=\u00bb1.7000000000000002em\u00bb background_size=\u00bbinitial\u00bb background_position=\u00bbtop_left\u00bb background_repeat=\u00bbrepeat\u00bb hover_enabled=\u00bb0&#8243; saved_tabs=\u00bball\u00bb]<\/p>\n<div class=\"csRow\">\n<div class=\"csColumnGap\" style=\"margin: 0px; padding: 0px; float: left; width: 1.56%;\"><img decoding=\"async\" style=\"border: none;\" src=\"http:\/\/arttra.com\/wp-content\/plugins\/advanced-wp-columns\/assets\/js\/plugins\/views\/img\/1x1-pixel.png\" \/><\/div>\n<div class=\"csColumn\" style=\"margin: 0px; padding: 0px; float: left; width: 23%;\" data-csstartpoint=\"15\" data-csendpoint=\"236.25\" data-cswidth=\"23.0%\" data-csid=\"8515ede8-dc5d-dc3d-9543-44257f086257\">\n<p style=\"text-align: center;\"><a href=\"http:\/\/arttra.com\/es\/noorderlijke-ij-oevers\/\" rel=\"attachment wp-att-4001\"><img loading=\"lazy\" decoding=\"async\" class=\"aligncenter wp-image-5158 size-full\" style=\"-moz-box-shadow: 0px 0px 10px 5px #000; -webkit-box-shadow: 0px 0px #000; box-shadow: 0px 0px #000; border: 10 solid; ; behavior: url('http:\/\/www.arttra.com\/wp-content\/plugins\/roundit\/pie\/PIE.php'); position: relative;\" src=\"http:\/\/www.arttra.com\/wp-content\/uploads\/2016\/07\/no1.png\" width=\"140\" height=\"140\" \/><\/a><a href=\"http:\/\/arttra.com\/es\/noorderlijke-ij-oevers\/\"><strong>Las riberas del r\u00edo IJ<\/strong><\/a><\/p>\n<\/div>\n<div class=\"csColumnGap\" style=\"margin: 0px; padding: 0px; float: left; width: 1.56%;\"><img decoding=\"async\" style=\"border: none;\" src=\"http:\/\/arttra.com\/wp-content\/plugins\/advanced-wp-columns\/assets\/js\/plugins\/views\/img\/1x1-pixel.png\" \/><\/div>\n<div class=\"csColumn\" style=\"margin: 0px; padding: 0px; float: left; width: 23%;\" data-csstartpoint=\"251.25\" data-csendpoint=\"472.5\" data-cswidth=\"23.0%\" data-csid=\"180e8e55-2b13-6768-986e-aa4c7a11459b\"><\/div>\n<div class=\"csColumnGap\" style=\"margin: 0px; padding: 0px; float: left; width: 1.56%;\"><img decoding=\"async\" style=\"border: none;\" src=\"http:\/\/arttra.com\/wp-content\/plugins\/advanced-wp-columns\/assets\/js\/plugins\/views\/img\/1x1-pixel.png\" \/><\/div>\n<div class=\"csColumn\" style=\"margin: 0px; padding: 0px; float: left; width: 23%;\" data-csstartpoint=\"487.5\" data-csendpoint=\"708.75\" data-cswidth=\"23.0%\" data-csid=\"99cab06a-2f75-f0ef-9941-404a080007b9\"><\/div>\n<div class=\"csColumnGap\" style=\"margin: 0px; padding: 0px; float: left; width: 1.56%;\"><img decoding=\"async\" style=\"border: none;\" src=\"http:\/\/arttra.com\/wp-content\/plugins\/advanced-wp-columns\/assets\/js\/plugins\/views\/img\/1x1-pixel.png\" \/><\/div>\n<div class=\"csColumn\" style=\"margin: 0px; padding: 0px; float: left; width: 23%;\" data-csstartpoint=\"723.75\" data-csendpoint=\"945\" data-cswidth=\"23.0%\" data-csid=\"31417276-7d82-da22-bdf1-7ad9162ba939\"><\/div>\n<div class=\"csColumnGap\" style=\"margin: 0px; padding: 0px; float: left; width: 1.56%;\"><img decoding=\"async\" style=\"border: none;\" src=\"http:\/\/arttra.com\/wp-content\/plugins\/advanced-wp-columns\/assets\/js\/plugins\/views\/img\/1x1-pixel.png\" \/><\/div>\n<div style=\"clear: both; float: none; display: block; visibility: hidden; width: 0px; font-size: 0px; line-height: 0;\"><\/div>\n<\/div>\n<p>&nbsp;[\/et_pb_text][\/et_pb_column][\/et_pb_row][\/et_pb_section]<\/p>\n","protected":false},"excerpt":{"rendered":"<p>Amsterdam, en barco, a pie o en bicicleta Desde 1988, ARTTRA organiza en Amsterdam excursiones por la ciudad alrededor de un tema, en barco, a pie o en bicicleta, dirigidas por historiadores de arte y arquitectura. Cu\u00e1ndo las excursiones son posibles a toda hora y en todas las fechas, seg\u00fan su elecci\u00f3n Duraci\u00f3n 1 a [&hellip;]<\/p>\n","protected":false},"author":5,"featured_media":0,"parent":0,"menu_order":0,"comment_status":"closed","ping_status":"closed","template":"","meta":{"_et_pb_use_builder":"on","_et_pb_old_content":"","_et_gb_content_width":"","footnotes":""},"class_list":["post-8429","page","type-page","status-publish","hentry"],"yoast_head":"<!-- This site is optimized with the Yoast SEO plugin v24.4 - https:\/\/yoast.com\/wordpress\/plugins\/seo\/ -->\n<title>Excursi\u00f3n en bicicleta<\/title>\n<meta name=\"robots\" content=\"index, follow, max-snippet:-1, max-image-preview:large, max-video-preview:-1\" \/>\n<link rel=\"canonical\" href=\"https:\/\/arttra.com\/fietstochten\/\" \/>\n<meta property=\"og:locale\" content=\"es_ES\" \/>\n<meta property=\"og:type\" content=\"article\" \/>\n<meta property=\"og:title\" content=\"Excursi\u00f3n en bicicleta\" \/>\n<meta property=\"og:description\" content=\"Amsterdam, en barco, a pie o en bicicleta Desde 1988, ARTTRA organiza en Amsterdam excursiones por la ciudad alrededor de un tema, en barco, a pie o en bicicleta, dirigidas por historiadores de arte y arquitectura. Cu\u00e1ndo las excursiones son posibles a toda hora y en todas las fechas, seg\u00fan su elecci\u00f3n Duraci\u00f3n 1 a [&hellip;]\" \/>\n<meta property=\"og:url\" content=\"https:\/\/arttra.com\/fietstochten\/\" \/>\n<meta property=\"og:site_name\" content=\"www.arttra.com\" \/>\n<meta property=\"article:publisher\" content=\"https:\/\/www.facebook.com\/ARTTRA-cultureel-organisatiebureau-275685358514\" \/>\n<meta property=\"article:modified_time\" content=\"2021-03-01T17:35:11+00:00\" \/>\n<meta property=\"og:image\" content=\"http:\/\/arttra.com\/wp-content\/plugins\/advanced-wp-columns\/assets\/js\/plugins\/views\/img\/1x1-pixel.png\" \/>\n<meta name=\"twitter:card\" content=\"summary_large_image\" \/>\n<meta name=\"twitter:site\" content=\"@ARTTRA_NL\" \/>\n<meta name=\"twitter:label1\" content=\"Tiempo de lectura\" \/>\n\t<meta name=\"twitter:data1\" content=\"3 minutos\" \/>\n<script type=\"application\/ld+json\" class=\"yoast-schema-graph\">{\"@context\":\"https:\/\/schema.org\",\"@graph\":[{\"@type\":\"WebPage\",\"@id\":\"https:\/\/arttra.com\/fietstochten\/\",\"url\":\"https:\/\/arttra.com\/fietstochten\/\",\"name\":\"Excursi\u00f3n en bicicleta\",\"isPartOf\":{\"@id\":\"https:\/\/arttra.com\/#website\"},\"primaryImageOfPage\":{\"@id\":\"https:\/\/arttra.com\/fietstochten\/#primaryimage\"},\"image\":{\"@id\":\"https:\/\/arttra.com\/fietstochten\/#primaryimage\"},\"thumbnailUrl\":\"http:\/\/arttra.com\/wp-content\/plugins\/advanced-wp-columns\/assets\/js\/plugins\/views\/img\/1x1-pixel.png\",\"datePublished\":\"2016-07-15T10:31:03+00:00\",\"dateModified\":\"2021-03-01T17:35:11+00:00\",\"breadcrumb\":{\"@id\":\"https:\/\/arttra.com\/fietstochten\/#breadcrumb\"},\"inLanguage\":\"es\",\"potentialAction\":[{\"@type\":\"ReadAction\",\"target\":[\"https:\/\/arttra.com\/fietstochten\/\"]}]},{\"@type\":\"ImageObject\",\"inLanguage\":\"es\",\"@id\":\"https:\/\/arttra.com\/fietstochten\/#primaryimage\",\"url\":\"http:\/\/arttra.com\/wp-content\/plugins\/advanced-wp-columns\/assets\/js\/plugins\/views\/img\/1x1-pixel.png\",\"contentUrl\":\"http:\/\/arttra.com\/wp-content\/plugins\/advanced-wp-columns\/assets\/js\/plugins\/views\/img\/1x1-pixel.png\"},{\"@type\":\"BreadcrumbList\",\"@id\":\"https:\/\/arttra.com\/fietstochten\/#breadcrumb\",\"itemListElement\":[{\"@type\":\"ListItem\",\"position\":1,\"name\":\"Home\",\"item\":\"https:\/\/arttra.com\/es\/\"},{\"@type\":\"ListItem\",\"position\":2,\"name\":\"Excursi\u00f3n en bicicleta\"}]},{\"@type\":\"WebSite\",\"@id\":\"https:\/\/arttra.com\/#website\",\"url\":\"https:\/\/arttra.com\/\",\"name\":\"www.arttra.com\",\"description\":\"ARTTRA cultureel organisatiebureau\",\"potentialAction\":[{\"@type\":\"SearchAction\",\"target\":{\"@type\":\"EntryPoint\",\"urlTemplate\":\"https:\/\/arttra.com\/?s={search_term_string}\"},\"query-input\":{\"@type\":\"PropertyValueSpecification\",\"valueRequired\":true,\"valueName\":\"search_term_string\"}}],\"inLanguage\":\"es\"}]}<\/script>\n<!-- \/ Yoast SEO plugin. -->","yoast_head_json":{"title":"Excursi\u00f3n en bicicleta","robots":{"index":"index","follow":"follow","max-snippet":"max-snippet:-1","max-image-preview":"max-image-preview:large","max-video-preview":"max-video-preview:-1"},"canonical":"https:\/\/arttra.com\/fietstochten\/","og_locale":"es_ES","og_type":"article","og_title":"Excursi\u00f3n en bicicleta","og_description":"Amsterdam, en barco, a pie o en bicicleta Desde 1988, ARTTRA organiza en Amsterdam excursiones por la ciudad alrededor de un tema, en barco, a pie o en bicicleta, dirigidas por historiadores de arte y arquitectura. Cu\u00e1ndo las excursiones son posibles a toda hora y en todas las fechas, seg\u00fan su elecci\u00f3n Duraci\u00f3n 1 a [&hellip;]","og_url":"https:\/\/arttra.com\/fietstochten\/","og_site_name":"www.arttra.com","article_publisher":"https:\/\/www.facebook.com\/ARTTRA-cultureel-organisatiebureau-275685358514","article_modified_time":"2021-03-01T17:35:11+00:00","og_image":[{"url":"http:\/\/arttra.com\/wp-content\/plugins\/advanced-wp-columns\/assets\/js\/plugins\/views\/img\/1x1-pixel.png","type":"","width":"","height":""}],"twitter_card":"summary_large_image","twitter_site":"@ARTTRA_NL","twitter_misc":{"Tiempo de lectura":"3 minutos"},"schema":{"@context":"https:\/\/schema.org","@graph":[{"@type":"WebPage","@id":"https:\/\/arttra.com\/fietstochten\/","url":"https:\/\/arttra.com\/fietstochten\/","name":"Excursi\u00f3n en bicicleta","isPartOf":{"@id":"https:\/\/arttra.com\/#website"},"primaryImageOfPage":{"@id":"https:\/\/arttra.com\/fietstochten\/#primaryimage"},"image":{"@id":"https:\/\/arttra.com\/fietstochten\/#primaryimage"},"thumbnailUrl":"http:\/\/arttra.com\/wp-content\/plugins\/advanced-wp-columns\/assets\/js\/plugins\/views\/img\/1x1-pixel.png","datePublished":"2016-07-15T10:31:03+00:00","dateModified":"2021-03-01T17:35:11+00:00","breadcrumb":{"@id":"https:\/\/arttra.com\/fietstochten\/#breadcrumb"},"inLanguage":"es","potentialAction":[{"@type":"ReadAction","target":["https:\/\/arttra.com\/fietstochten\/"]}]},{"@type":"ImageObject","inLanguage":"es","@id":"https:\/\/arttra.com\/fietstochten\/#primaryimage","url":"http:\/\/arttra.com\/wp-content\/plugins\/advanced-wp-columns\/assets\/js\/plugins\/views\/img\/1x1-pixel.png","contentUrl":"http:\/\/arttra.com\/wp-content\/plugins\/advanced-wp-columns\/assets\/js\/plugins\/views\/img\/1x1-pixel.png"},{"@type":"BreadcrumbList","@id":"https:\/\/arttra.com\/fietstochten\/#breadcrumb","itemListElement":[{"@type":"ListItem","position":1,"name":"Home","item":"https:\/\/arttra.com\/es\/"},{"@type":"ListItem","position":2,"name":"Excursi\u00f3n en bicicleta"}]},{"@type":"WebSite","@id":"https:\/\/arttra.com\/#website","url":"https:\/\/arttra.com\/","name":"www.arttra.com","description":"ARTTRA cultureel organisatiebureau","potentialAction":[{"@type":"SearchAction","target":{"@type":"EntryPoint","urlTemplate":"https:\/\/arttra.com\/?s={search_term_string}"},"query-input":{"@type":"PropertyValueSpecification","valueRequired":true,"valueName":"search_term_string"}}],"inLanguage":"es"}]}},"_links":{"self":[{"href":"https:\/\/arttra.com\/es\/wp-json\/wp\/v2\/pages\/8429","targetHints":{"allow":["GET"]}}],"collection":[{"href":"https:\/\/arttra.com\/es\/wp-json\/wp\/v2\/pages"}],"about":[{"href":"https:\/\/arttra.com\/es\/wp-json\/wp\/v2\/types\/page"}],"author":[{"embeddable":true,"href":"https:\/\/arttra.com\/es\/wp-json\/wp\/v2\/users\/5"}],"replies":[{"embeddable":true,"href":"https:\/\/arttra.com\/es\/wp-json\/wp\/v2\/comments?post=8429"}],"version-history":[{"count":3,"href":"https:\/\/arttra.com\/es\/wp-json\/wp\/v2\/pages\/8429\/revisions"}],"predecessor-version":[{"id":25661,"href":"https:\/\/arttra.com\/es\/wp-json\/wp\/v2\/pages\/8429\/revisions\/25661"}],"wp:attachment":[{"href":"https:\/\/arttra.com\/es\/wp-json\/wp\/v2\/media?parent=8429"}],"curies":[{"name":"wp","href":"https:\/\/api.w.org\/{rel}","templated":true}]}}