{"id":6835,"date":"2016-07-05T11:28:58","date_gmt":"2016-07-05T09:28:58","guid":{"rendered":"http:\/\/www.arttra.info\/wordpress\/fr\/home\/"},"modified":"2021-03-01T16:32:08","modified_gmt":"2021-03-01T15:32:08","slug":"home","status":"publish","type":"page","link":"https:\/\/arttra.com\/fr\/","title":{"rendered":"Home"},"content":{"rendered":"<p>[et_pb_section fb_built=\u00a0\u00bb1&Prime; admin_label=\u00a0\u00bbsection\u00a0\u00bb _builder_version=\u00a0\u00bb3.22&Prime;][et_pb_row admin_label=\u00a0\u00bbrow\u00a0\u00bb _builder_version=\u00a0\u00bb3.25&Prime; background_size=\u00a0\u00bbinitial\u00a0\u00bb background_position=\u00a0\u00bbtop_left\u00a0\u00bb background_repeat=\u00a0\u00bbrepeat\u00a0\u00bb][et_pb_column type=\u00a0\u00bb4_4&Prime; _builder_version=\u00a0\u00bb3.25&Prime; custom_padding=\u00a0\u00bb|||\u00a0\u00bb custom_padding__hover=\u00a0\u00bb|||\u00a0\u00bb][et_pb_divider color=\u00a0\u00bb#000000&Prime; disabled_on=\u00a0\u00bbon|on|off\u00a0\u00bb admin_label=\u00a0\u00bbVerdeler\u00a0\u00bb _builder_version=\u00a0\u00bb3.2&Prime; hide_on_mobile=\u00a0\u00bbon\u00a0\u00bb][\/et_pb_divider][\/et_pb_column][\/et_pb_row][et_pb_row admin_label=\u00a0\u00bbRij\u00a0\u00bb _builder_version=\u00a0\u00bb3.25&Prime; background_size=\u00a0\u00bbinitial\u00a0\u00bb background_position=\u00a0\u00bbtop_left\u00a0\u00bb background_repeat=\u00a0\u00bbrepeat\u00a0\u00bb column_structure=\u00a0\u00bb1_4,3_4&Prime;][et_pb_column type=\u00a0\u00bb1_4&Prime; _builder_version=\u00a0\u00bb3.25&Prime; custom_padding=\u00a0\u00bb|||\u00a0\u00bb custom_padding__hover=\u00a0\u00bb|||\u00a0\u00bb][et_pb_image src=\u00a0\u00bbhttp:\/\/arttra.com\/wp-content\/uploads\/2016\/05\/logo-e1465027457922.png\u00a0\u00bb align=\u00a0\u00bbcenter\u00a0\u00bb align_tablet=\u00a0\u00bbcenter\u00a0\u00bb align_last_edited=\u00a0\u00bbon|desktop\u00a0\u00bb admin_label=\u00a0\u00bbAfbeelding\u00a0\u00bb _builder_version=\u00a0\u00bb3.23&Prime; sticky=\u00a0\u00bboff\u00a0\u00bb][\/et_pb_image][et_pb_image src=\u00a0\u00bbhttp:\/\/arttra.com\/wp-content\/uploads\/2016\/06\/logogoed.png\u00a0\u00bb alt=\u00a0\u00bbProgrammes culturels\u00a0\u00bb align_tablet=\u00a0\u00bbcenter\u00a0\u00bb align_last_edited=\u00a0\u00bbon|desktop\u00a0\u00bb admin_label=\u00a0\u00bbAfbeelding\u00a0\u00bb _builder_version=\u00a0\u00bb3.23&Prime; sticky=\u00a0\u00bboff\u00a0\u00bb][\/et_pb_image][\/et_pb_column][et_pb_column type=\u00a0\u00bb3_4&Prime; _builder_version=\u00a0\u00bb3.25&Prime; custom_padding=\u00a0\u00bb|||\u00a0\u00bb custom_padding__hover=\u00a0\u00bb|||\u00a0\u00bb][et_pb_image src=\u00a0\u00bbhttp:\/\/arttra.com\/wp-content\/uploads\/2016\/07\/tuinvanloon.jpg\u00a0\u00bb alt=\u00a0\u00bbRijksmuseum\u00a0\u00bb force_fullwidth=\u00a0\u00bbon\u00a0\u00bb align_tablet=\u00a0\u00bbcenter\u00a0\u00bb align_last_edited=\u00a0\u00bbon|desktop\u00a0\u00bb admin_label=\u00a0\u00bbImage\u00a0\u00bb _builder_version=\u00a0\u00bb3.23&Prime; sticky=\u00a0\u00bboff\u00a0\u00bb][\/et_pb_image][\/et_pb_column][\/et_pb_row][et_pb_row admin_label=\u00a0\u00bbRij\u00a0\u00bb _builder_version=\u00a0\u00bb3.25&Prime; background_size=\u00a0\u00bbinitial\u00a0\u00bb background_position=\u00a0\u00bbtop_left\u00a0\u00bb background_repeat=\u00a0\u00bbrepeat\u00a0\u00bb column_structure=\u00a0\u00bb1_4,3_4&Prime;][et_pb_column type=\u00a0\u00bb1_4&Prime; _builder_version=\u00a0\u00bb3.25&Prime; custom_padding=\u00a0\u00bb|||\u00a0\u00bb custom_padding__hover=\u00a0\u00bb|||\u00a0\u00bb][et_pb_divider color=\u00a0\u00bb#000000&Prime; disabled_on=\u00a0\u00bbon|on|off\u00a0\u00bb admin_label=\u00a0\u00bbVerdeler\u00a0\u00bb _builder_version=\u00a0\u00bb3.2&Prime; hide_on_mobile=\u00a0\u00bbon\u00a0\u00bb][\/et_pb_divider][et_pb_text admin_label=\u00a0\u00bbTekst\u00a0\u00bb _builder_version=\u00a0\u00bb3.27.4&Prime; text_font_size=\u00a0\u00bb15&Prime; background_size=\u00a0\u00bbinitial\u00a0\u00bb background_position=\u00a0\u00bbtop_left\u00a0\u00bb background_repeat=\u00a0\u00bbrepeat\u00a0\u00bb]<\/p>\n<p>Depuis 1985, ARTTRA propose des programmes culturels sur mesure aux entreprises, institutions et particuliers. Avec une organisation dynamique et un personnel qualifi\u00e9, ARTTRA se distingue par sa flexibilit\u00e9 et la qualit\u00e9 de ses services. Nous organisons des programmes sur meseure \u00e0 Amsterdam et les Pays-Bas.<\/p>\n<p>ARTTRA emploie des sp\u00e9cialistes de l\u2019histoire de l\u2019art et de l\u2019organisation culturelle hautement qualifi\u00e9s. Les entrepreneurs et les particuliers d\u00e9sirant offrir \u00e0 leurs invit\u00e9s un programme haut de gamme sont assur\u00e9s d\u2019obtenir avec ARTTRA un \u00e9v\u00e8nement culturel de qualit\u00e9 et une exp\u00e9rience originale. \u00a0ARTTRA vous garantit un programme enrichissant, minutieusement organis\u00e9.<\/p>\n<p>[\/et_pb_text][\/et_pb_column][et_pb_column type=\u00a0\u00bb3_4&Prime; _builder_version=\u00a0\u00bb3.25&Prime; custom_padding=\u00a0\u00bb|||\u00a0\u00bb custom_padding__hover=\u00a0\u00bb|||\u00a0\u00bb][et_pb_blurb image_max_width=\u00a0\u00bbnone\u00a0\u00bb admin_label=\u00a0\u00bbBlurb\u00a0\u00bb _builder_version=\u00a0\u00bb3.0.74&Prime; background_color=\u00a0\u00bb#ad8b38&Prime; background_size=\u00a0\u00bbinitial\u00a0\u00bb background_position=\u00a0\u00bbtop_left\u00a0\u00bb background_repeat=\u00a0\u00bbrepeat\u00a0\u00bb background_layout=\u00a0\u00bbdark\u00a0\u00bb custom_padding=\u00a0\u00bb8px|5px|5px|8px\u00a0\u00bb custom_css_main_element=\u00a0\u00bbmax-width: 100%\u00a0\u00bb saved_tabs=\u00a0\u00bball\u00a0\u00bb]<\/p>\n<h1 style=\"text-align: center;\">ARTTRA programmes culturels<\/h1>\n<p>[\/et_pb_blurb][et_pb_divider color=\u00a0\u00bb#ffffff\u00a0\u00bb divider_weight=\u00a0\u00bb7px\u00a0\u00bb disabled_on=\u00a0\u00bbon|on|off\u00a0\u00bb admin_label=\u00a0\u00bbDivider\u00a0\u00bb _builder_version=\u00a0\u00bb3.23.4&Prime; height=\u00a0\u00bb20&Prime; hide_on_mobile=\u00a0\u00bbon\u00a0\u00bb][\/et_pb_divider][et_pb_text admin_label=\u00a0\u00bbTekst\u00a0\u00bb _builder_version=\u00a0\u00bb4.1&Prime; text_font=\u00a0\u00bb|on|||\u00a0\u00bb text_font_size=\u00a0\u00bb13&Prime; text_line_height=\u00a0\u00bb1.7000000000000002em\u00a0\u00bb background_size=\u00a0\u00bbinitial\u00a0\u00bb background_position=\u00a0\u00bbtop_left\u00a0\u00bb background_repeat=\u00a0\u00bbrepeat\u00a0\u00bb hover_enabled=\u00a0\u00bb0&Prime; saved_tabs=\u00a0\u00bball\u00a0\u00bb]<\/p>\n<div class=\"csRow\">\n<div class=\"csColumnGap\" style=\"margin: 0px; padding: 0px; float: left; width: 1.56%;\"><img decoding=\"async\" style=\"border: none;\" src=\"http:\/\/arttra.com\/wp-content\/plugins\/advanced-wp-columns\/assets\/js\/plugins\/views\/img\/1x1-pixel.png\" \/><\/div>\n<div class=\"csColumn\" style=\"margin: 0px; padding: 0px; float: left; width: 23%;\" data-csstartpoint=\"15\" data-csendpoint=\"236.25\" data-cswidth=\"23.0%\" data-csid=\"8515ede8-dc5d-dc3d-9543-44257f086257\">\n<p style=\"text-align: center;\"><a href=\"http:\/\/arttra.com\/fr\/musea\/\" rel=\"attachment wp-att-4001\"><img loading=\"lazy\" decoding=\"async\" class=\"aligncenter wp-image-4823 size-full\" style=\"-moz-box-shadow: 0px 0px 10px 5px #000; -webkit-box-shadow: 0px 0px #000; box-shadow: 0px 0px #000; border: 10 solid; ; behavior: url('http:\/\/www.arttra.info\/wordpress\/wp-content\/plugins\/roundit\/pie\/PIE.php'); position: relative;\" src=\"http:\/\/www.arttra.com\/wp-content\/uploads\/2016\/07\/melkm.png\" width=\"140\" height=\"140\" \/><\/a><a href=\"http:\/\/arttra.com\/fr\/musea\/\">Visites de mus\u00e9e<\/a><\/p>\n<\/div>\n<div class=\"csColumn\" style=\"margin: 0px; padding: 0px; float: left; width: 23%;\" data-csstartpoint=\"251.25\" data-csendpoint=\"472.5\" data-cswidth=\"23.0%\" data-csid=\"180e8e55-2b13-6768-986e-aa4c7a11459b\">\n<p style=\"text-align: center;\"><a href=\"http:\/\/arttra.com\/fr\/wandelingen\/\" rel=\"attachment wp-att-4883\"><img loading=\"lazy\" decoding=\"async\" class=\"aligncenter wp-image-4881 size-full\" src=\"http:\/\/www.arttra.com\/wp-content\/uploads\/2016\/07\/wand1.png\" width=\"140\" height=\"140\" \/><\/a><a href=\"http:\/\/arttra.com\/fr\/wandelingen\/\"><strong>Promenade \u00e0 pied\u00a0\u00e0 Amsterdam<\/strong><\/a><\/p>\n<\/div>\n<div class=\"csColumn\" style=\"margin: 0px; padding: 0px; float: left; width: 23%;\" data-csstartpoint=\"487.5\" data-csendpoint=\"708.75\" data-cswidth=\"23.0%\" data-csid=\"99cab06a-2f75-f0ef-9941-404a080007b9\">\n<p style=\"text-align: center;\"><a href=\"http:\/\/arttra.com\/fr\/boottochten\/\" rel=\"attachment wp-att-4882\"><img loading=\"lazy\" decoding=\"async\" class=\"aligncenter wp-image-7970 size-full\" src=\"http:\/\/www.arttra.com\/wp-content\/uploads\/2016\/07\/ccp.png\" width=\"140\" height=\"140\" \/><\/a><a href=\"http:\/\/arttra.com\/fr\/boottochten\/\"><strong>Tour en bateau \u00e0 Amsterdam<\/strong><\/a><\/p>\n<\/div>\n<div class=\"csColumn\" style=\"margin: 0px; padding: 0px; float: left; width: 23%;\" data-csstartpoint=\"723.75\" data-csendpoint=\"945\" data-cswidth=\"23.0%\" data-csid=\"31417276-7d82-da22-bdf1-7ad9162ba939\">\n<p style=\"text-align: center;\"><a href=\"http:\/\/arttra.com\/fr\/fietstochten\/\" rel=\"attachment wp-att-4881\"><img loading=\"lazy\" decoding=\"async\" class=\"aligncenter wp-image-4882 size-full\" src=\"http:\/\/www.arttra.com\/wp-content\/uploads\/2016\/07\/fie.png\" width=\"140\" height=\"140\" \/><\/a><a href=\"http:\/\/arttra.com\/fr\/fietstochten\/\"><strong>Promenade \u00e0 v\u00e9lo\u00a0\u00e0 Amsterdam<\/strong><\/a><\/p>\n<\/div>\n<div class=\"csColumnGap\" style=\"margin: 0px; padding: 0px; float: left; width: 1.56%;\"><img decoding=\"async\" style=\"border: none;\" src=\"http:\/\/arttra.com\/wp-content\/plugins\/advanced-wp-columns\/assets\/js\/plugins\/views\/img\/1x1-pixel.png\" \/><\/div>\n<div style=\"clear: both; float: none; display: block; visibility: hidden; width: 0px; font-size: 0px; line-height: 0;\"><\/div>\n<\/div>\n<p>&nbsp;<\/p>\n<p>&nbsp;<\/p>\n<p>&nbsp;<\/p>\n<p>&nbsp;[\/et_pb_text][\/et_pb_column][\/et_pb_row][\/et_pb_section]<\/p>\n","protected":false},"excerpt":{"rendered":"<p>Depuis 1985, ARTTRA propose des programmes culturels sur mesure aux entreprises, institutions et particuliers. Avec une organisation dynamique et un personnel qualifi\u00e9, ARTTRA se distingue par sa flexibilit\u00e9 et la qualit\u00e9 de ses services. Nous organisons des programmes sur meseure \u00e0 Amsterdam et les Pays-Bas. ARTTRA emploie des sp\u00e9cialistes de l\u2019histoire de l\u2019art et de [&hellip;]<\/p>\n","protected":false},"author":5,"featured_media":0,"parent":0,"menu_order":0,"comment_status":"closed","ping_status":"closed","template":"","meta":{"_et_pb_use_builder":"on","_et_pb_old_content":"","_et_gb_content_width":"","footnotes":""},"class_list":["post-6835","page","type-page","status-publish","hentry"],"yoast_head":"<!-- This site is optimized with the Yoast SEO plugin v24.4 - https:\/\/yoast.com\/wordpress\/plugins\/seo\/ -->\n<title>ARTTRA propose des programmes culturels sur mesure<\/title>\n<meta name=\"description\" content=\"Programmes culturels sur mesure aux entreprises, institutions et particuliers. ARTTRA distingue par sa flexibilit\u00e9 et la qualit\u00e9 de ses services.\" \/>\n<meta name=\"robots\" content=\"index, follow, max-snippet:-1, max-image-preview:large, max-video-preview:-1\" \/>\n<link rel=\"canonical\" href=\"https:\/\/arttra.com\/\" \/>\n<meta property=\"og:locale\" content=\"fr_FR\" \/>\n<meta property=\"og:type\" content=\"article\" \/>\n<meta property=\"og:title\" content=\"ARTTRA propose des programmes culturels sur mesure\" \/>\n<meta property=\"og:description\" content=\"Programmes culturels sur mesure aux entreprises, institutions et particuliers. ARTTRA distingue par sa flexibilit\u00e9 et la qualit\u00e9 de ses services.\" \/>\n<meta property=\"og:url\" content=\"https:\/\/arttra.com\/\" \/>\n<meta property=\"og:site_name\" content=\"www.arttra.com\" \/>\n<meta property=\"article:publisher\" content=\"https:\/\/www.facebook.com\/ARTTRA-cultureel-organisatiebureau-275685358514\" \/>\n<meta property=\"article:modified_time\" content=\"2021-03-01T15:32:08+00:00\" \/>\n<meta property=\"og:image\" content=\"http:\/\/arttra.com\/wp-content\/plugins\/advanced-wp-columns\/assets\/js\/plugins\/views\/img\/1x1-pixel.png\" \/>\n<meta name=\"twitter:card\" content=\"summary_large_image\" \/>\n<meta name=\"twitter:site\" content=\"@ARTTRA_NL\" \/>\n<meta name=\"twitter:label1\" content=\"Dur\u00e9e de lecture estim\u00e9e\" \/>\n\t<meta name=\"twitter:data1\" content=\"3 minutes\" \/>\n<script type=\"application\/ld+json\" class=\"yoast-schema-graph\">{\"@context\":\"https:\/\/schema.org\",\"@graph\":[{\"@type\":\"WebPage\",\"@id\":\"https:\/\/arttra.com\/\",\"url\":\"https:\/\/arttra.com\/\",\"name\":\"ARTTRA propose des programmes culturels sur mesure\",\"isPartOf\":{\"@id\":\"https:\/\/arttra.com\/#website\"},\"primaryImageOfPage\":{\"@id\":\"https:\/\/arttra.com\/#primaryimage\"},\"image\":{\"@id\":\"https:\/\/arttra.com\/#primaryimage\"},\"thumbnailUrl\":\"http:\/\/arttra.com\/wp-content\/plugins\/advanced-wp-columns\/assets\/js\/plugins\/views\/img\/1x1-pixel.png\",\"datePublished\":\"2016-07-05T09:28:58+00:00\",\"dateModified\":\"2021-03-01T15:32:08+00:00\",\"description\":\"Programmes culturels sur mesure aux entreprises, institutions et particuliers. ARTTRA distingue par sa flexibilit\u00e9 et la qualit\u00e9 de ses services.\",\"breadcrumb\":{\"@id\":\"https:\/\/arttra.com\/#breadcrumb\"},\"inLanguage\":\"fr-FR\",\"potentialAction\":[{\"@type\":\"ReadAction\",\"target\":[\"https:\/\/arttra.com\/\"]}]},{\"@type\":\"ImageObject\",\"inLanguage\":\"fr-FR\",\"@id\":\"https:\/\/arttra.com\/#primaryimage\",\"url\":\"http:\/\/arttra.com\/wp-content\/plugins\/advanced-wp-columns\/assets\/js\/plugins\/views\/img\/1x1-pixel.png\",\"contentUrl\":\"http:\/\/arttra.com\/wp-content\/plugins\/advanced-wp-columns\/assets\/js\/plugins\/views\/img\/1x1-pixel.png\"},{\"@type\":\"BreadcrumbList\",\"@id\":\"https:\/\/arttra.com\/#breadcrumb\",\"itemListElement\":[{\"@type\":\"ListItem\",\"position\":1,\"name\":\"Home\",\"item\":\"https:\/\/arttra.com\/\"},{\"@type\":\"ListItem\",\"position\":2,\"name\":\"Home\"}]},{\"@type\":\"WebSite\",\"@id\":\"https:\/\/arttra.com\/#website\",\"url\":\"https:\/\/arttra.com\/\",\"name\":\"www.arttra.com\",\"description\":\"ARTTRA cultureel organisatiebureau\",\"potentialAction\":[{\"@type\":\"SearchAction\",\"target\":{\"@type\":\"EntryPoint\",\"urlTemplate\":\"https:\/\/arttra.com\/?s={search_term_string}\"},\"query-input\":{\"@type\":\"PropertyValueSpecification\",\"valueRequired\":true,\"valueName\":\"search_term_string\"}}],\"inLanguage\":\"fr-FR\"}]}<\/script>\n<!-- \/ Yoast SEO plugin. -->","yoast_head_json":{"title":"ARTTRA propose des programmes culturels sur mesure","description":"Programmes culturels sur mesure aux entreprises, institutions et particuliers. ARTTRA distingue par sa flexibilit\u00e9 et la qualit\u00e9 de ses services.","robots":{"index":"index","follow":"follow","max-snippet":"max-snippet:-1","max-image-preview":"max-image-preview:large","max-video-preview":"max-video-preview:-1"},"canonical":"https:\/\/arttra.com\/","og_locale":"fr_FR","og_type":"article","og_title":"ARTTRA propose des programmes culturels sur mesure","og_description":"Programmes culturels sur mesure aux entreprises, institutions et particuliers. ARTTRA distingue par sa flexibilit\u00e9 et la qualit\u00e9 de ses services.","og_url":"https:\/\/arttra.com\/","og_site_name":"www.arttra.com","article_publisher":"https:\/\/www.facebook.com\/ARTTRA-cultureel-organisatiebureau-275685358514","article_modified_time":"2021-03-01T15:32:08+00:00","og_image":[{"url":"http:\/\/arttra.com\/wp-content\/plugins\/advanced-wp-columns\/assets\/js\/plugins\/views\/img\/1x1-pixel.png","type":"","width":"","height":""}],"twitter_card":"summary_large_image","twitter_site":"@ARTTRA_NL","twitter_misc":{"Dur\u00e9e de lecture estim\u00e9e":"3 minutes"},"schema":{"@context":"https:\/\/schema.org","@graph":[{"@type":"WebPage","@id":"https:\/\/arttra.com\/","url":"https:\/\/arttra.com\/","name":"ARTTRA propose des programmes culturels sur mesure","isPartOf":{"@id":"https:\/\/arttra.com\/#website"},"primaryImageOfPage":{"@id":"https:\/\/arttra.com\/#primaryimage"},"image":{"@id":"https:\/\/arttra.com\/#primaryimage"},"thumbnailUrl":"http:\/\/arttra.com\/wp-content\/plugins\/advanced-wp-columns\/assets\/js\/plugins\/views\/img\/1x1-pixel.png","datePublished":"2016-07-05T09:28:58+00:00","dateModified":"2021-03-01T15:32:08+00:00","description":"Programmes culturels sur mesure aux entreprises, institutions et particuliers. ARTTRA distingue par sa flexibilit\u00e9 et la qualit\u00e9 de ses services.","breadcrumb":{"@id":"https:\/\/arttra.com\/#breadcrumb"},"inLanguage":"fr-FR","potentialAction":[{"@type":"ReadAction","target":["https:\/\/arttra.com\/"]}]},{"@type":"ImageObject","inLanguage":"fr-FR","@id":"https:\/\/arttra.com\/#primaryimage","url":"http:\/\/arttra.com\/wp-content\/plugins\/advanced-wp-columns\/assets\/js\/plugins\/views\/img\/1x1-pixel.png","contentUrl":"http:\/\/arttra.com\/wp-content\/plugins\/advanced-wp-columns\/assets\/js\/plugins\/views\/img\/1x1-pixel.png"},{"@type":"BreadcrumbList","@id":"https:\/\/arttra.com\/#breadcrumb","itemListElement":[{"@type":"ListItem","position":1,"name":"Home","item":"https:\/\/arttra.com\/"},{"@type":"ListItem","position":2,"name":"Home"}]},{"@type":"WebSite","@id":"https:\/\/arttra.com\/#website","url":"https:\/\/arttra.com\/","name":"www.arttra.com","description":"ARTTRA cultureel organisatiebureau","potentialAction":[{"@type":"SearchAction","target":{"@type":"EntryPoint","urlTemplate":"https:\/\/arttra.com\/?s={search_term_string}"},"query-input":{"@type":"PropertyValueSpecification","valueRequired":true,"valueName":"search_term_string"}}],"inLanguage":"fr-FR"}]}},"_links":{"self":[{"href":"https:\/\/arttra.com\/fr\/wp-json\/wp\/v2\/pages\/6835","targetHints":{"allow":["GET"]}}],"collection":[{"href":"https:\/\/arttra.com\/fr\/wp-json\/wp\/v2\/pages"}],"about":[{"href":"https:\/\/arttra.com\/fr\/wp-json\/wp\/v2\/types\/page"}],"author":[{"embeddable":true,"href":"https:\/\/arttra.com\/fr\/wp-json\/wp\/v2\/users\/5"}],"replies":[{"embeddable":true,"href":"https:\/\/arttra.com\/fr\/wp-json\/wp\/v2\/comments?post=6835"}],"version-history":[{"count":5,"href":"https:\/\/arttra.com\/fr\/wp-json\/wp\/v2\/pages\/6835\/revisions"}],"predecessor-version":[{"id":25570,"href":"https:\/\/arttra.com\/fr\/wp-json\/wp\/v2\/pages\/6835\/revisions\/25570"}],"wp:attachment":[{"href":"https:\/\/arttra.com\/fr\/wp-json\/wp\/v2\/media?parent=6835"}],"curies":[{"name":"wp","href":"https:\/\/api.w.org\/{rel}","templated":true}]}}