{"id":7553,"date":"2016-07-26T17:16:44","date_gmt":"2016-07-26T15:16:44","guid":{"rendered":"http:\/\/www.arttra.info\/wordpress\/fr\/hidden-treasure-hunt\/"},"modified":"2016-11-20T10:33:20","modified_gmt":"2016-11-20T09:33:20","slug":"hidden-treasure-hunt","status":"publish","type":"page","link":"https:\/\/arttra.com\/fr\/hidden-treasure-hunt\/","title":{"rendered":"Hidden Treasure Hunt"},"content":{"rendered":"<p>[et_pb_section admin_label=\u00a0\u00bbsection\u00a0\u00bb][et_pb_row admin_label=\u00a0\u00bbrow\u00a0\u00bb][et_pb_column type=\u00a0\u00bb4_4&Prime;][et_pb_divider admin_label=\u00a0\u00bbVerdeler\u00a0\u00bb color=\u00a0\u00bb#000000&Prime; show_divider=\u00a0\u00bbon\u00a0\u00bb divider_style=\u00a0\u00bbsolid\u00a0\u00bb divider_position=\u00a0\u00bbtop\u00a0\u00bb hide_on_mobile=\u00a0\u00bbon\u00a0\u00bb] [\/et_pb_divider][\/et_pb_column][\/et_pb_row][et_pb_row admin_label=\u00a0\u00bbRij\u00a0\u00bb][et_pb_column type=\u00a0\u00bb1_4&Prime;][et_pb_image admin_label=\u00a0\u00bbAfbeelding\u00a0\u00bb src=\u00a0\u00bbhttp:\/\/www.arttra.com\/wp-content\/uploads\/2016\/05\/logo-e1465027457922.png\u00a0\u00bb show_in_lightbox=\u00a0\u00bboff\u00a0\u00bb url_new_window=\u00a0\u00bboff\u00a0\u00bb use_overlay=\u00a0\u00bboff\u00a0\u00bb animation=\u00a0\u00bbleft\u00a0\u00bb sticky=\u00a0\u00bboff\u00a0\u00bb align=\u00a0\u00bbcenter\u00a0\u00bb force_fullwidth=\u00a0\u00bboff\u00a0\u00bb always_center_on_mobile=\u00a0\u00bbon\u00a0\u00bb use_border_color=\u00a0\u00bboff\u00a0\u00bb border_color=\u00a0\u00bb#ffffff\u00a0\u00bb border_style=\u00a0\u00bbsolid\u00a0\u00bb saved_tabs=\u00a0\u00bball\u00a0\u00bb global_module=\u00a0\u00bb4741&Prime;] [\/et_pb_image][et_pb_image admin_label=\u00a0\u00bbAfbeelding\u00a0\u00bb src=\u00a0\u00bbhttp:\/\/www.arttra.com\/wp-content\/uploads\/2016\/06\/artlo.png\u00a0\u00bb show_in_lightbox=\u00a0\u00bboff\u00a0\u00bb url_new_window=\u00a0\u00bboff\u00a0\u00bb use_overlay=\u00a0\u00bboff\u00a0\u00bb animation=\u00a0\u00bbleft\u00a0\u00bb sticky=\u00a0\u00bboff\u00a0\u00bb align=\u00a0\u00bbleft\u00a0\u00bb force_fullwidth=\u00a0\u00bboff\u00a0\u00bb always_center_on_mobile=\u00a0\u00bbon\u00a0\u00bb use_border_color=\u00a0\u00bboff\u00a0\u00bb border_color=\u00a0\u00bb#ffffff\u00a0\u00bb border_style=\u00a0\u00bbsolid\u00a0\u00bb saved_tabs=\u00a0\u00bball\u00a0\u00bb global_module=\u00a0\u00bb4742&Prime;] [\/et_pb_image][\/et_pb_column][et_pb_column type=\u00a0\u00bb3_4&Prime;][et_pb_image admin_label=\u00a0\u00bbAfbeelding\u00a0\u00bb src=\u00a0\u00bbhttp:\/\/www.arttra.info\/wordpress\/wp-content\/uploads\/2016\/07\/hth1.jpg\u00a0\u00bb show_in_lightbox=\u00a0\u00bboff\u00a0\u00bb url_new_window=\u00a0\u00bboff\u00a0\u00bb use_overlay=\u00a0\u00bboff\u00a0\u00bb animation=\u00a0\u00bbleft\u00a0\u00bb sticky=\u00a0\u00bboff\u00a0\u00bb align=\u00a0\u00bbleft\u00a0\u00bb force_fullwidth=\u00a0\u00bboff\u00a0\u00bb always_center_on_mobile=\u00a0\u00bbon\u00a0\u00bb use_border_color=\u00a0\u00bboff\u00a0\u00bb border_color=\u00a0\u00bb#ffffff\u00a0\u00bb border_style=\u00a0\u00bbsolid\u00a0\u00bb] [\/et_pb_image][\/et_pb_column][\/et_pb_row][et_pb_row admin_label=\u00a0\u00bbRij\u00a0\u00bb][et_pb_column type=\u00a0\u00bb1_4&Prime;][et_pb_divider admin_label=\u00a0\u00bbVerdeler\u00a0\u00bb color=\u00a0\u00bb#000000&Prime; show_divider=\u00a0\u00bbon\u00a0\u00bb divider_style=\u00a0\u00bbsolid\u00a0\u00bb divider_position=\u00a0\u00bbtop\u00a0\u00bb hide_on_mobile=\u00a0\u00bbon\u00a0\u00bb] [\/et_pb_divider][et_pb_slider admin_label=\u00a0\u00bbSlider\u00a0\u00bb show_arrows=\u00a0\u00bboff\u00a0\u00bb show_pagination=\u00a0\u00bboff\u00a0\u00bb auto=\u00a0\u00bbon\u00a0\u00bb auto_ignore_hover=\u00a0\u00bboff\u00a0\u00bb parallax=\u00a0\u00bboff\u00a0\u00bb parallax_method=\u00a0\u00bboff\u00a0\u00bb remove_inner_shadow=\u00a0\u00bboff\u00a0\u00bb background_position=\u00a0\u00bbdefault\u00a0\u00bb background_size=\u00a0\u00bbdefault\u00a0\u00bb hide_content_on_mobile=\u00a0\u00bboff\u00a0\u00bb hide_cta_on_mobile=\u00a0\u00bboff\u00a0\u00bb show_image_video_mobile=\u00a0\u00bboff\u00a0\u00bb custom_button=\u00a0\u00bboff\u00a0\u00bb button_letter_spacing=\u00a0\u00bb0&Prime; button_use_icon=\u00a0\u00bbdefault\u00a0\u00bb button_icon_placement=\u00a0\u00bbright\u00a0\u00bb button_on_hover=\u00a0\u00bbon\u00a0\u00bb button_letter_spacing_hover=\u00a0\u00bb0&Prime;] [et_pb_slide background_image=\u00a0\u00bbhttp:\/\/www.arttra.info\/wordpress\/wp-content\/uploads\/2016\/07\/hth2.jpg\u00a0\u00bb background_position=\u00a0\u00bbdefault\u00a0\u00bb background_size=\u00a0\u00bbdefault\u00a0\u00bb background_color=\u00a0\u00bb#ffffff\u00a0\u00bb use_bg_overlay=\u00a0\u00bboff\u00a0\u00bb use_text_overlay=\u00a0\u00bboff\u00a0\u00bb alignment=\u00a0\u00bbcenter\u00a0\u00bb background_layout=\u00a0\u00bbdark\u00a0\u00bb allow_player_pause=\u00a0\u00bboff\u00a0\u00bb text_border_radius=\u00a0\u00bb3&Prime; header_font_select=\u00a0\u00bbdefault\u00a0\u00bb header_font=\u00a0\u00bb||||\u00a0\u00bb body_font_select=\u00a0\u00bbdefault\u00a0\u00bb body_font=\u00a0\u00bb||||\u00a0\u00bb custom_button=\u00a0\u00bboff\u00a0\u00bb button_font_select=\u00a0\u00bbdefault\u00a0\u00bb button_font=\u00a0\u00bb||||\u00a0\u00bb button_use_icon=\u00a0\u00bbdefault\u00a0\u00bb button_icon_placement=\u00a0\u00bbright\u00a0\u00bb button_on_hover=\u00a0\u00bbon\u00a0\u00bb] [\/et_pb_slide][et_pb_slide background_image=\u00a0\u00bbhttp:\/\/www.arttra.info\/wordpress\/wp-content\/uploads\/2016\/07\/hth3.jpg\u00a0\u00bb background_position=\u00a0\u00bbdefault\u00a0\u00bb background_size=\u00a0\u00bbdefault\u00a0\u00bb background_color=\u00a0\u00bb#ffffff\u00a0\u00bb use_bg_overlay=\u00a0\u00bboff\u00a0\u00bb use_text_overlay=\u00a0\u00bboff\u00a0\u00bb alignment=\u00a0\u00bbcenter\u00a0\u00bb background_layout=\u00a0\u00bbdark\u00a0\u00bb allow_player_pause=\u00a0\u00bboff\u00a0\u00bb text_border_radius=\u00a0\u00bb3&Prime; header_font_select=\u00a0\u00bbdefault\u00a0\u00bb header_font=\u00a0\u00bb||||\u00a0\u00bb body_font_select=\u00a0\u00bbdefault\u00a0\u00bb body_font=\u00a0\u00bb||||\u00a0\u00bb custom_button=\u00a0\u00bboff\u00a0\u00bb button_font_select=\u00a0\u00bbdefault\u00a0\u00bb button_font=\u00a0\u00bb||||\u00a0\u00bb button_use_icon=\u00a0\u00bbdefault\u00a0\u00bb button_icon_placement=\u00a0\u00bbright\u00a0\u00bb button_on_hover=\u00a0\u00bbon\u00a0\u00bb] [\/et_pb_slide][et_pb_slide background_image=\u00a0\u00bbhttp:\/\/www.arttra.info\/wordpress\/wp-content\/uploads\/2016\/07\/hth4.jpg\u00a0\u00bb background_position=\u00a0\u00bbdefault\u00a0\u00bb background_size=\u00a0\u00bbdefault\u00a0\u00bb background_color=\u00a0\u00bb#ffffff\u00a0\u00bb use_bg_overlay=\u00a0\u00bboff\u00a0\u00bb use_text_overlay=\u00a0\u00bboff\u00a0\u00bb alignment=\u00a0\u00bbcenter\u00a0\u00bb background_layout=\u00a0\u00bbdark\u00a0\u00bb allow_player_pause=\u00a0\u00bboff\u00a0\u00bb text_border_radius=\u00a0\u00bb3&Prime; header_font_select=\u00a0\u00bbdefault\u00a0\u00bb header_font=\u00a0\u00bb||||\u00a0\u00bb body_font_select=\u00a0\u00bbdefault\u00a0\u00bb body_font=\u00a0\u00bb||||\u00a0\u00bb custom_button=\u00a0\u00bboff\u00a0\u00bb button_font_select=\u00a0\u00bbdefault\u00a0\u00bb button_font=\u00a0\u00bb||||\u00a0\u00bb button_use_icon=\u00a0\u00bbdefault\u00a0\u00bb button_icon_placement=\u00a0\u00bbright\u00a0\u00bb button_on_hover=\u00a0\u00bbon\u00a0\u00bb] [\/et_pb_slide] [\/et_pb_slider][et_pb_text admin_label=\u00a0\u00bbText\u00a0\u00bb global_module=\u00a0\u00bb10357&Prime; saved_tabs=\u00a0\u00bball\u00a0\u00bb background_layout=\u00a0\u00bblight\u00a0\u00bb text_orientation=\u00a0\u00bbleft\u00a0\u00bb text_font_size=\u00a0\u00bb13&Prime; text_line_height=\u00a0\u00bb1.6em\u00a0\u00bb use_border_color=\u00a0\u00bboff\u00a0\u00bb border_color=\u00a0\u00bb#ffffff\u00a0\u00bb border_style=\u00a0\u00bbsolid\u00a0\u00bb]<\/p>\n<p><strong>Amsterdam, en bateau, \u00e0 pied ou \u00e0 v\u00e9lo\u2028<\/strong><br \/>\nDepuis 1988, ARTTRA organise \u00e0 Amsterdam des tours de ville autour d\u2019un th\u00e8me, en bateau, \u00e0 pied ou \u00e0 v\u00e9lo. Ils sont encadr\u00e9s par des historiens de l\u2019art et de l\u2019architecture.<\/p>\n<p><strong>Quand<\/strong><br \/>\nPossible \u00e0 toute heure \u00a0et \u00e0 toute date, au choix<\/p>\n<p><strong>Dur\u00e9e<\/strong><br \/>\n1 \u00e0 3 heures<\/p>\n<p><strong>Prix<\/strong><br \/>\n\u20ac 97,50 par heure\/guide<\/p>\n<p><strong>Groupe par guide<\/strong><br \/>\n20\u00a0personnes maximum<\/p>\n<p><strong>Langues<\/strong><br \/>\nN\u00e9erlandais, fran\u00e7ais, allemand, anglais, italien, espagnol, russe,<\/p>\n<p><strong>Suggestion<\/strong><br \/>\n\u00e0 combiner avec des tours guid\u00e9s de mus\u00e9e \u2013 avec le m\u00eame guide<\/p>\n<p>[\/et_pb_text][\/et_pb_column][et_pb_column type=\u00a0\u00bb1_2&Prime;][et_pb_blurb admin_label=\u00a0\u00bbBlurb\u00a0\u00bb saved_tabs=\u00a0\u00bball\u00a0\u00bb url_new_window=\u00a0\u00bboff\u00a0\u00bb use_icon=\u00a0\u00bboff\u00a0\u00bb icon_color=\u00a0\u00bb#7EBEC5&Prime; use_circle=\u00a0\u00bboff\u00a0\u00bb circle_color=\u00a0\u00bb#7EBEC5&Prime; use_circle_border=\u00a0\u00bboff\u00a0\u00bb circle_border_color=\u00a0\u00bb#7EBEC5&Prime; icon_placement=\u00a0\u00bbtop\u00a0\u00bb animation=\u00a0\u00bbtop\u00a0\u00bb background_layout=\u00a0\u00bbdark\u00a0\u00bb text_orientation=\u00a0\u00bbleft\u00a0\u00bb use_icon_font_size=\u00a0\u00bboff\u00a0\u00bb header_font_size=\u00a0\u00bb20&Prime; background_color=\u00a0\u00bb#ad8b38&Prime; use_border_color=\u00a0\u00bboff\u00a0\u00bb border_color=\u00a0\u00bb#ffffff\u00a0\u00bb border_style=\u00a0\u00bbsolid\u00a0\u00bb custom_padding=\u00a0\u00bb8px|5px|5px|8px\u00a0\u00bb custom_css_main_element=\u00a0\u00bb.width {|| min-width: auto;||}\u00a0\u00bb body_line_height=\u00a0\u00bb1.7000000000000002em\u00a0\u00bb]<\/p>\n<h2 style=\"text-align: center;\">Chasse au tr\u00e9sor cach\u00e9 dans la ville historique d\u2019Amsterdam<\/h2>\n<p>[\/et_pb_blurb][et_pb_text admin_label=\u00a0\u00bbTekst\u00a0\u00bb background_layout=\u00a0\u00bblight\u00a0\u00bb text_orientation=\u00a0\u00bbleft\u00a0\u00bb use_border_color=\u00a0\u00bboff\u00a0\u00bb border_color=\u00a0\u00bb#ffffff\u00a0\u00bb border_style=\u00a0\u00bbsolid\u00a0\u00bb text_line_height=\u00a0\u00bb1.7000000000000002em\u00a0\u00bb]<\/p>\n<div align=\"left\">\n<div align=\"left\"><\/div>\n<div align=\"left\">\n<div class=\"hoofdtekst\">\n<p><span class=\"hoofdtekst\">Une visite d\u00e9couverte \u00e0 travers Amsterdam\u00a0! Avec votre \u00e9quipe, vous traversez les si\u00e8cles. Architecture, histoire, actualit\u00e9\u00a0: tout est inclus\u00a0! Les participants sont accueillis en un lieu historique avec caf\u00e9 et friandises, puis sont r\u00e9partis en groupes. En unissant vos connaissances, vos capacit\u00e9s d\u2019analyse et votre inventivit\u00e9, vous vous lancez ensemble sur la piste du tr\u00e9sor. Vous traversez certains des endroits les plus beaux et fascinants d\u2019Amsterdam, avec une histoire surprenante.<\/span><\/p>\n<p>En suivant une jolie route, les diff\u00e9rents groupes se rejoignent finalement au m\u00eame endroit pour une remise des prix festive.<\/p>\n<p>Nous prenons volontiers en compte les demandes particuli\u00e8res li\u00e9es \u00e0 votre entreprise ou groupe.<\/p>\n<p>L\u2019usage de son t\u00e9l\u00e9phone portable est permis.<\/p>\n<\/div>\n<\/div>\n<\/div>\n<p>[\/et_pb_text][et_pb_divider admin_label=\u00a0\u00bbVerdeler\u00a0\u00bb global_module=\u00a0\u00bb4984&Prime; saved_tabs=\u00a0\u00bball\u00a0\u00bb color=\u00a0\u00bb#ad8b38&Prime; show_divider=\u00a0\u00bbon\u00a0\u00bb height=\u00a0\u00bb6px\u00a0\u00bb divider_style=\u00a0\u00bbsolid\u00a0\u00bb divider_position=\u00a0\u00bbcenter\u00a0\u00bb hide_on_mobile=\u00a0\u00bbon\u00a0\u00bb] [\/et_pb_divider][\/et_pb_column][et_pb_column type=\u00a0\u00bb1_4&Prime;][et_pb_text admin_label=\u00a0\u00bbText\u00a0\u00bb global_module=\u00a0\u00bb9590&Prime; saved_tabs=\u00a0\u00bball\u00a0\u00bb background_layout=\u00a0\u00bblight\u00a0\u00bb text_orientation=\u00a0\u00bbleft\u00a0\u00bb text_font_size=\u00a0\u00bb13&Prime; text_line_height=\u00a0\u00bb1.6em\u00a0\u00bb use_border_color=\u00a0\u00bboff\u00a0\u00bb border_color=\u00a0\u00bb#ffffff\u00a0\u00bb border_style=\u00a0\u00bbsolid\u00a0\u00bb]<\/p>\n<p><a href=\"https:\/\/www.facebook.com\/ARTTRA-cultureel-organisatiebureau-275685358514\/\" target=\"_blank\" rel=\"attachment wp-att-6509\"><img loading=\"lazy\" decoding=\"async\" class=\"size-full wp-image-6509 alignleft\" src=\"http:\/\/www.arttra.info\/wordpress\/wp-content\/uploads\/2016\/08\/fbo-e1472205236232.png\" alt=\"fbo\" width=\"40\" height=\"40\" \/><\/a>\u00a0\u00a0<a href=\"https:\/\/mobile.twitter.com\/ARTTRA_NL\" target=\"_blank\" rel=\"attachment wp-att-6510\"><img loading=\"lazy\" decoding=\"async\" class=\"size-full wp-image-6510 alignleft\" src=\"http:\/\/www.arttra.info\/wordpress\/wp-content\/uploads\/2016\/08\/twi-e1472205290463.png\" alt=\"twi\" width=\"40\" height=\"40\" \/><\/a><br \/>\n<a href=\"http:\/\/www.arttra.info\/wordpress\/arttra\/twi\/\" rel=\"attachment wp-att-6510\"><br \/>\n<\/a><\/p>\n<p><strong>ARTTRA<br \/>\nbureau d\u2019organisation culturelle<\/strong><br \/>\nTweede Boomdwarsstraat 4<br \/>\n1015 LK Amsterdam<br \/>\ntel +31 (0) 20 6259303<\/p>\n<p>Horaires d\u2019ouverture<br \/>\njours ouvrables<br \/>\n10:00 jusqu&rsquo;\u00e0 17:00<\/p>\n<p>Informations:<a href=\"mailto:info@arttra.nl\">\u00a0info@arttra.nl<\/a><\/p>\n<p>[\/et_pb_text][\/et_pb_column][\/et_pb_row][\/et_pb_section]<\/p>\n","protected":false},"excerpt":{"rendered":"<p>Amsterdam, en bateau, \u00e0 pied ou \u00e0 v\u00e9lo\u2028 Depuis 1988, ARTTRA organise \u00e0 Amsterdam des tours de ville autour d\u2019un th\u00e8me, en bateau, \u00e0 pied ou \u00e0 v\u00e9lo. Ils sont encadr\u00e9s par des historiens de l\u2019art et de l\u2019architecture. Quand Possible \u00e0 toute heure \u00a0et \u00e0 toute date, au choix Dur\u00e9e 1 \u00e0 3 heures [&hellip;]<\/p>\n","protected":false},"author":5,"featured_media":0,"parent":0,"menu_order":0,"comment_status":"closed","ping_status":"closed","template":"","meta":{"_et_pb_use_builder":"on","_et_pb_old_content":"","_et_gb_content_width":"","footnotes":""},"class_list":["post-7553","page","type-page","status-publish","hentry"],"yoast_head":"<!-- This site is optimized with the Yoast SEO plugin v24.4 - https:\/\/yoast.com\/wordpress\/plugins\/seo\/ -->\n<title>Chasse au tr\u00e9sor cach\u00e9<\/title>\n<meta name=\"robots\" content=\"index, follow, max-snippet:-1, max-image-preview:large, max-video-preview:-1\" \/>\n<link rel=\"canonical\" href=\"https:\/\/arttra.com\/hidden-treasure-hunt\/\" \/>\n<meta property=\"og:locale\" content=\"fr_FR\" \/>\n<meta property=\"og:type\" content=\"article\" \/>\n<meta property=\"og:title\" content=\"Chasse au tr\u00e9sor cach\u00e9\" \/>\n<meta property=\"og:description\" content=\"Amsterdam, en bateau, \u00e0 pied ou \u00e0 v\u00e9lo\u2028 Depuis 1988, ARTTRA organise \u00e0 Amsterdam des tours de ville autour d\u2019un th\u00e8me, en bateau, \u00e0 pied ou \u00e0 v\u00e9lo. Ils sont encadr\u00e9s par des historiens de l\u2019art et de l\u2019architecture. Quand Possible \u00e0 toute heure \u00a0et \u00e0 toute date, au choix Dur\u00e9e 1 \u00e0 3 heures [&hellip;]\" \/>\n<meta property=\"og:url\" content=\"https:\/\/arttra.com\/hidden-treasure-hunt\/\" \/>\n<meta property=\"og:site_name\" content=\"www.arttra.com\" \/>\n<meta property=\"article:publisher\" content=\"https:\/\/www.facebook.com\/ARTTRA-cultureel-organisatiebureau-275685358514\" \/>\n<meta property=\"article:modified_time\" content=\"2016-11-20T09:33:20+00:00\" \/>\n<meta property=\"og:image\" content=\"http:\/\/www.arttra.info\/wordpress\/wp-content\/uploads\/2016\/08\/fbo-e1472205236232.png\" \/>\n<meta name=\"twitter:card\" content=\"summary_large_image\" \/>\n<meta name=\"twitter:site\" content=\"@ARTTRA_NL\" \/>\n<meta name=\"twitter:label1\" content=\"Dur\u00e9e de lecture estim\u00e9e\" \/>\n\t<meta name=\"twitter:data1\" content=\"5 minutes\" \/>\n<script type=\"application\/ld+json\" class=\"yoast-schema-graph\">{\"@context\":\"https:\/\/schema.org\",\"@graph\":[{\"@type\":\"WebPage\",\"@id\":\"https:\/\/arttra.com\/hidden-treasure-hunt\/\",\"url\":\"https:\/\/arttra.com\/hidden-treasure-hunt\/\",\"name\":\"Chasse au tr\u00e9sor cach\u00e9\",\"isPartOf\":{\"@id\":\"https:\/\/arttra.com\/#website\"},\"primaryImageOfPage\":{\"@id\":\"https:\/\/arttra.com\/hidden-treasure-hunt\/#primaryimage\"},\"image\":{\"@id\":\"https:\/\/arttra.com\/hidden-treasure-hunt\/#primaryimage\"},\"thumbnailUrl\":\"http:\/\/www.arttra.info\/wordpress\/wp-content\/uploads\/2016\/08\/fbo-e1472205236232.png\",\"datePublished\":\"2016-07-26T15:16:44+00:00\",\"dateModified\":\"2016-11-20T09:33:20+00:00\",\"breadcrumb\":{\"@id\":\"https:\/\/arttra.com\/hidden-treasure-hunt\/#breadcrumb\"},\"inLanguage\":\"fr-FR\",\"potentialAction\":[{\"@type\":\"ReadAction\",\"target\":[\"https:\/\/arttra.com\/hidden-treasure-hunt\/\"]}]},{\"@type\":\"ImageObject\",\"inLanguage\":\"fr-FR\",\"@id\":\"https:\/\/arttra.com\/hidden-treasure-hunt\/#primaryimage\",\"url\":\"http:\/\/www.arttra.info\/wordpress\/wp-content\/uploads\/2016\/08\/fbo-e1472205236232.png\",\"contentUrl\":\"http:\/\/www.arttra.info\/wordpress\/wp-content\/uploads\/2016\/08\/fbo-e1472205236232.png\"},{\"@type\":\"BreadcrumbList\",\"@id\":\"https:\/\/arttra.com\/hidden-treasure-hunt\/#breadcrumb\",\"itemListElement\":[{\"@type\":\"ListItem\",\"position\":1,\"name\":\"Home\",\"item\":\"https:\/\/arttra.com\/\"},{\"@type\":\"ListItem\",\"position\":2,\"name\":\"Hidden Treasure Hunt\"}]},{\"@type\":\"WebSite\",\"@id\":\"https:\/\/arttra.com\/#website\",\"url\":\"https:\/\/arttra.com\/\",\"name\":\"www.arttra.com\",\"description\":\"ARTTRA cultureel organisatiebureau\",\"potentialAction\":[{\"@type\":\"SearchAction\",\"target\":{\"@type\":\"EntryPoint\",\"urlTemplate\":\"https:\/\/arttra.com\/?s={search_term_string}\"},\"query-input\":{\"@type\":\"PropertyValueSpecification\",\"valueRequired\":true,\"valueName\":\"search_term_string\"}}],\"inLanguage\":\"fr-FR\"}]}<\/script>\n<!-- \/ Yoast SEO plugin. -->","yoast_head_json":{"title":"Chasse au tr\u00e9sor cach\u00e9","robots":{"index":"index","follow":"follow","max-snippet":"max-snippet:-1","max-image-preview":"max-image-preview:large","max-video-preview":"max-video-preview:-1"},"canonical":"https:\/\/arttra.com\/hidden-treasure-hunt\/","og_locale":"fr_FR","og_type":"article","og_title":"Chasse au tr\u00e9sor cach\u00e9","og_description":"Amsterdam, en bateau, \u00e0 pied ou \u00e0 v\u00e9lo\u2028 Depuis 1988, ARTTRA organise \u00e0 Amsterdam des tours de ville autour d\u2019un th\u00e8me, en bateau, \u00e0 pied ou \u00e0 v\u00e9lo. Ils sont encadr\u00e9s par des historiens de l\u2019art et de l\u2019architecture. Quand Possible \u00e0 toute heure \u00a0et \u00e0 toute date, au choix Dur\u00e9e 1 \u00e0 3 heures [&hellip;]","og_url":"https:\/\/arttra.com\/hidden-treasure-hunt\/","og_site_name":"www.arttra.com","article_publisher":"https:\/\/www.facebook.com\/ARTTRA-cultureel-organisatiebureau-275685358514","article_modified_time":"2016-11-20T09:33:20+00:00","og_image":[{"url":"http:\/\/www.arttra.info\/wordpress\/wp-content\/uploads\/2016\/08\/fbo-e1472205236232.png","type":"","width":"","height":""}],"twitter_card":"summary_large_image","twitter_site":"@ARTTRA_NL","twitter_misc":{"Dur\u00e9e de lecture estim\u00e9e":"5 minutes"},"schema":{"@context":"https:\/\/schema.org","@graph":[{"@type":"WebPage","@id":"https:\/\/arttra.com\/hidden-treasure-hunt\/","url":"https:\/\/arttra.com\/hidden-treasure-hunt\/","name":"Chasse au tr\u00e9sor cach\u00e9","isPartOf":{"@id":"https:\/\/arttra.com\/#website"},"primaryImageOfPage":{"@id":"https:\/\/arttra.com\/hidden-treasure-hunt\/#primaryimage"},"image":{"@id":"https:\/\/arttra.com\/hidden-treasure-hunt\/#primaryimage"},"thumbnailUrl":"http:\/\/www.arttra.info\/wordpress\/wp-content\/uploads\/2016\/08\/fbo-e1472205236232.png","datePublished":"2016-07-26T15:16:44+00:00","dateModified":"2016-11-20T09:33:20+00:00","breadcrumb":{"@id":"https:\/\/arttra.com\/hidden-treasure-hunt\/#breadcrumb"},"inLanguage":"fr-FR","potentialAction":[{"@type":"ReadAction","target":["https:\/\/arttra.com\/hidden-treasure-hunt\/"]}]},{"@type":"ImageObject","inLanguage":"fr-FR","@id":"https:\/\/arttra.com\/hidden-treasure-hunt\/#primaryimage","url":"http:\/\/www.arttra.info\/wordpress\/wp-content\/uploads\/2016\/08\/fbo-e1472205236232.png","contentUrl":"http:\/\/www.arttra.info\/wordpress\/wp-content\/uploads\/2016\/08\/fbo-e1472205236232.png"},{"@type":"BreadcrumbList","@id":"https:\/\/arttra.com\/hidden-treasure-hunt\/#breadcrumb","itemListElement":[{"@type":"ListItem","position":1,"name":"Home","item":"https:\/\/arttra.com\/"},{"@type":"ListItem","position":2,"name":"Hidden Treasure Hunt"}]},{"@type":"WebSite","@id":"https:\/\/arttra.com\/#website","url":"https:\/\/arttra.com\/","name":"www.arttra.com","description":"ARTTRA cultureel organisatiebureau","potentialAction":[{"@type":"SearchAction","target":{"@type":"EntryPoint","urlTemplate":"https:\/\/arttra.com\/?s={search_term_string}"},"query-input":{"@type":"PropertyValueSpecification","valueRequired":true,"valueName":"search_term_string"}}],"inLanguage":"fr-FR"}]}},"_links":{"self":[{"href":"https:\/\/arttra.com\/fr\/wp-json\/wp\/v2\/pages\/7553","targetHints":{"allow":["GET"]}}],"collection":[{"href":"https:\/\/arttra.com\/fr\/wp-json\/wp\/v2\/pages"}],"about":[{"href":"https:\/\/arttra.com\/fr\/wp-json\/wp\/v2\/types\/page"}],"author":[{"embeddable":true,"href":"https:\/\/arttra.com\/fr\/wp-json\/wp\/v2\/users\/5"}],"replies":[{"embeddable":true,"href":"https:\/\/arttra.com\/fr\/wp-json\/wp\/v2\/comments?post=7553"}],"version-history":[{"count":0,"href":"https:\/\/arttra.com\/fr\/wp-json\/wp\/v2\/pages\/7553\/revisions"}],"wp:attachment":[{"href":"https:\/\/arttra.com\/fr\/wp-json\/wp\/v2\/media?parent=7553"}],"curies":[{"name":"wp","href":"https:\/\/api.w.org\/{rel}","templated":true}]}}