{"id":6819,"date":"2016-08-25T11:52:26","date_gmt":"2016-08-25T09:52:26","guid":{"rendered":"http:\/\/www.arttra.info\/wordpress\/it\/?page_id=6819"},"modified":"2021-11-19T18:15:15","modified_gmt":"2021-11-19T17:15:15","slug":"arttra","status":"publish","type":"page","link":"https:\/\/arttra.com\/it\/arttra\/","title":{"rendered":"ARTTRA"},"content":{"rendered":"<p>[et_pb_section fb_built=&#8221;1&#8243; admin_label=&#8221;section&#8221; _builder_version=&#8221;3.22&#8243; transparent_background=&#8221;off&#8221;][et_pb_row admin_label=&#8221;row&#8221; _builder_version=&#8221;3.25&#8243; background_size=&#8221;initial&#8221; background_position=&#8221;top_left&#8221; background_repeat=&#8221;repeat&#8221;][et_pb_column type=&#8221;4_4&#8243; _builder_version=&#8221;3.25&#8243; custom_padding=&#8221;|||&#8221; custom_padding__hover=&#8221;|||&#8221;][et_pb_divider color=&#8221;#000000&#8243; divider_weight=&#8221;1px&#8221; disabled_on=&#8221;on|on|off&#8221; admin_label=&#8221;Verdeler&#8221; _builder_version=&#8221;3.2&#8243; hide_on_mobile=&#8221;on&#8221;] [\/et_pb_divider][\/et_pb_column][\/et_pb_row][et_pb_row admin_label=&#8221;Rij&#8221; _builder_version=&#8221;3.25&#8243; background_size=&#8221;initial&#8221; background_position=&#8221;top_left&#8221; background_repeat=&#8221;repeat&#8221; column_structure=&#8221;1_4,3_4&#8243;][et_pb_column type=&#8221;1_4&#8243; _builder_version=&#8221;3.25&#8243; custom_padding=&#8221;|||&#8221; custom_padding__hover=&#8221;|||&#8221;][et_pb_image src=&#8221;https:\/\/arttra.com\/wp-content\/uploads\/2016\/05\/logo-e1465027457922.png&#8221; align=&#8221;center&#8221; align_tablet=&#8221;center&#8221; align_last_edited=&#8221;on|desktop&#8221; admin_label=&#8221;Afbeelding&#8221; _builder_version=&#8221;3.23&#8243; sticky=&#8221;off&#8221; use_border_color=&#8221;off&#8221; border_color=&#8221;#ffffff&#8221; border_style=&#8221;solid&#8221;] [\/et_pb_image][et_pb_image src=&#8221;https:\/\/arttra.com\/wp-content\/uploads\/2016\/06\/artlo.png&#8221; align_tablet=&#8221;center&#8221; align_last_edited=&#8221;on|desktop&#8221; admin_label=&#8221;Afbeelding&#8221; _builder_version=&#8221;3.23&#8243; sticky=&#8221;off&#8221; use_border_color=&#8221;off&#8221; border_color=&#8221;#ffffff&#8221; border_style=&#8221;solid&#8221;] [\/et_pb_image][\/et_pb_column][et_pb_column type=&#8221;3_4&#8243; _builder_version=&#8221;3.25&#8243; custom_padding=&#8221;|||&#8221; custom_padding__hover=&#8221;|||&#8221;][et_pb_image src=&#8221;https:\/\/arttra.com\/wp-content\/uploads\/2019\/11\/artbi1-4.jpg&#8221; align_tablet=&#8221;center&#8221; align_last_edited=&#8221;on|desktop&#8221; _builder_version=&#8221;3.23&#8243;][\/et_pb_image][\/et_pb_column][\/et_pb_row][et_pb_row admin_label=&#8221;Rij&#8221; _builder_version=&#8221;3.25&#8243; background_size=&#8221;initial&#8221; background_position=&#8221;top_left&#8221; background_repeat=&#8221;repeat&#8221; column_structure=&#8221;1_4,1_2,1_4&#8243;][et_pb_column type=&#8221;1_4&#8243; _builder_version=&#8221;3.25&#8243; custom_padding=&#8221;|||&#8221; custom_padding__hover=&#8221;|||&#8221;][et_pb_divider color=&#8221;#000000&#8243; divider_weight=&#8221;1px&#8221; disabled_on=&#8221;on|on|off&#8221; admin_label=&#8221;Verdeler&#8221; _builder_version=&#8221;3.2&#8243; hide_on_mobile=&#8221;on&#8221;] [\/et_pb_divider][et_pb_text admin_label=&#8221;Tekst&#8221; _builder_version=&#8221;3.27.4&#8243; background_size=&#8221;initial&#8221; background_position=&#8221;top_left&#8221; background_repeat=&#8221;repeat&#8221; use_border_color=&#8221;off&#8221; border_style=&#8221;solid&#8221;] <div class=\"frm_forms  with_frm_style frm_style_formidable-style\" id=\"frm_form_335_container\" data-token=\"975c0b6df5ffcf11f29dacf12ac23e96\">\n<form enctype=\"multipart\/form-data\" method=\"post\" class=\"frm-show-form \" id=\"form_gjyq54\" data-token=\"975c0b6df5ffcf11f29dacf12ac23e96\">\n<div class=\"frm_form_fields \">\n<fieldset>\n<legend class=\"frm_hidden\">nieuwsbrief aanvragen italiaans<\/legend>\r\n\r\n<div class=\"frm_fields_container\">\n<input type=\"hidden\" name=\"frm_action\" value=\"create\" \/>\n<input type=\"hidden\" name=\"form_id\" value=\"335\" \/>\n<input type=\"hidden\" name=\"frm_hide_fields_335\" id=\"frm_hide_fields_335\" value=\"\" \/>\n<input type=\"hidden\" name=\"form_key\" value=\"gjyq54\" \/>\n<input type=\"hidden\" name=\"item_meta[0]\" value=\"\" \/>\n<input type=\"hidden\" id=\"frm_submit_entry_335\" name=\"frm_submit_entry_335\" value=\"7fbcceccef\" \/><input type=\"hidden\" name=\"_wp_http_referer\" value=\"\/it\/wp-json\/wp\/v2\/pages\/6819\" \/><div id=\"frm_field_5005_container\" class=\"frm_form_field form-field  frm_required_field frm_top_container vertical_radio\">\r\n    <label  class=\"frm_primary_label\">Iscriviti ora alla newsletter gratuita! (Lingua inglese)\r\n        <span class=\"frm_required\"><\/span>\r\n    <\/label>\r\n    <div class=\"frm_opt_container\">\t\t<div class=\"frm_checkbox\" id=\"frm_checkbox_5005-0\">\t\t\t<label  for=\"field_blif44-0\">\n\t\t\t<input type=\"checkbox\" name=\"item_meta[5005][]\" id=\"field_blif44-0\" value=\"annunciare\"  data-reqmsg=\"Dit veld mag niet leeg zijn.\" data-invmsg=\"Iscriviti ora alla newsletter gratuita! (Lingua inglese) non \u00e8 valido\" aria-invalid=\"false\"   aria-required=\"true\"  \/> annunciare<\/label><\/div>\n<\/div>\r\n    \r\n    \r\n<\/div>\n<div id=\"frm_field_5006_container\" class=\"frm_form_field form-field  frm_required_field frm_top_container\">\r\n    <label for=\"field_8boxq4\" class=\"frm_primary_label\">nome\r\n        <span class=\"frm_required\">*<\/span>\r\n    <\/label>\r\n    <input type=\"text\" id=\"field_8boxq4\" name=\"item_meta[5006]\" value=\"\"  data-reqmsg=\"Dit veld mag niet leeg zijn.\" aria-required=\"true\" data-invmsg=\"nome non \u00e8 valido\" aria-invalid=\"false\"  \/>\r\n    \r\n    \r\n<\/div>\n<div id=\"frm_field_5007_container\" class=\"frm_form_field form-field  frm_required_field frm_top_container\">\r\n    <label for=\"field_5cfaa4\" class=\"frm_primary_label\">Indirizzo di posta elettronica\r\n        <span class=\"frm_required\">*<\/span>\r\n    <\/label>\r\n    <input type=\"email\" id=\"field_5cfaa4\" name=\"item_meta[5007]\" value=\"\"  data-reqmsg=\"Dit veld mag niet leeg zijn.\" aria-required=\"true\" data-invmsg=\"E-mailadres is ongeldig\" aria-invalid=\"false\"  \/>\r\n    \r\n    \r\n<\/div>\n\t<input type=\"hidden\" name=\"item_key\" value=\"\" \/>\n\t\t\t\t<div class=\"frm__65d9c45751049\">\n\t\t\t\t<label for=\"frm_email_335\" >\n\t\t\t\t\tSe sei un essere umano, lascia questo campo vuoto.\t\t\t\t<\/label>\n\t\t\t\t<input  id=\"frm_email_335\" type=\"text\" class=\"frm_verify\" name=\"frm__65d9c45751049\" value=\"\" autocomplete=\"off\"  \/>\n\t\t\t<\/div>\n\t\t<div class=\"frm_submit\">\r\n\r\n<input type=\"submit\" value=\"Verzenden\"  \/>\r\n<img decoding=\"async\" class=\"frm_ajax_loading\" src=\"https:\/\/arttra.com\/wp-content\/plugins\/formidable\/images\/ajax_loader.gif\" alt=\"Bezig met versturen\"\/>\r\n\r\n<\/div><\/div>\n<\/fieldset>\n<\/div>\n\n<\/form>\n<\/div>\n [\/et_pb_text][\/et_pb_column][et_pb_column type=&#8221;1_2&#8243; _builder_version=&#8221;3.25&#8243; custom_padding=&#8221;|||&#8221; custom_padding__hover=&#8221;|||&#8221;][et_pb_blurb admin_label=&#8221;Blurb&#8221; _builder_version=&#8221;3.0.87&#8243; background_color=&#8221;#ad8b38&#8243; background_size=&#8221;initial&#8221; background_position=&#8221;top_left&#8221; background_repeat=&#8221;repeat&#8221; background_layout=&#8221;dark&#8221; custom_margin=&#8221;5px|5px|5px|&#8221; custom_padding=&#8221;5px|5px||8px&#8221; use_border_color=&#8221;off&#8221; border_color=&#8221;#ffffff&#8221; border_width=&#8221;1px&#8221; border_style=&#8221;solid&#8221; saved_tabs=&#8221;all&#8221;]<\/p>\n<h1 style=\"text-align: center;\">ARTTRA<\/h1>\n<p>[\/et_pb_blurb][et_pb_divider show_divider=&#8221;off&#8221; disabled_on=&#8221;on|on|off&#8221; admin_label=&#8221;Verdeler&#8221; _builder_version=&#8221;3.2&#8243; hide_on_mobile=&#8221;on&#8221;] [\/et_pb_divider][et_pb_text admin_label=&#8221;Tekst&#8221; _builder_version=&#8221;3.27.4&#8243; background_size=&#8221;initial&#8221; background_position=&#8221;top_left&#8221; background_repeat=&#8221;repeat&#8221; use_border_color=&#8221;off&#8221; border_style=&#8221;solid&#8221;]<span class=\"hoofdtekst\"><strong>ARTTRA \u00e8 specializzata, fin dal 1991, in programmi culturali su misura per imprese, scuole e privati.<\/strong><\/span><\/p>\n<p><span class=\"style6\">ARTTRA \u00e8 nota per offrire la perfetta combinazione di qualit\u00e0, arte e cultura. Per la nostra organizzazione lavorano esclusivamente storici dell\u2019arte o altri specialisti del settore, sia a livello organizzativo sia pratico. Chi vuole offrire ad un ospite un programma culturale di alto livello sa di potersi rivolgere ad ARTTRA. Chi sceglie la cultura offre agli ospiti un\u2019incredibile esperienza personale.<\/span><\/p>\n<p>L\u2019accoglienza per un incontro d&#8217;affari, un ricevimento, una giornata dedicata all\u2019architettura per un circolo culturale, un workshop di pittura o un fine settimana a Barcellona \u2013 ARTTRA\u00a0si occupa di trovarvi un<span class=\"style9\">&#8216;<\/span><span class=\"style6\">idea interessante, e di realizzarla con accuratezza e impegno.\u00a0<\/span><\/p>\n<p><strong>In breve, i programmi culturali di ARTTRA:<\/strong><\/p>\n<ul>\n<li>sono organizzati in piccoli gruppi e curati da storici dell&#8217;arte o da altri specialisti del settore;<\/li>\n<li>sono offerti nelle seguenti lingue: Olandese, Inglese, Francese, Tedesco, Spagnolo, Italiano, Portoghese, Giapponese, Russo e Cinese;<\/li>\n<li>offrono visite a collezioni d&#8217;arte e in luoghi generalmente non aperti al pubblico;<\/li>\n<li>propongono cene e pranzi in luoghi straordinari;<\/li>\n<li>sono predisposti con trasporti in battello e\/o in taxi o luxury pullman;<\/li>\n<li>possono essere organizzati in ogni giorno della settimana.<\/li>\n<\/ul>\n<p>[\/et_pb_text][et_pb_divider color=&#8221;#ad8b38&#8243; divider_position=&#8221;center&#8221; divider_weight=&#8221;1px&#8221; disabled_on=&#8221;on|on|off&#8221; admin_label=&#8221;Verdeler&#8221; _builder_version=&#8221;3.2&#8243; height=&#8221;6px&#8221; hide_on_mobile=&#8221;on&#8221; saved_tabs=&#8221;all&#8221;] [\/et_pb_divider][et_pb_text admin_label=&#8221;Tekst&#8221; _builder_version=&#8221;3.27.4&#8243; background_size=&#8221;initial&#8221; background_position=&#8221;top_left&#8221; background_repeat=&#8221;repeat&#8221; use_border_color=&#8221;off&#8221; border_style=&#8221;solid&#8221;]<span class=\"klein\"><strong>ARTTRA\u00a0<\/strong><\/span><strong>clienti<\/strong><strong>:<\/strong><\/p>\n<p>ABNAMRO, Alcon, Akzo Nobel, American Express, AstraZeneca, ATPI, Bank ten Cate, Bonar Technical Fabrics, CAK, Cartier, Ciba Vision Benelux, Bols, Delta Lloyd, Dr\u00e4ger Safety Nederland, DSM, \u00a0EYE Filminstituut Nederland, FHV\/BBDO, Fluor, Fotovakschool, FrieslandCampina, Gemeente Amsterdam, Germerott Innenausbau, Givaudan, G-Star Raw, Heineken, Helvetia Versicherungen, Herm\u00e8s Benelux, Hotel de l&#8217;Europe, Houthoff Buruma, IDFA, ING Groep, Kempen &amp; Co, KLM, Koninklijke Marechaussee, KPMG, Linklaters, McCann, McKinsey &amp; Company, Microsoft, Moooi, De Nederlandsche Bank, Nyse Euronext, van Oord, Philips, Rabobank Nederland, Robeco, Rembrandthuis, Rijksmuseum, Shell, SimCorp, SMSMeer Group, Sportfondsen, Tata Steel, Tebodin, Unilever, Van Gogh Museum, Vescom, Vlisco, VGZ, molte ambasciate, comuni, ministeri, universit\u00e0, scuole e musei.<br \/>\n[\/et_pb_text][\/et_pb_column][et_pb_column type=&#8221;1_4&#8243; _builder_version=&#8221;3.25&#8243; custom_padding=&#8221;|||&#8221; custom_padding__hover=&#8221;|||&#8221;][et_pb_text admin_label=&#8221;Text&#8221; _builder_version=&#8221;4.1&#8243; text_font_size=&#8221;15&#8243; background_size=&#8221;initial&#8221; background_position=&#8221;top_left&#8221; background_repeat=&#8221;repeat&#8221; use_border_color=&#8221;off&#8221; border_color=&#8221;#ffffff&#8221; border_style=&#8221;solid&#8221; global_module=&#8221;8657&#8243; saved_tabs=&#8221;all&#8221;]<\/p>\n<p><a href=\"https:\/\/www.facebook.com\/ARTTRA-cultureel-organisatiebureau-275685358514\/\" target=\"_blank\" rel=\"attachment noopener wp-att-6509 noreferrer\"><img loading=\"lazy\" decoding=\"async\" class=\"size-full wp-image-6509 alignleft\" src=\"http:\/\/www.arttra.com\/wp-content\/uploads\/2016\/08\/fbo-e1472205236232.png\" alt=\"fbo\" width=\"40\" height=\"40\" \/>\u00a0\u00a0<\/a><a href=\"https:\/\/mobile.twitter.com\/ARTTRA_NL\" target=\"_blank\" rel=\"attachment noopener wp-att-6510 noreferrer\"><img loading=\"lazy\" decoding=\"async\" class=\"size-full wp-image-6510 alignleft\" src=\"http:\/\/www.arttra.com\/wp-content\/uploads\/2016\/08\/twi-e1472205290463.png\" alt=\"twi\" width=\"40\" height=\"40\" \/><\/a><\/p>\n<p>&nbsp;<\/p>\n<p><strong>ARTTRA<\/strong><\/p>\n<p> <strong>Ufficio organizzazione culturale<\/strong><\/p>\n<p> Tweede Boomdwarsstraat 4<\/p>\n<p> 1015 LK Amsterdam<\/p>\n<p> tel +31 (0) 20 6259303<\/p>\n<p>aperto giorni lavoratori<\/p>\n<p> da 10:00 a 17:00<\/p>\n<p>Per informazioni, accordi o domande sulle prenotazioni per favore anche mail <a href=\"mailto:info@arttra.nl\">info@arttra.com<\/a><\/p>\n<p>[\/et_pb_text][\/et_pb_column][\/et_pb_row][\/et_pb_section]<\/p>\n","protected":false},"excerpt":{"rendered":"<p><div class=\"frm_forms  with_frm_style frm_style_formidable-style\" id=\"frm_form_335_container\" data-token=\"975c0b6df5ffcf11f29dacf12ac23e96\" data-token=\"975c0b6df5ffcf11f29dacf12ac23e96\">\n<form enctype=\"multipart\/form-data\" method=\"post\" class=\"frm-show-form \" id=\"form_gjyq54\" data-token=\"975c0b6df5ffcf11f29dacf12ac23e96\" data-token=\"975c0b6df5ffcf11f29dacf12ac23e96\">\n<div class=\"frm_form_fields \">\n<fieldset>\n<legend class=\"frm_hidden\">nieuwsbrief aanvragen italiaans<\/legend>\r\n\r\n<div class=\"frm_fields_container\">\n<input type=\"hidden\" name=\"frm_action\" value=\"create\" \/>\n<input type=\"hidden\" name=\"form_id\" value=\"335\" \/>\n<input type=\"hidden\" name=\"frm_hide_fields_335\" id=\"frm_hide_fields_335\" value=\"\" \/>\n<input type=\"hidden\" name=\"form_key\" value=\"gjyq54\" \/>\n<input type=\"hidden\" name=\"item_meta[0]\" value=\"\" \/>\n<input type=\"hidden\" id=\"frm_submit_entry_335\" name=\"frm_submit_entry_335\" value=\"7fbcceccef\" \/><input type=\"hidden\" name=\"_wp_http_referer\" value=\"\/it\/wp-json\/wp\/v2\/pages\/6819\" \/><div id=\"frm_field_5005_container\" class=\"frm_form_field form-field  frm_required_field frm_top_container vertical_radio\">\r\n    <label  class=\"frm_primary_label\">Iscriviti ora alla newsletter gratuita! (Lingua inglese)\r\n        <span class=\"frm_required\"><\/span>\r\n    <\/label>\r\n    <div class=\"frm_opt_container\">\t\t<div class=\"frm_checkbox\" id=\"frm_checkbox_5005-0\">\t\t\t<label  for=\"field_blif44-0\">\n\t\t\t<input type=\"checkbox\" name=\"item_meta[5005][]\" id=\"field_blif44-0\" value=\"annunciare\"  data-reqmsg=\"Dit veld mag niet leeg zijn.\" data-invmsg=\"Iscriviti ora alla newsletter gratuita! (Lingua inglese) non \u00e8 valido\" aria-invalid=\"false\"   aria-required=\"true\"  \/> annunciare<\/label><\/div>\n<\/div>\r\n    \r\n    \r\n<\/div>\n<div id=\"frm_field_5006_container\" class=\"frm_form_field form-field  frm_required_field frm_top_container\">\r\n    <label for=\"field_8boxq4\" class=\"frm_primary_label\">nome\r\n        <span class=\"frm_required\">*<\/span>\r\n    <\/label>\r\n    <input type=\"text\" id=\"field_8boxq4\" name=\"item_meta[5006]\" value=\"\"  data-reqmsg=\"Dit veld mag niet leeg zijn.\" aria-required=\"true\" data-invmsg=\"nome non \u00e8 valido\" aria-invalid=\"false\"  \/>\r\n    \r\n    \r\n<\/div>\n<div id=\"frm_field_5007_container\" class=\"frm_form_field form-field  frm_required_field frm_top_container\">\r\n    <label for=\"field_5cfaa4\" class=\"frm_primary_label\">Indirizzo di posta elettronica\r\n        <span class=\"frm_required\">*<\/span>\r\n    <\/label>\r\n    <input type=\"email\" id=\"field_5cfaa4\" name=\"item_meta[5007]\" value=\"\"  data-reqmsg=\"Dit veld mag niet leeg zijn.\" aria-required=\"true\" data-invmsg=\"E-mailadres is ongeldig\" aria-invalid=\"false\"  \/>\r\n    \r\n    \r\n<\/div>\n\t<input type=\"hidden\" name=\"item_key\" value=\"\" \/>\n\t\t\t\t<div class=\"frm__65d9c45751049\">\n\t\t\t\t<label for=\"frm_email_335\" >\n\t\t\t\t\tSe sei un essere umano, lascia questo campo vuoto.\t\t\t\t<\/label>\n\t\t\t\t<input  id=\"frm_email_335\" type=\"text\" class=\"frm_verify\" name=\"frm__65d9c45751049\" value=\"\" autocomplete=\"off\"  \/>\n\t\t\t<\/div>\n\t\t<div class=\"frm_submit\">\r\n\r\n<input type=\"submit\" value=\"Verzenden\"  \/>\r\n<img decoding=\"async\" class=\"frm_ajax_loading\" src=\"https:\/\/arttra.com\/wp-content\/plugins\/formidable\/images\/ajax_loader.gif\" alt=\"Bezig met versturen\"\/>\r\n\r\n<\/div><\/div>\n<\/fieldset>\n<\/div>\n\n<\/form>\n<\/div>\n ARTTRA ARTTRA \u00e8 specializzata, fin dal 1991, in programmi culturali su misura per imprese, scuole e privati. ARTTRA \u00e8 nota per offrire la perfetta combinazione di qualit\u00e0, arte e cultura. Per la nostra organizzazione lavorano esclusivamente storici dell\u2019arte o altri specialisti del settore, sia a livello organizzativo sia pratico. Chi vuole offrire ad [&hellip;]<\/p>\n","protected":false},"author":5,"featured_media":0,"parent":0,"menu_order":0,"comment_status":"closed","ping_status":"closed","template":"","meta":{"_et_pb_use_builder":"on","_et_pb_old_content":"","_et_gb_content_width":"","footnotes":""},"class_list":["post-6819","page","type-page","status-publish","hentry"],"yoast_head":"<!-- This site is optimized with the Yoast SEO plugin v24.4 - https:\/\/yoast.com\/wordpress\/plugins\/seo\/ -->\n<title>Agenzia cultura ARTTRA<\/title>\n<meta name=\"robots\" content=\"index, follow, max-snippet:-1, max-image-preview:large, max-video-preview:-1\" \/>\n<link rel=\"canonical\" href=\"https:\/\/arttra.com\/arttra\/\" \/>\n<meta property=\"og:locale\" content=\"it_IT\" \/>\n<meta property=\"og:type\" content=\"article\" \/>\n<meta property=\"og:title\" content=\"Agenzia cultura ARTTRA\" \/>\n<meta property=\"og:description\" content=\"ARTTRA ARTTRA \u00e8 specializzata, fin dal 1991, in programmi culturali su misura per imprese, scuole e privati. ARTTRA \u00e8 nota per offrire la perfetta combinazione di qualit\u00e0, arte e cultura. Per la nostra organizzazione lavorano esclusivamente storici dell\u2019arte o altri specialisti del settore, sia a livello organizzativo sia pratico. Chi vuole offrire ad [&hellip;]\" \/>\n<meta property=\"og:url\" content=\"https:\/\/arttra.com\/arttra\/\" \/>\n<meta property=\"og:site_name\" content=\"www.arttra.com\" \/>\n<meta property=\"article:publisher\" content=\"https:\/\/www.facebook.com\/ARTTRA-cultureel-organisatiebureau-275685358514\" \/>\n<meta property=\"article:modified_time\" content=\"2021-11-19T17:15:15+00:00\" \/>\n<meta property=\"og:image\" content=\"http:\/\/www.arttra.com\/wp-content\/uploads\/2016\/08\/fbo-e1472205236232.png\" \/>\n<meta name=\"twitter:card\" content=\"summary_large_image\" \/>\n<meta name=\"twitter:site\" content=\"@ARTTRA_NL\" \/>\n<meta name=\"twitter:label1\" content=\"Tempo di lettura stimato\" \/>\n\t<meta name=\"twitter:data1\" content=\"4 minuti\" \/>\n<script type=\"application\/ld+json\" class=\"yoast-schema-graph\">{\"@context\":\"https:\/\/schema.org\",\"@graph\":[{\"@type\":\"WebPage\",\"@id\":\"https:\/\/arttra.com\/arttra\/\",\"url\":\"https:\/\/arttra.com\/arttra\/\",\"name\":\"Agenzia cultura ARTTRA\",\"isPartOf\":{\"@id\":\"https:\/\/arttra.com\/#website\"},\"primaryImageOfPage\":{\"@id\":\"https:\/\/arttra.com\/arttra\/#primaryimage\"},\"image\":{\"@id\":\"https:\/\/arttra.com\/arttra\/#primaryimage\"},\"thumbnailUrl\":\"http:\/\/www.arttra.com\/wp-content\/uploads\/2016\/08\/fbo-e1472205236232.png\",\"datePublished\":\"2016-08-25T09:52:26+00:00\",\"dateModified\":\"2021-11-19T17:15:15+00:00\",\"breadcrumb\":{\"@id\":\"https:\/\/arttra.com\/arttra\/#breadcrumb\"},\"inLanguage\":\"it-IT\",\"potentialAction\":[{\"@type\":\"ReadAction\",\"target\":[\"https:\/\/arttra.com\/arttra\/\"]}]},{\"@type\":\"ImageObject\",\"inLanguage\":\"it-IT\",\"@id\":\"https:\/\/arttra.com\/arttra\/#primaryimage\",\"url\":\"http:\/\/www.arttra.com\/wp-content\/uploads\/2016\/08\/fbo-e1472205236232.png\",\"contentUrl\":\"http:\/\/www.arttra.com\/wp-content\/uploads\/2016\/08\/fbo-e1472205236232.png\"},{\"@type\":\"BreadcrumbList\",\"@id\":\"https:\/\/arttra.com\/arttra\/#breadcrumb\",\"itemListElement\":[{\"@type\":\"ListItem\",\"position\":1,\"name\":\"Home\",\"item\":\"https:\/\/arttra.com\/it\/\"},{\"@type\":\"ListItem\",\"position\":2,\"name\":\"ARTTRA\"}]},{\"@type\":\"WebSite\",\"@id\":\"https:\/\/arttra.com\/#website\",\"url\":\"https:\/\/arttra.com\/\",\"name\":\"www.arttra.com\",\"description\":\"ARTTRA cultureel organisatiebureau\",\"potentialAction\":[{\"@type\":\"SearchAction\",\"target\":{\"@type\":\"EntryPoint\",\"urlTemplate\":\"https:\/\/arttra.com\/?s={search_term_string}\"},\"query-input\":{\"@type\":\"PropertyValueSpecification\",\"valueRequired\":true,\"valueName\":\"search_term_string\"}}],\"inLanguage\":\"it-IT\"}]}<\/script>\n<!-- \/ Yoast SEO plugin. -->","yoast_head_json":{"title":"Agenzia cultura ARTTRA","robots":{"index":"index","follow":"follow","max-snippet":"max-snippet:-1","max-image-preview":"max-image-preview:large","max-video-preview":"max-video-preview:-1"},"canonical":"https:\/\/arttra.com\/arttra\/","og_locale":"it_IT","og_type":"article","og_title":"Agenzia cultura ARTTRA","og_description":"ARTTRA ARTTRA \u00e8 specializzata, fin dal 1991, in programmi culturali su misura per imprese, scuole e privati. ARTTRA \u00e8 nota per offrire la perfetta combinazione di qualit\u00e0, arte e cultura. Per la nostra organizzazione lavorano esclusivamente storici dell\u2019arte o altri specialisti del settore, sia a livello organizzativo sia pratico. Chi vuole offrire ad [&hellip;]","og_url":"https:\/\/arttra.com\/arttra\/","og_site_name":"www.arttra.com","article_publisher":"https:\/\/www.facebook.com\/ARTTRA-cultureel-organisatiebureau-275685358514","article_modified_time":"2021-11-19T17:15:15+00:00","og_image":[{"url":"http:\/\/www.arttra.com\/wp-content\/uploads\/2016\/08\/fbo-e1472205236232.png","type":"","width":"","height":""}],"twitter_card":"summary_large_image","twitter_site":"@ARTTRA_NL","twitter_misc":{"Tempo di lettura stimato":"4 minuti"},"schema":{"@context":"https:\/\/schema.org","@graph":[{"@type":"WebPage","@id":"https:\/\/arttra.com\/arttra\/","url":"https:\/\/arttra.com\/arttra\/","name":"Agenzia cultura ARTTRA","isPartOf":{"@id":"https:\/\/arttra.com\/#website"},"primaryImageOfPage":{"@id":"https:\/\/arttra.com\/arttra\/#primaryimage"},"image":{"@id":"https:\/\/arttra.com\/arttra\/#primaryimage"},"thumbnailUrl":"http:\/\/www.arttra.com\/wp-content\/uploads\/2016\/08\/fbo-e1472205236232.png","datePublished":"2016-08-25T09:52:26+00:00","dateModified":"2021-11-19T17:15:15+00:00","breadcrumb":{"@id":"https:\/\/arttra.com\/arttra\/#breadcrumb"},"inLanguage":"it-IT","potentialAction":[{"@type":"ReadAction","target":["https:\/\/arttra.com\/arttra\/"]}]},{"@type":"ImageObject","inLanguage":"it-IT","@id":"https:\/\/arttra.com\/arttra\/#primaryimage","url":"http:\/\/www.arttra.com\/wp-content\/uploads\/2016\/08\/fbo-e1472205236232.png","contentUrl":"http:\/\/www.arttra.com\/wp-content\/uploads\/2016\/08\/fbo-e1472205236232.png"},{"@type":"BreadcrumbList","@id":"https:\/\/arttra.com\/arttra\/#breadcrumb","itemListElement":[{"@type":"ListItem","position":1,"name":"Home","item":"https:\/\/arttra.com\/it\/"},{"@type":"ListItem","position":2,"name":"ARTTRA"}]},{"@type":"WebSite","@id":"https:\/\/arttra.com\/#website","url":"https:\/\/arttra.com\/","name":"www.arttra.com","description":"ARTTRA cultureel organisatiebureau","potentialAction":[{"@type":"SearchAction","target":{"@type":"EntryPoint","urlTemplate":"https:\/\/arttra.com\/?s={search_term_string}"},"query-input":{"@type":"PropertyValueSpecification","valueRequired":true,"valueName":"search_term_string"}}],"inLanguage":"it-IT"}]}},"_links":{"self":[{"href":"https:\/\/arttra.com\/it\/wp-json\/wp\/v2\/pages\/6819","targetHints":{"allow":["GET"]}}],"collection":[{"href":"https:\/\/arttra.com\/it\/wp-json\/wp\/v2\/pages"}],"about":[{"href":"https:\/\/arttra.com\/it\/wp-json\/wp\/v2\/types\/page"}],"author":[{"embeddable":true,"href":"https:\/\/arttra.com\/it\/wp-json\/wp\/v2\/users\/5"}],"replies":[{"embeddable":true,"href":"https:\/\/arttra.com\/it\/wp-json\/wp\/v2\/comments?post=6819"}],"version-history":[{"count":4,"href":"https:\/\/arttra.com\/it\/wp-json\/wp\/v2\/pages\/6819\/revisions"}],"predecessor-version":[{"id":25990,"href":"https:\/\/arttra.com\/it\/wp-json\/wp\/v2\/pages\/6819\/revisions\/25990"}],"wp:attachment":[{"href":"https:\/\/arttra.com\/it\/wp-json\/wp\/v2\/media?parent=6819"}],"curies":[{"name":"wp","href":"https:\/\/api.w.org\/{rel}","templated":true}]}}